{"id":17984,"date":"2025-06-20T19:26:47","date_gmt":"2025-06-20T23:26:47","guid":{"rendered":"https:\/\/www.multicasa.com.br\/inicio\/?post_type=product&#038;p=17984"},"modified":"2025-08-17T19:18:01","modified_gmt":"2025-08-17T23:18:01","slug":"capa-de-plastico-para-vestido-plast-leo","status":"publish","type":"product","link":"https:\/\/www.multicasa.com.br\/inicio\/produto\/capa-de-plastico-para-vestido-plast-leo\/","title":{"rendered":"Capa de Pl\u00e1stico para Vestido Plast Leo"},"content":{"rendered":"<p>Pensando em facilitar sua rotina e manter suas vestimentas alinhadas, a Plast Leo criou a Capa para Vestido. Feita de pl\u00e1stico, pode ser usada tamb\u00e9m para guardar sobretudos, vestidos de festas e outras pe\u00e7as mais longas. Medindo 120x58cm, \u00e9 f\u00e1cil de limpar, mas n\u00e3o deve ser passada ou higienizada com produtos qu\u00edmicos. Vista suas roupas quando e onde quiser sempre bem passadas.<\/p>\n","protected":false},"excerpt":{"rendered":"<h4 style=\"margin: 0px;padding: 0px 0px 16px;font-family: Lato, sans-serif;font-weight: bold;line-height: 3rem;color: var(--dark-grey3);font-size: 22px;font-style: normal;letter-spacing: normal;text-align: start;text-indent: 0px;text-transform: none\">Informa\u00e7\u00f5es t\u00e9cnicas<\/h4>\n<p><span style=\"margin: 0px;padding: 0px;font-weight: 450;font-size: 14px;line-height: 21px;color: var(--dark-grey2);font-family: Lato, sans-serif;font-style: normal;letter-spacing: normal;text-align: start;text-indent: 0px;text-transform: none\">Produto: Capa para Vestido<br \/>\nMarca: Plast Leo<br \/>\nMaterial: Pl\u00e1stico PVC<br \/>\nCaracter\u00edsticas: Possui z\u00edper<br \/>\nDicas de uso e preserva\u00e7\u00e3o: N\u00e3o passar e n\u00e3o utilizar produtos qu\u00edmicos<br \/>\nItens Inclusos: 1 Capa para vestido<br \/>\nDimens\u00f5es do produto (A X L): 120 x 58cm<br \/>\n<\/span><\/p>\n","protected":false},"featured_media":24888,"template":"","meta":{"_joinchat":[]},"product_brand":[],"product_cat":[153],"product_tag":[],"class_list":{"0":"post-17984","1":"product","2":"type-product","3":"status-publish","4":"has-post-thumbnail","6":"product_cat-eletronica-e-cia","8":"first","9":"outofstock","10":"shipping-taxable","11":"purchasable","12":"product-type-simple"},"_links":{"self":[{"href":"https:\/\/www.multicasa.com.br\/inicio\/wp-json\/wp\/v2\/product\/17984","targetHints":{"allow":["GET"]}}],"collection":[{"href":"https:\/\/www.multicasa.com.br\/inicio\/wp-json\/wp\/v2\/product"}],"about":[{"href":"https:\/\/www.multicasa.com.br\/inicio\/wp-json\/wp\/v2\/types\/product"}],"wp:featuredmedia":[{"embeddable":true,"href":"https:\/\/www.multicasa.com.br\/inicio\/wp-json\/wp\/v2\/media\/24888"}],"wp:attachment":[{"href":"https:\/\/www.multicasa.com.br\/inicio\/wp-json\/wp\/v2\/media?parent=17984"}],"wp:term":[{"taxonomy":"product_brand","embeddable":true,"href":"https:\/\/www.multicasa.com.br\/inicio\/wp-json\/wp\/v2\/product_brand?post=17984"},{"taxonomy":"product_cat","embeddable":true,"href":"https:\/\/www.multicasa.com.br\/inicio\/wp-json\/wp\/v2\/product_cat?post=17984"},{"taxonomy":"product_tag","embeddable":true,"href":"https:\/\/www.multicasa.com.br\/inicio\/wp-json\/wp\/v2\/product_tag?post=17984"}],"curies":[{"name":"wp","href":"https:\/\/api.w.org\/{rel}","templated":true}]}}