{"id":18045,"date":"2025-06-20T19:27:34","date_gmt":"2025-06-20T23:27:34","guid":{"rendered":"https:\/\/www.multicasa.com.br\/inicio\/?post_type=product&#038;p=18045"},"modified":"2025-08-18T02:34:24","modified_gmt":"2025-08-18T06:34:24","slug":"canivete-multifun-c-15-fun-ingco","status":"publish","type":"product","link":"https:\/\/www.multicasa.com.br\/inicio\/produto\/canivete-multifun-c-15-fun-ingco\/","title":{"rendered":"CANIVETE MULTIFUN. C\/15 FUN INGCO"},"content":{"rendered":"<p>1.L\u00e2mina grande<br \/>\n2. Abridor de latas<br \/>\n3. Chave Phillips<br \/>\n4.Furador de couro<br \/>\n5.Abridor de garrafas<br \/>\n6.Tesoura<br \/>\n7.Agulha<br \/>\n8.Chave de Fenda<br \/>\n9. Raspador de Peixe<br \/>\n10.Limpador de<br \/>\nGancho<br \/>\n11.Serra<br \/>\n12.Saca-rolhas<br \/>\n13.Limpador de Unha<br \/>\n14.Lixa de Unha<br \/>\n15.Chaveiro<\/p>\n","protected":false},"excerpt":{"rendered":"<h4 style=\"margin: 0px;padding: 0px 0px 16px;font-family: Lato, sans-serif;font-weight: bold;line-height: 3rem;color: var(--dark-grey3);font-size: 22px;font-style: normal;letter-spacing: normal;text-align: start;text-indent: 0px;text-transform: none\">Informa\u00e7\u00f5es t\u00e9cnicas<\/h4>\n<p><span style=\"margin: 0px;padding: 0px;font-weight: 450;font-size: 14px;line-height: 21px;color: var(--dark-grey2);font-family: Lato, sans-serif;font-style: normal;letter-spacing: normal;text-align: start;text-indent: 0px;text-transform: none\">\u0095 Empunhadura<br \/>\nResistente em<br \/>\nAluminio<br \/>\n\u0095 Tamanho: 9,5 cm<\/span><\/p>\n","protected":false},"featured_media":24882,"template":"","meta":{"_joinchat":[]},"product_brand":[],"product_cat":[136],"product_tag":[],"class_list":{"0":"post-18045","1":"product","2":"type-product","3":"status-publish","4":"has-post-thumbnail","6":"product_cat-lazer","8":"first","9":"instock","10":"shipping-taxable","11":"purchasable","12":"product-type-simple"},"_links":{"self":[{"href":"https:\/\/www.multicasa.com.br\/inicio\/wp-json\/wp\/v2\/product\/18045","targetHints":{"allow":["GET"]}}],"collection":[{"href":"https:\/\/www.multicasa.com.br\/inicio\/wp-json\/wp\/v2\/product"}],"about":[{"href":"https:\/\/www.multicasa.com.br\/inicio\/wp-json\/wp\/v2\/types\/product"}],"wp:featuredmedia":[{"embeddable":true,"href":"https:\/\/www.multicasa.com.br\/inicio\/wp-json\/wp\/v2\/media\/24882"}],"wp:attachment":[{"href":"https:\/\/www.multicasa.com.br\/inicio\/wp-json\/wp\/v2\/media?parent=18045"}],"wp:term":[{"taxonomy":"product_brand","embeddable":true,"href":"https:\/\/www.multicasa.com.br\/inicio\/wp-json\/wp\/v2\/product_brand?post=18045"},{"taxonomy":"product_cat","embeddable":true,"href":"https:\/\/www.multicasa.com.br\/inicio\/wp-json\/wp\/v2\/product_cat?post=18045"},{"taxonomy":"product_tag","embeddable":true,"href":"https:\/\/www.multicasa.com.br\/inicio\/wp-json\/wp\/v2\/product_tag?post=18045"}],"curies":[{"name":"wp","href":"https:\/\/api.w.org\/{rel}","templated":true}]}}