{"id":18057,"date":"2025-06-20T19:27:36","date_gmt":"2025-06-20T23:27:36","guid":{"rendered":"https:\/\/www.multicasa.com.br\/inicio\/?post_type=product&#038;p=18057"},"modified":"2026-04-09T16:30:35","modified_gmt":"2026-04-09T20:30:35","slug":"kit-chaves-intercambiaveis-9pc-ingco","status":"publish","type":"product","link":"https:\/\/www.multicasa.com.br\/inicio\/produto\/kit-chaves-intercambiaveis-9pc-ingco\/","title":{"rendered":"KIT CHAVES INTERCAMBIAVEIS 9PC INGCO"},"content":{"rendered":"<p>JOGO DE CHAVES INTERCAMBI\u00c1VEIS INGCO COM 9 PE\u00c7AS.<\/p>\n","protected":false},"excerpt":{"rendered":"<h4 style=\"margin: 0px;padding: 0px 0px 16px;font-family: Lato, sans-serif;font-weight: bold;line-height: 3rem;color: var(--dark-grey3);font-size: 22px;font-style: normal;letter-spacing: normal;text-align: start;text-indent: 0px;text-transform: none\">Informa\u00e7\u00f5es t\u00e9cnicas<\/h4>\n<p><span style=\"margin: 0px;padding: 0px;font-weight: 450;font-size: 14px;line-height: 21px;color: var(--dark-grey2);font-family: Lato, sans-serif;font-style: normal;letter-spacing: normal;text-align: start;text-indent: 0px;text-transform: none\">\u0095 1 Cabo Intercambi\u00e1vel Ergon\u00f4mico<br \/>\n\u0095 Chaves Intercambi\u00e1veis com<br \/>\n65mm de comprimento.<br \/>\nMedidas:<br \/>\n3 Chaves de fenda: 1\/8 &#8211; 3\/16\u0094 &#8211;<br \/>\n1\/4\u0094 (SL3 &#8211; SL5 &#8211; SL6)<br \/>\n3 Chaves Phillips: 1\/8 &#8211; 3\/16\u0094 &#8211; 1\/4\u0094<br \/>\n(PH0 &#8211; PH1 &#8211; PH2)<br \/>\n1 Chave Alavanca Removedora de<br \/>\npregos<br \/>\n1 Chave Bico Furador<br \/>\n\u0095 A\u00e7o Cr-V<br \/>\n\u0095 Embalado em caixa pl\u00e1stica<\/span><\/p>\n","protected":false},"featured_media":25349,"template":"","meta":{"_joinchat":[]},"product_brand":[],"product_cat":[137],"product_tag":[],"class_list":{"0":"post-18057","1":"product","2":"type-product","3":"status-publish","4":"has-post-thumbnail","6":"product_cat-ferramentas-manuais","8":"first","9":"instock","10":"shipping-taxable","11":"purchasable","12":"product-type-simple"},"_links":{"self":[{"href":"https:\/\/www.multicasa.com.br\/inicio\/wp-json\/wp\/v2\/product\/18057","targetHints":{"allow":["GET"]}}],"collection":[{"href":"https:\/\/www.multicasa.com.br\/inicio\/wp-json\/wp\/v2\/product"}],"about":[{"href":"https:\/\/www.multicasa.com.br\/inicio\/wp-json\/wp\/v2\/types\/product"}],"wp:featuredmedia":[{"embeddable":true,"href":"https:\/\/www.multicasa.com.br\/inicio\/wp-json\/wp\/v2\/media\/25349"}],"wp:attachment":[{"href":"https:\/\/www.multicasa.com.br\/inicio\/wp-json\/wp\/v2\/media?parent=18057"}],"wp:term":[{"taxonomy":"product_brand","embeddable":true,"href":"https:\/\/www.multicasa.com.br\/inicio\/wp-json\/wp\/v2\/product_brand?post=18057"},{"taxonomy":"product_cat","embeddable":true,"href":"https:\/\/www.multicasa.com.br\/inicio\/wp-json\/wp\/v2\/product_cat?post=18057"},{"taxonomy":"product_tag","embeddable":true,"href":"https:\/\/www.multicasa.com.br\/inicio\/wp-json\/wp\/v2\/product_tag?post=18057"}],"curies":[{"name":"wp","href":"https:\/\/api.w.org\/{rel}","templated":true}]}}