{"id":18058,"date":"2025-06-20T19:27:36","date_gmt":"2025-06-20T23:27:36","guid":{"rendered":"https:\/\/www.multicasa.com.br\/inicio\/?post_type=product&#038;p=18058"},"modified":"2025-08-16T19:00:54","modified_gmt":"2025-08-16T23:00:54","slug":"kit-chave-bits-encaixe-1-4-33pc-ingco","status":"publish","type":"product","link":"https:\/\/www.multicasa.com.br\/inicio\/produto\/kit-chave-bits-encaixe-1-4-33pc-ingco\/","title":{"rendered":"KIT CHAVE BITS ENCAIXE 1\/4 33PC INGCO"},"content":{"rendered":"<p>JOGO DE CHAVES BITS INGCO ENCAIXE 1\/4\u0094 COM 33 PE\u00c7AS <\/p>\n","protected":false},"excerpt":{"rendered":"<h4 style=\"margin: 0px;padding: 0px 0px 16px;font-family: Lato, sans-serif;font-weight: bold;line-height: 3rem;color: var(--dark-grey3);font-size: 22px;font-style: normal;letter-spacing: normal;text-align: start;text-indent: 0px;text-transform: none\">Informa\u00e7\u00f5es t\u00e9cnicas<\/h4>\n<p><span style=\"margin: 0px;padding: 0px;font-weight: 450;font-size: 14px;line-height: 21px;color: var(--dark-grey2);font-family: Lato, sans-serif;font-style: normal;letter-spacing: normal;text-align: start;text-indent: 0px;text-transform: none\">\u0095 Conte\u00fado:<br \/>\n\u0095 20 bits de 6.35X25mm:<br \/>\nPH0, PH1, PH2, PH2, PH3, SL3,<br \/>\nSL4, SL5, SL6, SL6, HEX3, HEX4,<br \/>\nHEX5, PZ1, PZ2, T10, T15, T20,<br \/>\nT25, T30<br \/>\n\u0095 1 Adaptador de soquetes 4-6mm<br \/>\n(25mm)<br \/>\n\u0095 1 Empunhadura catracada para<br \/>\nadaptadores de bits<br \/>\n\u0095 9 Bits soquetes 1\/4\u0094X20.5mm :<br \/>\n4mm 5mm, 6mm, 7mm , 8mm,<br \/>\n9mm, 10mm, 11mm e 12mm .<br \/>\n\u0095 1 Adaptador de bits canh\u00e3o<br \/>\n125mm<br \/>\ncom forte magnetismo<br \/>\n\u0095 1 Adaptador de bits canh\u00e3o 75mm<br \/>\ncom forte magnetismo<br \/>\n\u0095 Caixa pl\u00e1stica com novo design<\/span><\/p>\n","protected":false},"featured_media":25345,"template":"","meta":{"_joinchat":[]},"product_brand":[],"product_cat":[137],"product_tag":[],"class_list":{"0":"post-18058","1":"product","2":"type-product","3":"status-publish","4":"has-post-thumbnail","6":"product_cat-ferramentas-manuais","8":"first","9":"outofstock","10":"shipping-taxable","11":"product-type-simple"},"_links":{"self":[{"href":"https:\/\/www.multicasa.com.br\/inicio\/wp-json\/wp\/v2\/product\/18058","targetHints":{"allow":["GET"]}}],"collection":[{"href":"https:\/\/www.multicasa.com.br\/inicio\/wp-json\/wp\/v2\/product"}],"about":[{"href":"https:\/\/www.multicasa.com.br\/inicio\/wp-json\/wp\/v2\/types\/product"}],"wp:featuredmedia":[{"embeddable":true,"href":"https:\/\/www.multicasa.com.br\/inicio\/wp-json\/wp\/v2\/media\/25345"}],"wp:attachment":[{"href":"https:\/\/www.multicasa.com.br\/inicio\/wp-json\/wp\/v2\/media?parent=18058"}],"wp:term":[{"taxonomy":"product_brand","embeddable":true,"href":"https:\/\/www.multicasa.com.br\/inicio\/wp-json\/wp\/v2\/product_brand?post=18058"},{"taxonomy":"product_cat","embeddable":true,"href":"https:\/\/www.multicasa.com.br\/inicio\/wp-json\/wp\/v2\/product_cat?post=18058"},{"taxonomy":"product_tag","embeddable":true,"href":"https:\/\/www.multicasa.com.br\/inicio\/wp-json\/wp\/v2\/product_tag?post=18058"}],"curies":[{"name":"wp","href":"https:\/\/api.w.org\/{rel}","templated":true}]}}