{"id":18064,"date":"2025-06-20T19:27:43","date_gmt":"2025-06-20T23:27:43","guid":{"rendered":"https:\/\/www.multicasa.com.br\/inicio\/?post_type=product&#038;p=18064"},"modified":"2025-08-16T17:01:21","modified_gmt":"2025-08-16T21:01:21","slug":"multimetro-digital-cont-1999-ingco","status":"publish","type":"product","link":"https:\/\/www.multicasa.com.br\/inicio\/produto\/multimetro-digital-cont-1999-ingco\/","title":{"rendered":"MULTIMETRO DIGITAL CONT.1999 INGCO"},"content":{"rendered":"<p>MULT\u00cdMETRO DIGITAL INGCO<\/p>\n","protected":false},"excerpt":{"rendered":"<h4 style=\"margin: 0px;padding: 0px 0px 16px;font-family: Lato, sans-serif;font-weight: bold;line-height: 3rem;color: var(--dark-grey3);font-size: 22px;font-style: normal;letter-spacing: normal;text-align: start;text-indent: 0px;text-transform: none\">Informa\u00e7\u00f5es t\u00e9cnicas<\/h4>\n<p><span style=\"margin: 0px;padding: 0px;font-weight: 450;font-size: 14px;line-height: 21px;color: var(--dark-grey2);font-family: Lato, sans-serif;font-style: normal;letter-spacing: normal;text-align: start;text-indent: 0px;text-transform: none\">Mult\u00edmetro Digital<br \/>\n\u0095 Display: 3.1\/2 D\u00edgitos, 1999 Contagens<br \/>\n\u0095 Tela Iluminada<br \/>\n\u0095 Tens\u00e3o DC: 200mV, 2V, 20V, 200V, 600V<br \/>\n\u0095 Tens\u00e3o AC: 200V, 600V<br \/>\n\u0095 Corrente DC: 200\u00b5A, 2mA, 20mA, 200mA, 10A<br \/>\n\u0095 Resist\u00eancia: 200O, 2kO, 20kO, 200kO, 2MO<br \/>\n\u0095 Embalado em caixa de papel\u00e3o<\/span><\/p>\n","protected":false},"featured_media":25615,"template":"","meta":{"_joinchat":[]},"product_brand":[],"product_cat":[152],"product_tag":[],"class_list":{"0":"post-18064","1":"product","2":"type-product","3":"status-publish","4":"has-post-thumbnail","6":"product_cat-ferramentas-eletricas","8":"first","9":"outofstock","10":"shipping-taxable","11":"product-type-simple"},"_links":{"self":[{"href":"https:\/\/www.multicasa.com.br\/inicio\/wp-json\/wp\/v2\/product\/18064","targetHints":{"allow":["GET"]}}],"collection":[{"href":"https:\/\/www.multicasa.com.br\/inicio\/wp-json\/wp\/v2\/product"}],"about":[{"href":"https:\/\/www.multicasa.com.br\/inicio\/wp-json\/wp\/v2\/types\/product"}],"wp:featuredmedia":[{"embeddable":true,"href":"https:\/\/www.multicasa.com.br\/inicio\/wp-json\/wp\/v2\/media\/25615"}],"wp:attachment":[{"href":"https:\/\/www.multicasa.com.br\/inicio\/wp-json\/wp\/v2\/media?parent=18064"}],"wp:term":[{"taxonomy":"product_brand","embeddable":true,"href":"https:\/\/www.multicasa.com.br\/inicio\/wp-json\/wp\/v2\/product_brand?post=18064"},{"taxonomy":"product_cat","embeddable":true,"href":"https:\/\/www.multicasa.com.br\/inicio\/wp-json\/wp\/v2\/product_cat?post=18064"},{"taxonomy":"product_tag","embeddable":true,"href":"https:\/\/www.multicasa.com.br\/inicio\/wp-json\/wp\/v2\/product_tag?post=18064"}],"curies":[{"name":"wp","href":"https:\/\/api.w.org\/{rel}","templated":true}]}}