{"id":18104,"date":"2025-06-20T19:27:54","date_gmt":"2025-06-20T23:27:54","guid":{"rendered":"https:\/\/www.multicasa.com.br\/inicio\/?post_type=product&#038;p=18104"},"modified":"2025-08-17T19:09:05","modified_gmt":"2025-08-17T23:09:05","slug":"assento-almofadado-thema-branco-astra","status":"publish","type":"product","link":"https:\/\/www.multicasa.com.br\/inicio\/produto\/assento-almofadado-thema-branco-astra\/","title":{"rendered":"Assento Almofadado Thema Branco Astra"},"content":{"rendered":"<p>Dispon\u00edvel em diversas vers\u00f5es de acabamento. O Assento Almofadado da Astra \u00e9 comprovadamente o mais confort\u00e1vel do Brasil, pois possui uma espuma mais espessa e macia. S\u00e3o v\u00e1rias op\u00e7\u00f5es de cores, fi\u00e9is \u00e0s cores dos vasos sanit\u00e1rios, que resultam em uma perfeita composi\u00e7\u00e3o do ambiente. Para garantir a compatibilidade ideal, utilize o simulador ou verifique a tabela de compatibilidade.<\/p>\n","protected":false},"excerpt":{"rendered":"<h4 style=\"margin: 0px;padding: 0px 0px 16px;font-family: Lato, sans-serif;font-weight: bold;line-height: 3rem;color: var(--dark-grey3);font-size: 22px;font-style: normal;letter-spacing: normal;text-align: start;text-indent: 0px;text-transform: none\">Informa\u00e7\u00f5es t\u00e9cnicas<\/h4>\n<p><span style=\"margin: 0px;padding: 0px;font-weight: 450;font-size: 14px;line-height: 21px;color: var(--dark-grey2);font-family: Lato, sans-serif;font-style: normal;letter-spacing: normal;text-align: start;text-indent: 0px;text-transform: none\">Produto: ASSENTO ALMOFAD.THEMA BC ASTRA<br \/>\nMarca: Astra<br \/>\nCor: Branca<\/p>\n<p>&#8211; Espuma mais espessa e macia;<br \/>\n&#8211; Conta com prote\u00e7\u00e3o contra fungos e bact\u00e9rias;<br \/>\n&#8211; F\u00e1cil de limpar;<br \/>\n&#8211; Fabricado com superf\u00edcie lisa, evitando o ac\u00famulo de sujeira e \u00e9 mais higi\u00eanico;<br \/>\n&#8211; Tampa com cobertura total e brilhante;<br \/>\n&#8211; Fixa\u00e7\u00e3o \u00e9 regul\u00e1vel, ou seja, o assento se encaixa perfeitamente no vaso sanit\u00e1rio;<br \/>\n&#8211; O produto passa por testes que comprovam maior resist\u00eancia e durabilidade;<br \/>\n&#8211; Conta com uma f\u00f3rmula que garante a cor do assento por muito mais tempo.<\/span><\/p>\n","protected":false},"featured_media":24639,"template":"","meta":{"_joinchat":[]},"product_brand":[],"product_cat":[70],"product_tag":[],"class_list":{"0":"post-18104","1":"product","2":"type-product","3":"status-publish","4":"has-post-thumbnail","6":"product_cat-assentos-e-cia","8":"first","9":"outofstock","10":"shipping-taxable","11":"purchasable","12":"product-type-simple"},"_links":{"self":[{"href":"https:\/\/www.multicasa.com.br\/inicio\/wp-json\/wp\/v2\/product\/18104","targetHints":{"allow":["GET"]}}],"collection":[{"href":"https:\/\/www.multicasa.com.br\/inicio\/wp-json\/wp\/v2\/product"}],"about":[{"href":"https:\/\/www.multicasa.com.br\/inicio\/wp-json\/wp\/v2\/types\/product"}],"wp:featuredmedia":[{"embeddable":true,"href":"https:\/\/www.multicasa.com.br\/inicio\/wp-json\/wp\/v2\/media\/24639"}],"wp:attachment":[{"href":"https:\/\/www.multicasa.com.br\/inicio\/wp-json\/wp\/v2\/media?parent=18104"}],"wp:term":[{"taxonomy":"product_brand","embeddable":true,"href":"https:\/\/www.multicasa.com.br\/inicio\/wp-json\/wp\/v2\/product_brand?post=18104"},{"taxonomy":"product_cat","embeddable":true,"href":"https:\/\/www.multicasa.com.br\/inicio\/wp-json\/wp\/v2\/product_cat?post=18104"},{"taxonomy":"product_tag","embeddable":true,"href":"https:\/\/www.multicasa.com.br\/inicio\/wp-json\/wp\/v2\/product_tag?post=18104"}],"curies":[{"name":"wp","href":"https:\/\/api.w.org\/{rel}","templated":true}]}}