{"id":18106,"date":"2025-06-20T19:27:54","date_gmt":"2025-06-20T23:27:54","guid":{"rendered":"https:\/\/www.multicasa.com.br\/inicio\/?post_type=product&#038;p=18106"},"modified":"2025-08-17T19:09:13","modified_gmt":"2025-08-17T23:09:13","slug":"ventilador-par-gold-60cm-biv-pt-de","status":"publish","type":"product","link":"https:\/\/www.multicasa.com.br\/inicio\/produto\/ventilador-par-gold-60cm-biv-pt-de\/","title":{"rendered":"Ventilador Par.Gold 60Cm.Biv.Pt De"},"content":{"rendered":"<p>Ventilador de parede venti-delta 60cm oscilante moderna e econ\u00f4mica, a nova linha de ventiladores venti-delta foi desenvolvida especialmente para valorizar e somar praticidade ao ambiente. perfeita ventila\u00e7\u00e3o, estes aparelhos oferecem um clima totalmente agrad\u00e1vel aos mais diversos ambientes com baixo consumo de energia. especifica\u00e7\u00f5es t\u00e9cnicas: h\u00e9lice: 3 p\u00e1s; controle de velocidade rotativo rpm: 1.430 vaz\u00e3o: 230m\u00b3\/min consumo: 0,20 kwh garantia do fornecedor de 12 meses.<\/p>\n","protected":false},"excerpt":{"rendered":"<h4 style=\"margin: 0px;padding: 0px 0px 16px;font-family: Lato, sans-serif;font-weight: bold;line-height: 3rem;color: var(--dark-grey3);font-size: 22px;font-style: normal;letter-spacing: normal;text-align: start;text-indent: 0px;text-transform: none\">Informa\u00e7\u00f5es t\u00e9cnicas<\/h4>\n<p><span style=\"margin: 0px;padding: 0px;font-weight: 450;font-size: 14px;line-height: 21px;color: var(--dark-grey2);font-family: Lato, sans-serif;font-style: normal;letter-spacing: normal;text-align: start;text-indent: 0px;text-transform: none\">Produto: VENTILADOR PAR.GOLD 60CM.BIV.PT DE<br \/>\nMarca: VENTI DELTA<br \/>\nCor: preto<\/p>\n<p>Caracter\u00edsticas principais<br \/>\nMarca:Venti-Delta<br \/>\nLinha:Gold<br \/>\nModelo:Parede A\u00e7o<\/p>\n<p>Di\u00e2metro: 60 cm<br \/>\nMaterial das p\u00e1s:Pl\u00e1stico<\/p>\n<p>Outras caracter\u00edsticas;<br \/>\nMaterial da grade: Metal;<br \/>\nQuantidade de velocidades: 3;<br \/>\nInclui controle remoto: N\u00e3o;<br \/>\nCom luz: N\u00e3o;<br \/>\nPot\u00eancia: 200 W;<br \/>\nAlimenta\u00e7\u00e3o: Corrente direta;<br \/>\nCom inclina\u00e7\u00e3o: N\u00e3o;<br \/>\nCom oscila\u00e7\u00e3o: N\u00e3o;<br \/>\nCom grade girat\u00f3rio: N\u00e3o;<br \/>\nCom altura ajust\u00e1vel: N\u00e3o;<\/p>\n<p>&#8211; Marca: Venti-Delta;<br \/>\n&#8211; Pot\u00eancia: 200w;<br \/>\n&#8211; Rolamentos no motor: 2;<br \/>\n&#8211; Rota\u00e7\u00e3o M\u00e1xima: 1.430 rpm;<br \/>\n&#8211; H\u00e9lice 3 p\u00e1s;<br \/>\n&#8211; Protetor T\u00e9rmico: Sim;<br \/>\n&#8211; \u00c1rea de Ventila\u00e7\u00e3o: 40m\u00b2;<br \/>\n&#8211; Vaz\u00e3o: 230m\u00b3\/min;<br \/>\n&#8211; Voltagem: Bivolt;<\/p>\n<p>&#8211; Controle de Velocidade: Rotativo.<\/span><\/p>\n","protected":false},"featured_media":26279,"template":"","meta":{"_joinchat":[]},"product_brand":[],"product_cat":[149],"product_tag":[],"class_list":{"0":"post-18106","1":"product","2":"type-product","3":"status-publish","4":"has-post-thumbnail","6":"product_cat-ventiladores-comerciais","8":"first","9":"outofstock","10":"shipping-taxable","11":"purchasable","12":"product-type-simple"},"_links":{"self":[{"href":"https:\/\/www.multicasa.com.br\/inicio\/wp-json\/wp\/v2\/product\/18106","targetHints":{"allow":["GET"]}}],"collection":[{"href":"https:\/\/www.multicasa.com.br\/inicio\/wp-json\/wp\/v2\/product"}],"about":[{"href":"https:\/\/www.multicasa.com.br\/inicio\/wp-json\/wp\/v2\/types\/product"}],"wp:featuredmedia":[{"embeddable":true,"href":"https:\/\/www.multicasa.com.br\/inicio\/wp-json\/wp\/v2\/media\/26279"}],"wp:attachment":[{"href":"https:\/\/www.multicasa.com.br\/inicio\/wp-json\/wp\/v2\/media?parent=18106"}],"wp:term":[{"taxonomy":"product_brand","embeddable":true,"href":"https:\/\/www.multicasa.com.br\/inicio\/wp-json\/wp\/v2\/product_brand?post=18106"},{"taxonomy":"product_cat","embeddable":true,"href":"https:\/\/www.multicasa.com.br\/inicio\/wp-json\/wp\/v2\/product_cat?post=18106"},{"taxonomy":"product_tag","embeddable":true,"href":"https:\/\/www.multicasa.com.br\/inicio\/wp-json\/wp\/v2\/product_tag?post=18106"}],"curies":[{"name":"wp","href":"https:\/\/api.w.org\/{rel}","templated":true}]}}