{"id":18108,"date":"2025-06-20T19:27:55","date_gmt":"2025-06-20T23:27:55","guid":{"rendered":"https:\/\/www.multicasa.com.br\/inicio\/?post_type=product&#038;p=18108"},"modified":"2026-01-05T07:51:17","modified_gmt":"2026-01-05T11:51:17","slug":"chuveiro-p-piscina-cascata-12-prol","status":"publish","type":"product","link":"https:\/\/www.multicasa.com.br\/inicio\/produto\/chuveiro-p-piscina-cascata-12-prol\/","title":{"rendered":"Chuveiro P\/Piscina Cascata 12 Prol"},"content":{"rendered":"<p>O chuveiro 12 Pol X 30cm \u00e9 uma otima recomenda\u00e7\u00e3o para a pessoa que quer algo alem de um chuveiro, pois, alem de trazer uma otima distribui\u00e7\u00e3o de agua o chuveiro da Foglieto, ele tras uma designing moderno e perfeito para seu banheiro.<\/p>\n","protected":false},"excerpt":{"rendered":"<h4 style=\"margin: 0px; padding: 0px 0px 16px; font-family: Lato, sans-serif; font-weight: bold; line-height: 3rem; color: var(--dark-grey3); font-size: 22px; font-style: normal; letter-spacing: normal; text-align: start; text-indent: 0px; text-transform: none;\">Informa\u00e7\u00f5es t\u00e9cnicas<\/h4>\n<p><span style=\"margin: 0px; padding: 0px; font-weight: 450; font-size: 14px; line-height: 21px; color: var(--dark-grey2); font-family: Lato, sans-serif; font-style: normal; letter-spacing: normal; text-align: start; text-indent: 0px; text-transform: none;\">Produto: CHUVEIRO P\/PISCINA CASCATA 12 PROL<br \/>\nMarca: Foglieto<br \/>\nCor: Alum\u00ednio<\/span><\/p>\n<p>&#8211; Ducha Cascata Polida 12 POL X 30CM &#8211; Foglieto;<br \/>\n&#8211; Bitola 3\/4 &#8220;;<br \/>\n&#8211; Composi\u00e7\u00e3o: Alum\u00ednio;<br \/>\n&#8211; Medidas aproximadas Ducha: di\u00e2metro 30 cm x altura 8 cm;<br \/>\n&#8211; Cano: 40 cm;<br \/>\n&#8211; Canopla: 7 cm;<br \/>\n&#8211; Sa\u00edda 3\/4&#8243;;<br \/>\n&#8211; Cor: Cromado;<br \/>\n&#8211; Conte\u00fado da embalagem: 1 ducha, 1 joelho 3\/4&#8221;, 1 cano e 1 canopla.<\/p>\n","protected":false},"featured_media":24956,"template":"","meta":{"_joinchat":[]},"product_brand":[],"product_cat":[71,171],"product_tag":[],"class_list":{"0":"post-18108","1":"product","2":"type-product","3":"status-publish","4":"has-post-thumbnail","6":"product_cat-chuveiros","7":"product_cat-ofertas","9":"first","10":"instock","11":"sale","12":"featured","13":"shipping-taxable","14":"purchasable","15":"product-type-simple"},"_links":{"self":[{"href":"https:\/\/www.multicasa.com.br\/inicio\/wp-json\/wp\/v2\/product\/18108","targetHints":{"allow":["GET"]}}],"collection":[{"href":"https:\/\/www.multicasa.com.br\/inicio\/wp-json\/wp\/v2\/product"}],"about":[{"href":"https:\/\/www.multicasa.com.br\/inicio\/wp-json\/wp\/v2\/types\/product"}],"wp:featuredmedia":[{"embeddable":true,"href":"https:\/\/www.multicasa.com.br\/inicio\/wp-json\/wp\/v2\/media\/24956"}],"wp:attachment":[{"href":"https:\/\/www.multicasa.com.br\/inicio\/wp-json\/wp\/v2\/media?parent=18108"}],"wp:term":[{"taxonomy":"product_brand","embeddable":true,"href":"https:\/\/www.multicasa.com.br\/inicio\/wp-json\/wp\/v2\/product_brand?post=18108"},{"taxonomy":"product_cat","embeddable":true,"href":"https:\/\/www.multicasa.com.br\/inicio\/wp-json\/wp\/v2\/product_cat?post=18108"},{"taxonomy":"product_tag","embeddable":true,"href":"https:\/\/www.multicasa.com.br\/inicio\/wp-json\/wp\/v2\/product_tag?post=18108"}],"curies":[{"name":"wp","href":"https:\/\/api.w.org\/{rel}","templated":true}]}}