{"id":18110,"date":"2025-06-20T19:27:55","date_gmt":"2025-06-20T23:27:55","guid":{"rendered":"https:\/\/www.multicasa.com.br\/inicio\/?post_type=product&#038;p=18110"},"modified":"2026-04-25T10:30:16","modified_gmt":"2026-04-25T14:30:16","slug":"cabo-polar-2x100mm-1m-vm-pt-gp-cab","status":"publish","type":"product","link":"https:\/\/www.multicasa.com.br\/inicio\/produto\/cabo-polar-2x100mm-1m-vm-pt-gp-cab\/","title":{"rendered":"Cabo Polar.2X1,00Mm 1M Vm\/Pt Gp Cab"},"content":{"rendered":"<p>Indicado para transmiss\u00e3o de \u00e1udio em sistemas de sonoriza\u00e7\u00e3o ambiente e automotiva.<\/p>\n","protected":false},"excerpt":{"rendered":"<h4 style=\"margin: 0px;padding: 0px 0px 16px;font-family: Lato, sans-serif;font-weight: bold;line-height: 3rem;color: var(--dark-grey3);font-size: 22px;font-style: normal;letter-spacing: normal;text-align: start;text-indent: 0px;text-transform: none\">Informa\u00e7\u00f5es t\u00e9cnicas<\/h4>\n<p><span style=\"margin: 0px;padding: 0px;font-weight: 450;font-size: 14px;line-height: 21px;color: var(--dark-grey2);font-family: Lato, sans-serif;font-style: normal;letter-spacing: normal;text-align: start;text-indent: 0px;text-transform: none\">Produto: CABO POLAR.2X1,00MM 1M VM\/PT GP CAB<br \/>\nMarca: GP<br \/>\nCor: Vermelho e Preto<\/p>\n<p>CARACTER\u00cdSTICAS:<br \/>\n&#8211; Condutor: Conjunto de fios de cobre eletrol\u00edtico n\u00fa, t\u00eampera mole;<br \/>\n&#8211; Cobertura: Composto termopl\u00e1stico \u00e0 base de Cloreto de polivinila (PVC).<\/p>\n<p>Indicado para transmiss\u00e3o de \u00e1udio em sistemas de sonoriza\u00e7\u00e3o ambiente e automotiva. No site da multicasa voc\u00ea encontra solu\u00e7\u00f5es pr\u00e1ticas para qualquer situa\u00e7\u00e3o, inclusive outras op\u00e7\u00f5es de chuveiros e materiais para seu conforto.<\/span><\/p>\n","protected":false},"featured_media":24810,"template":"","meta":{"_joinchat":[]},"product_brand":[],"product_cat":[121],"product_tag":[],"class_list":{"0":"post-18110","1":"product","2":"type-product","3":"status-publish","4":"has-post-thumbnail","6":"product_cat-fios-e-cabo","8":"first","9":"instock","10":"shipping-taxable","11":"purchasable","12":"product-type-simple"},"_links":{"self":[{"href":"https:\/\/www.multicasa.com.br\/inicio\/wp-json\/wp\/v2\/product\/18110","targetHints":{"allow":["GET"]}}],"collection":[{"href":"https:\/\/www.multicasa.com.br\/inicio\/wp-json\/wp\/v2\/product"}],"about":[{"href":"https:\/\/www.multicasa.com.br\/inicio\/wp-json\/wp\/v2\/types\/product"}],"wp:featuredmedia":[{"embeddable":true,"href":"https:\/\/www.multicasa.com.br\/inicio\/wp-json\/wp\/v2\/media\/24810"}],"wp:attachment":[{"href":"https:\/\/www.multicasa.com.br\/inicio\/wp-json\/wp\/v2\/media?parent=18110"}],"wp:term":[{"taxonomy":"product_brand","embeddable":true,"href":"https:\/\/www.multicasa.com.br\/inicio\/wp-json\/wp\/v2\/product_brand?post=18110"},{"taxonomy":"product_cat","embeddable":true,"href":"https:\/\/www.multicasa.com.br\/inicio\/wp-json\/wp\/v2\/product_cat?post=18110"},{"taxonomy":"product_tag","embeddable":true,"href":"https:\/\/www.multicasa.com.br\/inicio\/wp-json\/wp\/v2\/product_tag?post=18110"}],"curies":[{"name":"wp","href":"https:\/\/api.w.org\/{rel}","templated":true}]}}