{"id":18114,"date":"2025-06-20T19:27:55","date_gmt":"2025-06-20T23:27:55","guid":{"rendered":"https:\/\/www.multicasa.com.br\/inicio\/?post_type=product&#038;p=18114"},"modified":"2025-08-17T19:09:42","modified_gmt":"2025-08-17T23:09:42","slug":"campainha-mus-mini-cm05-127v-bc-dan","status":"publish","type":"product","link":"https:\/\/www.multicasa.com.br\/inicio\/produto\/campainha-mus-mini-cm05-127v-bc-dan\/","title":{"rendered":"Campainha Mus.Mini Cm05 127V Bc Dan"},"content":{"rendered":"<p>Esta campainha foi projetada para ser instalada em apartamentos ou locais onde o bot\u00e3o de acionamento esteja protegido contra o tempo ou mau uso.<\/p>\n","protected":false},"excerpt":{"rendered":"<h4 style=\"margin: 0px;padding: 0px 0px 16px;font-family: Lato, sans-serif;font-weight: bold;line-height: 3rem;color: var(--dark-grey3);font-size: 22px;font-style: normal;letter-spacing: normal;text-align: start;text-indent: 0px;text-transform: none\">Informa\u00e7\u00f5es t\u00e9cnicas<\/h4>\n<p><span style=\"margin: 0px;padding: 0px;font-weight: 450;font-size: 14px;line-height: 21px;color: var(--dark-grey2);font-family: Lato, sans-serif;font-style: normal;letter-spacing: normal;text-align: start;text-indent: 0px;text-transform: none\">Produto: CAMPAINHA MUS.MINI CM05 127V BC DAN<br \/>\nMarca: DANVAl<br \/>\nCor: branco<\/p>\n<p>&#8211; \u00c9 fabricada em poliestireno alta resist\u00eancia, com acabamento cuidadoso;<br \/>\n&#8211; Pode ser facilmente instalada por qualquer pessoa no local desejado, sem a ncessidade de ferramentas complexas;<br \/>\n&#8211; Somando-se a todas estas vantagens, \u00e9 uma campainha com a suavidade das linhas arredondadas e custo bastante acess\u00edvel;<br \/>\n&#8211; Esta campainha foi projetada para ser instalada em apartamentos ou locais onde o bot\u00e3o de acionamento esteja protegido contra o tempo ou mau uso.<\/span><\/p>\n","protected":false},"featured_media":24869,"template":"","meta":{"_joinchat":[]},"product_brand":[],"product_cat":[144],"product_tag":[],"class_list":{"0":"post-18114","1":"product","2":"type-product","3":"status-publish","4":"has-post-thumbnail","6":"product_cat-tomadas-e-cia","8":"first","9":"outofstock","10":"shipping-taxable","11":"purchasable","12":"product-type-simple"},"_links":{"self":[{"href":"https:\/\/www.multicasa.com.br\/inicio\/wp-json\/wp\/v2\/product\/18114","targetHints":{"allow":["GET"]}}],"collection":[{"href":"https:\/\/www.multicasa.com.br\/inicio\/wp-json\/wp\/v2\/product"}],"about":[{"href":"https:\/\/www.multicasa.com.br\/inicio\/wp-json\/wp\/v2\/types\/product"}],"wp:featuredmedia":[{"embeddable":true,"href":"https:\/\/www.multicasa.com.br\/inicio\/wp-json\/wp\/v2\/media\/24869"}],"wp:attachment":[{"href":"https:\/\/www.multicasa.com.br\/inicio\/wp-json\/wp\/v2\/media?parent=18114"}],"wp:term":[{"taxonomy":"product_brand","embeddable":true,"href":"https:\/\/www.multicasa.com.br\/inicio\/wp-json\/wp\/v2\/product_brand?post=18114"},{"taxonomy":"product_cat","embeddable":true,"href":"https:\/\/www.multicasa.com.br\/inicio\/wp-json\/wp\/v2\/product_cat?post=18114"},{"taxonomy":"product_tag","embeddable":true,"href":"https:\/\/www.multicasa.com.br\/inicio\/wp-json\/wp\/v2\/product_tag?post=18114"}],"curies":[{"name":"wp","href":"https:\/\/api.w.org\/{rel}","templated":true}]}}