{"id":18120,"date":"2025-06-20T19:27:56","date_gmt":"2025-06-20T23:27:56","guid":{"rendered":"https:\/\/www.multicasa.com.br\/inicio\/?post_type=product&#038;p=18120"},"modified":"2025-06-23T09:56:07","modified_gmt":"2025-06-23T13:56:07","slug":"caixa-dagua-polietileno-1000l-tigre","status":"publish","type":"product","link":"https:\/\/www.multicasa.com.br\/inicio\/produto\/caixa-dagua-polietileno-1000l-tigre\/","title":{"rendered":"Caixa D\u00c1gua Polietileno 1000L Tigre"},"content":{"rendered":"<p>As novas \u00e1gua Tigre podem ser aplicadas em obras residenciais e comerciais, podendo ser utilizadas tamb\u00e9m na agricultura, psicultura, ou qualquer outra atividade que necessite<br \/>\nde reserva\u00e7\u00e3o de \u00e1gua pot\u00e1vel \u00e0 temperatura ambiente. S\u00e3o tanques destinados a armazenar \u00e1gua pot\u00e1vel (rede p\u00fablica) para consumo humano.<\/p>\n","protected":false},"excerpt":{"rendered":"<h4 style=\"margin: 0px;padding: 0px 0px 16px;font-family: Lato, sans-serif;font-weight: bold;line-height: 3rem;color: var(--dark-grey3);font-size: 22px;font-style: normal;letter-spacing: normal;text-align: start;text-indent: 0px;text-transform: none\">Informa\u00e7\u00f5es t\u00e9cnicas<\/h4>\n<p><span style=\"margin: 0px;padding: 0px;font-weight: 450;font-size: 14px;line-height: 21px;color: var(--dark-grey2);font-family: Lato, sans-serif;font-style: normal;letter-spacing: normal;text-align: start;text-indent: 0px;text-transform: none\">Produto: CAIXA D\u00c1GUA POLIETILENO 1000L<br \/>\nMarca: Tigre<br \/>\nCor: azul<\/p>\n<p>&#8211; Facilidade de instala\u00e7\u00e3o:<br \/>\n&#8211; Rebaixos planos na lateral;<br \/>\n&#8211; Marca\u00e7\u00e3o para tubula\u00e7\u00e3o de entrada e de sa\u00edda;<br \/>\n&#8211; Manual de instru\u00e7\u00f5es no corpo do produto;<br \/>\n&#8211; Mais leve;<br \/>\n&#8211; 1000 litros;<br \/>\n&#8211; Facilidade de limpeza: superf\u00edcie interna lisa que evita incrusta\u00e7\u00f5es;<br \/>\n&#8211; N\u00e3o contaminam a \u00e1gua, pois a mat\u00e9ria prima \u00e9 totalmente at\u00f3xica;<br \/>\n&#8211; Durabilidade: resiste a intemp\u00e9ries.<\/span><\/p>\n","protected":false},"featured_media":24846,"template":"","meta":{"_joinchat":[]},"product_brand":[],"product_cat":[73],"product_tag":[],"class_list":{"0":"post-18120","1":"product","2":"type-product","3":"status-publish","4":"has-post-thumbnail","6":"product_cat-tubos-e-conexoes","8":"first","9":"outofstock","10":"shipping-taxable","11":"product-type-simple"},"_links":{"self":[{"href":"https:\/\/www.multicasa.com.br\/inicio\/wp-json\/wp\/v2\/product\/18120","targetHints":{"allow":["GET"]}}],"collection":[{"href":"https:\/\/www.multicasa.com.br\/inicio\/wp-json\/wp\/v2\/product"}],"about":[{"href":"https:\/\/www.multicasa.com.br\/inicio\/wp-json\/wp\/v2\/types\/product"}],"wp:featuredmedia":[{"embeddable":true,"href":"https:\/\/www.multicasa.com.br\/inicio\/wp-json\/wp\/v2\/media\/24846"}],"wp:attachment":[{"href":"https:\/\/www.multicasa.com.br\/inicio\/wp-json\/wp\/v2\/media?parent=18120"}],"wp:term":[{"taxonomy":"product_brand","embeddable":true,"href":"https:\/\/www.multicasa.com.br\/inicio\/wp-json\/wp\/v2\/product_brand?post=18120"},{"taxonomy":"product_cat","embeddable":true,"href":"https:\/\/www.multicasa.com.br\/inicio\/wp-json\/wp\/v2\/product_cat?post=18120"},{"taxonomy":"product_tag","embeddable":true,"href":"https:\/\/www.multicasa.com.br\/inicio\/wp-json\/wp\/v2\/product_tag?post=18120"}],"curies":[{"name":"wp","href":"https:\/\/api.w.org\/{rel}","templated":true}]}}