{"id":18121,"date":"2025-06-20T19:27:56","date_gmt":"2025-06-20T23:27:56","guid":{"rendered":"https:\/\/www.multicasa.com.br\/inicio\/?post_type=product&#038;p=18121"},"modified":"2025-06-23T09:50:14","modified_gmt":"2025-06-23T13:50:14","slug":"assento-poliester-oval-branco-tomdo","status":"publish","type":"product","link":"https:\/\/www.multicasa.com.br\/inicio\/produto\/assento-poliester-oval-branco-tomdo\/","title":{"rendered":"Assento Poli\u00e9ster Oval Branco Tomdo"},"content":{"rendered":"<p>Nosso produto \u00e9 fabricado 100% em resina de poli\u00e9ster, ent\u00e3o voc\u00ea tem a garantia de um assento sanit\u00e1rio com o material mais nobre utilizado no mercado.<\/p>\n","protected":false},"excerpt":{"rendered":"<h4 style=\"margin: 0px;padding: 0px 0px 16px;font-family: Lato, sans-serif;font-weight: bold;line-height: 3rem;color: var(--dark-grey3);font-size: 22px;font-style: normal;letter-spacing: normal;text-align: start;text-indent: 0px;text-transform: none\">Informa\u00e7\u00f5es t\u00e9cnicas<\/h4>\n<p><span style=\"margin: 0px;padding: 0px;font-weight: 450;font-size: 14px;line-height: 21px;color: var(--dark-grey2);font-family: Lato, sans-serif;font-style: normal;letter-spacing: normal;text-align: start;text-indent: 0px;text-transform: none\">Produto: ASSENTO POLI\u00c9STER OVAL<br \/>\nMarca: TOMDO<br \/>\nCor: branco<\/p>\n<p>&#8211; Largura: 37,2 cm<br \/>\n&#8211; Comprimento: 43 cm<br \/>\n&#8211;  Altura: 3,3 cm<br \/>\n&#8211; Peso: 3,14 kg<br \/>\n&#8211; 1 ano de garantia contra defeito de fabrica\u00e7\u00e3o ou problema no funcionamento.<\/p>\n<p>&#8211; Amortecedores: os amortecedores do assento sanit\u00e1rio auxiliam em um melhor ajuste, ou seja, caso existam irregularidades da lou\u00e7a ele ir\u00e1 se adequar perfeitamente;<br \/>\n&#8211; Dobradi\u00e7as: n\u00e3o enferrujam, garantindo assim, a est\u00e9tica do seu produto por mais tempo;<br \/>\n&#8211; Resist\u00eancia: Nosso assento tem total resist\u00eancia \u00e0 umidade. Como resultado, voc\u00ea tem um produto que ir\u00e1 durar por muito mais tempo.<\/p>\n<p>Manuten\u00e7\u00e3o:<br \/>\nA limpeza do assento sanit\u00e1rio dever\u00e1 ser feita com pano levemente umedecido e sab\u00e3o neutro.<\/p>\n<p>Tradi\u00e7\u00e3o:<br \/>\nA Tondo tem mais de 25 anos no mercado e, acima de tudo, busca proporcionar aos seus clientes produtos de qualidade com os melhores pre\u00e7os.<\/span><\/p>\n","protected":false},"featured_media":24641,"template":"","meta":{"_joinchat":[]},"product_brand":[],"product_cat":[70],"product_tag":[],"class_list":{"0":"post-18121","1":"product","2":"type-product","3":"status-publish","4":"has-post-thumbnail","6":"product_cat-assentos-e-cia","8":"first","9":"outofstock","10":"shipping-taxable","11":"product-type-simple"},"_links":{"self":[{"href":"https:\/\/www.multicasa.com.br\/inicio\/wp-json\/wp\/v2\/product\/18121","targetHints":{"allow":["GET"]}}],"collection":[{"href":"https:\/\/www.multicasa.com.br\/inicio\/wp-json\/wp\/v2\/product"}],"about":[{"href":"https:\/\/www.multicasa.com.br\/inicio\/wp-json\/wp\/v2\/types\/product"}],"wp:featuredmedia":[{"embeddable":true,"href":"https:\/\/www.multicasa.com.br\/inicio\/wp-json\/wp\/v2\/media\/24641"}],"wp:attachment":[{"href":"https:\/\/www.multicasa.com.br\/inicio\/wp-json\/wp\/v2\/media?parent=18121"}],"wp:term":[{"taxonomy":"product_brand","embeddable":true,"href":"https:\/\/www.multicasa.com.br\/inicio\/wp-json\/wp\/v2\/product_brand?post=18121"},{"taxonomy":"product_cat","embeddable":true,"href":"https:\/\/www.multicasa.com.br\/inicio\/wp-json\/wp\/v2\/product_cat?post=18121"},{"taxonomy":"product_tag","embeddable":true,"href":"https:\/\/www.multicasa.com.br\/inicio\/wp-json\/wp\/v2\/product_tag?post=18121"}],"curies":[{"name":"wp","href":"https:\/\/api.w.org\/{rel}","templated":true}]}}