{"id":18123,"date":"2025-06-20T19:27:56","date_gmt":"2025-06-20T23:27:56","guid":{"rendered":"https:\/\/www.multicasa.com.br\/inicio\/?post_type=product&#038;p=18123"},"modified":"2025-08-17T19:11:12","modified_gmt":"2025-08-17T23:11:12","slug":"massa-corrida-pva-cx-20kg-maxvinil","status":"publish","type":"product","link":"https:\/\/www.multicasa.com.br\/inicio\/produto\/massa-corrida-pva-cx-20kg-maxvinil\/","title":{"rendered":"Massa Corrida Pva Cx 20Kg Maxvinil"},"content":{"rendered":"<p>\u00c9 uma massa indicada para corrigir e nivelar imperfei\u00e7\u00f5es das superf\u00edcies internas, proporcionando um acabamento mais liso e requintado. Tem f\u00e1cil aplica\u00e7\u00e3o e \u00f3tima lixabilidade.<\/p>\n","protected":false},"excerpt":{"rendered":"<h4 style=\"margin: 0px;padding: 0px 0px 16px;font-family: Lato, sans-serif;font-weight: bold;line-height: 3rem;color: var(--dark-grey3);font-size: 22px;font-style: normal;letter-spacing: normal;text-align: start;text-indent: 0px;text-transform: none\">Informa\u00e7\u00f5es t\u00e9cnicas<\/h4>\n<p><span style=\"margin: 0px;padding: 0px;font-weight: 450;font-size: 14px;line-height: 21px;color: var(--dark-grey2);font-family: Lato, sans-serif;font-style: normal;letter-spacing: normal;text-align: start;text-indent: 0px;text-transform: none\">Produto: MASSA CORRIDA PVA CX 20KG MAXVINIL<br \/>\nMarca: MAXVINIL<\/p>\n<p>Indica\u00e7\u00e3o: Pode ser aplicado em paredes internas (n\u00e3o molh\u00e1veis) de reboco, gesso, fibrocimento, concreto aparente, blocos de concreto e paredes pintadas com tinta l\u00e1tex PVA ou acr\u00edlica.<\/p>\n<p>Diferenciais: Secagem r\u00e1pida, acabamento liso e requintado<\/p>\n<p>Rendimento:<br \/>\nLata 25kg: 33 at\u00e9 45 m\u00b2<br \/>\nGal\u00e3o 3,6L: 8 at\u00e9 12 m\u00b2<br \/>\nLitro 900mL: 2 at\u00e9 3 m\u00b2<br \/>\nCaixa 20 kg: 26,4 at\u00e9 36 m\u00b2<br \/>\nSaco 15kg:19,8 at\u00e9 27 m\u00b2<\/p>\n<p>Dilui\u00e7\u00e3o: Pronta pra uso. Se julgar necess\u00e1rio diluir at\u00e9 5% com \u00e1gua pot\u00e1vel.<br \/>\nAplica\u00e7\u00e3o: Desempenadeira ou esp\u00e1tula de a\u00e7o. Aplicar em camadas finas e sucessivas at\u00e9 obter o nivelamento desejado.<br \/>\nDem\u00e3os: Aplique de 1 a 2 dem\u00e3os em camadas finas, obedecendo ao intervalo de 1 hora entre as dem\u00e3os.<br \/>\nSecagem: Ao toque: 1 hora. Final: 4 horas;<br \/>\nComposi\u00e7\u00e3o: Resina base de dispers\u00e3o aquosa de pol\u00edmeros acr\u00edlicos e vin\u00edlicos, cargas inertes, glic\u00f3is e tenso \u0096 ativos etoxilados, carboxilados e bactericidas.<\/span><\/p>\n","protected":false},"featured_media":25550,"template":"","meta":{"_joinchat":[]},"product_brand":[],"product_cat":[143],"product_tag":[],"class_list":{"0":"post-18123","1":"product","2":"type-product","3":"status-publish","4":"has-post-thumbnail","6":"product_cat-tintas-e-cia","8":"first","9":"outofstock","10":"shipping-taxable","11":"purchasable","12":"product-type-simple"},"_links":{"self":[{"href":"https:\/\/www.multicasa.com.br\/inicio\/wp-json\/wp\/v2\/product\/18123","targetHints":{"allow":["GET"]}}],"collection":[{"href":"https:\/\/www.multicasa.com.br\/inicio\/wp-json\/wp\/v2\/product"}],"about":[{"href":"https:\/\/www.multicasa.com.br\/inicio\/wp-json\/wp\/v2\/types\/product"}],"wp:featuredmedia":[{"embeddable":true,"href":"https:\/\/www.multicasa.com.br\/inicio\/wp-json\/wp\/v2\/media\/25550"}],"wp:attachment":[{"href":"https:\/\/www.multicasa.com.br\/inicio\/wp-json\/wp\/v2\/media?parent=18123"}],"wp:term":[{"taxonomy":"product_brand","embeddable":true,"href":"https:\/\/www.multicasa.com.br\/inicio\/wp-json\/wp\/v2\/product_brand?post=18123"},{"taxonomy":"product_cat","embeddable":true,"href":"https:\/\/www.multicasa.com.br\/inicio\/wp-json\/wp\/v2\/product_cat?post=18123"},{"taxonomy":"product_tag","embeddable":true,"href":"https:\/\/www.multicasa.com.br\/inicio\/wp-json\/wp\/v2\/product_tag?post=18123"}],"curies":[{"name":"wp","href":"https:\/\/api.w.org\/{rel}","templated":true}]}}