{"id":18125,"date":"2025-06-20T19:28:04","date_gmt":"2025-06-20T23:28:04","guid":{"rendered":"https:\/\/www.multicasa.com.br\/inicio\/?post_type=product&#038;p=18125"},"modified":"2026-03-23T08:52:07","modified_gmt":"2026-03-23T12:52:07","slug":"kit-conversor-valv-max-p-duo-deca","status":"publish","type":"product","link":"https:\/\/www.multicasa.com.br\/inicio\/produto\/kit-conversor-valv-max-p-duo-deca\/","title":{"rendered":"Kit Conversor Valv.Max P\/Duo Deca"},"content":{"rendered":"<p>Produto eficiente, aliando conforto \u00e0 economia de \u00e1gua. A primeira v\u00e1lvula de descarga com tecnologia de duplo acionamento. Uma inova\u00e7\u00e3o que garante maior economia no consumo de \u00e1gua, por meio de dois bot\u00f5es que acionam a quantidade a ser utilizada: 1- descarga com volume reduzido para limpeza r\u00e1pida, ideal para troca de l\u00edquidos, que consome aproximadamente 3 litros de \u00e1gua. 2 &#8211; descarga completa ideal para limpeza total da bacia, consome aproximadamente 6 litros de \u00e1gua.<\/p>\n","protected":false},"excerpt":{"rendered":"<h4 style=\"margin: 0px;padding: 0px 0px 16px;font-family: Lato, sans-serif;font-weight: bold;line-height: 3rem;color: var(--dark-grey3);font-size: 22px;font-style: normal;letter-spacing: normal;text-align: start;text-indent: 0px;text-transform: none\">Informa\u00e7\u00f5es t\u00e9cnicas<\/h4>\n<p><span style=\"margin: 0px;padding: 0px;font-weight: 450;font-size: 14px;line-height: 21px;color: var(--dark-grey2);font-family: Lato, sans-serif;font-style: normal;letter-spacing: normal;text-align: start;text-indent: 0px;text-transform: none\">Produto: KIT CONVERSOR VALV.MAX P\/DUO DECA<br \/>\nMarca: DECA<\/p>\n<p>ATRIBUTOS<br \/>\nDuplo acionamento<\/p>\n<p>DIMENS\u00d5ES<br \/>\nAltura: 90 | Comprimento: 34 | Largura: 110<br \/>\nOBS: Dimens\u00f5es do produto sem embalagem<\/p>\n<p>ESPECIFICA\u00c7OES:<\/p>\n<p>&#8211; Linha: Hydra Duo;<br \/>\n&#8211; Acabamento: Cromado (4916.C.114.DUO);<br \/>\n&#8211; Material: Liga de cobre (bronze e lat\u00e3o), pl\u00e1sticos de engenharia e elast\u00f4meros;<br \/>\n&#8211; Peso l\u00edquido: 0.427;<br \/>\n&#8211; Peso bruto: 0.643;<br \/>\n&#8211; N\u00famero Norma \/ Decreto: N\u00e3o aplic\u00e1vel;<br \/>\n&#8211; Classe de Press\u00e3o: 10 a 40 MCA.<\/p>\n<p>Informa\u00e7\u00f5es complementares:<br \/>\n&#8211; Duplo acionamento 3 e 6 litros, maior economia de \u00e1gua. 3 litros garante a troca de \u00e1gua na bacia e 6 litros total descarte de dejetos;<br \/>\n&#8211; Produto eficiente, aliando conforto \u00e0 economia de \u00e1gua;<br \/>\n&#8211; GARANTIA : 12 meses.<\/span><\/p>\n","protected":false},"featured_media":25352,"template":"","meta":{"_joinchat":[]},"product_brand":[],"product_cat":[74],"product_tag":[],"class_list":{"0":"post-18125","1":"product","2":"type-product","3":"status-publish","4":"has-post-thumbnail","6":"product_cat-reparos-hidraulicos","8":"first","9":"outofstock","10":"shipping-taxable","11":"purchasable","12":"product-type-simple"},"_links":{"self":[{"href":"https:\/\/www.multicasa.com.br\/inicio\/wp-json\/wp\/v2\/product\/18125","targetHints":{"allow":["GET"]}}],"collection":[{"href":"https:\/\/www.multicasa.com.br\/inicio\/wp-json\/wp\/v2\/product"}],"about":[{"href":"https:\/\/www.multicasa.com.br\/inicio\/wp-json\/wp\/v2\/types\/product"}],"wp:featuredmedia":[{"embeddable":true,"href":"https:\/\/www.multicasa.com.br\/inicio\/wp-json\/wp\/v2\/media\/25352"}],"wp:attachment":[{"href":"https:\/\/www.multicasa.com.br\/inicio\/wp-json\/wp\/v2\/media?parent=18125"}],"wp:term":[{"taxonomy":"product_brand","embeddable":true,"href":"https:\/\/www.multicasa.com.br\/inicio\/wp-json\/wp\/v2\/product_brand?post=18125"},{"taxonomy":"product_cat","embeddable":true,"href":"https:\/\/www.multicasa.com.br\/inicio\/wp-json\/wp\/v2\/product_cat?post=18125"},{"taxonomy":"product_tag","embeddable":true,"href":"https:\/\/www.multicasa.com.br\/inicio\/wp-json\/wp\/v2\/product_tag?post=18125"}],"curies":[{"name":"wp","href":"https:\/\/api.w.org\/{rel}","templated":true}]}}