{"id":18126,"date":"2025-06-20T19:28:04","date_gmt":"2025-06-20T23:28:04","guid":{"rendered":"https:\/\/www.multicasa.com.br\/inicio\/?post_type=product&#038;p=18126"},"modified":"2025-09-18T14:43:51","modified_gmt":"2025-09-18T18:43:51","slug":"caixa-areia-c-grelha-d100-cz-tigre","status":"publish","type":"product","link":"https:\/\/www.multicasa.com.br\/inicio\/produto\/caixa-areia-c-grelha-d100-cz-tigre\/","title":{"rendered":"Caixa Areia C\/Grelha D100 Cz Tigre"},"content":{"rendered":"<p>Em \u00e1reas onde a chuva \u00e9 uma constante, \u00e9 indicado sempre ter um sistema de escoamento de \u00e1gua para evitar ac\u00famulo no solo ou retorno para a resid\u00eancia. Entretanto, para n\u00e3o comprometer seu esgoto com outros dejetos que podem vir com a chuva, voc\u00ea precisa de uma Caixa de Areia PVC DN100 Tigre. \u00c9 muito comum nas \u00e1reas externas termos um ralo para deixar fluir a \u00e1gua da chuva para o seu esgoto comum, como em quintais. Contudo, com o l\u00edquido podem ir folhas e outros objetos s\u00f3lidos que acabam entupindo o encanamento. Para evitar isso \u00e9 que se usa uma caixa de areia.<\/p>\n<p>Este produto da marca Tigre \u00e9 fabricado em pl\u00e1stico do tipo PVC, o mesmo usado em canos porque \u00e9 dur\u00e1vel, resistente ao fluxo constante de \u00e1gua. A cor \u00e9 cinza grafite e temos na parte de cima um ralo comum, com uma caixa na parte de baixo que impede os s\u00f3lidos de entrarem no seu esgoto.<\/p>\n<p>Ela mede 100 mm de di\u00e2metro de entrada, o mesmo de sa\u00edda, 348 mm de altura, 311 mm de largura e 300 mm de profundidade.<\/p>\n","protected":false},"excerpt":{"rendered":"<h4 style=\"margin: 0px;padding: 0px 0px 16px;font-family: Lato, sans-serif;font-weight: bold;line-height: 3rem;color: var(--dark-grey3);font-size: 22px;font-style: normal;letter-spacing: normal;text-align: start;text-indent: 0px;text-transform: none\">Informa\u00e7\u00f5es t\u00e9cnicas<\/h4>\n<p><span style=\"margin: 0px;padding: 0px;font-weight: 450;font-size: 14px;line-height: 21px;color: var(--dark-grey2);font-family: Lato, sans-serif;font-style: normal;letter-spacing: normal;text-align: start;text-indent: 0px;text-transform: none\">Produto: CAIXA AREIA C\/GRELHA D100 CZ TIGRE<br \/>\nMarca: TIGRE<\/p>\n<p>&#8211; Resist\u00eancia da tampa: Tr\u00e1fego de Ve\u00edculos Leves at\u00e9 500kg;<br \/>\n&#8211; Material: Pl\u00e1stico;<br \/>\n&#8211; Tipo de Material: PVC;<br \/>\n&#8211; Material da Tampa: Pl\u00e1stico;<br \/>\n&#8211; Tipo de Material da Tampa: PVC;<br \/>\n&#8211; Cor da Tampa: Cinza;<br \/>\n&#8211; Tonalidade da Tampa: Cinza;<br \/>\n&#8211; Di\u00e2metro de Entrada: 100 mm;<br \/>\n&#8211; Di\u00e2metro de Sa\u00edda: 100 mm;<br \/>\n&#8211; Altura: 31,1 cm;<br \/>\n&#8211; Largura: 30 cm;<br \/>\n&#8211; Profundidade: 34,8 cm;<br \/>\n&#8211; Dimens\u00e3o: 31.1x30x34.8 cm;<br \/>\n&#8211; Cor: Cinza;<br \/>\n&#8211; Tonalidade: Cinza;<br \/>\n&#8211; Marca: Tigre;<br \/>\n&#8211; Material resistente;<br \/>\n&#8211; Evita que itens s\u00f3lidos v\u00e3o para o seu encanamento, prevenindo entupimentos;<br \/>\n&#8211; Direciona a \u00e1gua de chuva para a rede de esgoto de forma segura, evitando pequenas inunda\u00e7\u00f5es nos ambientes dom\u00e9sticos.<\/span><\/p>\n","protected":false},"featured_media":24843,"template":"","meta":{"_joinchat":[]},"product_brand":[],"product_cat":[73],"product_tag":[],"class_list":{"0":"post-18126","1":"product","2":"type-product","3":"status-publish","4":"has-post-thumbnail","6":"product_cat-tubos-e-conexoes","8":"first","9":"outofstock","10":"shipping-taxable","11":"purchasable","12":"product-type-simple"},"_links":{"self":[{"href":"https:\/\/www.multicasa.com.br\/inicio\/wp-json\/wp\/v2\/product\/18126","targetHints":{"allow":["GET"]}}],"collection":[{"href":"https:\/\/www.multicasa.com.br\/inicio\/wp-json\/wp\/v2\/product"}],"about":[{"href":"https:\/\/www.multicasa.com.br\/inicio\/wp-json\/wp\/v2\/types\/product"}],"wp:featuredmedia":[{"embeddable":true,"href":"https:\/\/www.multicasa.com.br\/inicio\/wp-json\/wp\/v2\/media\/24843"}],"wp:attachment":[{"href":"https:\/\/www.multicasa.com.br\/inicio\/wp-json\/wp\/v2\/media?parent=18126"}],"wp:term":[{"taxonomy":"product_brand","embeddable":true,"href":"https:\/\/www.multicasa.com.br\/inicio\/wp-json\/wp\/v2\/product_brand?post=18126"},{"taxonomy":"product_cat","embeddable":true,"href":"https:\/\/www.multicasa.com.br\/inicio\/wp-json\/wp\/v2\/product_cat?post=18126"},{"taxonomy":"product_tag","embeddable":true,"href":"https:\/\/www.multicasa.com.br\/inicio\/wp-json\/wp\/v2\/product_tag?post=18126"}],"curies":[{"name":"wp","href":"https:\/\/api.w.org\/{rel}","templated":true}]}}