{"id":18127,"date":"2025-06-20T19:28:04","date_gmt":"2025-06-20T23:28:04","guid":{"rendered":"https:\/\/www.multicasa.com.br\/inicio\/?post_type=product&#038;p=18127"},"modified":"2025-08-18T03:24:19","modified_gmt":"2025-08-18T07:24:19","slug":"valvula-de-retencaoo-esgoto-100mm-tigre","status":"publish","type":"product","link":"https:\/\/www.multicasa.com.br\/inicio\/produto\/valvula-de-retencaoo-esgoto-100mm-tigre\/","title":{"rendered":"V\u00e1lvula De Reten\u00e7\u00e3oo Esgoto 100Mm Tigre"},"content":{"rendered":"<p>A v\u00e1lvula de reten\u00e7\u00e3o Tigre pertence a S\u00e9rie Normal, uma linha da Tigre de tubos e conex\u00f5es fabricada em PVC r\u00edgido, indicada para evitar retorno de \u00e1guas pluviais em \u00e1reas de alagamento. Conta com uma r\u00e1pida e pr\u00e1tica instala\u00e7\u00e3o, bolsas com anel e tampa para inspe\u00e7\u00e3o e limpeza. Todas as informa\u00e7\u00f5es divulgadas s\u00e3o de responsabilidade do Fabricante\/Fornecedor. Imagem meramente ilustrativa.<\/p>\n","protected":false},"excerpt":{"rendered":"<h4 style=\"margin: 0px;padding: 0px 0px 16px;font-family: Lato, sans-serif;font-weight: bold;line-height: 3rem;color: var(--dark-grey3);font-size: 22px;font-style: normal;letter-spacing: normal;text-align: start;text-indent: 0px;text-transform: none\">Informa\u00e7\u00f5es t\u00e9cnicas<\/h4>\n<p><span style=\"margin: 0px;padding: 0px;font-weight: 450;font-size: 14px;line-height: 21px;color: var(--dark-grey2);font-family: Lato, sans-serif;font-style: normal;letter-spacing: normal;text-align: start;text-indent: 0px;text-transform: none\">Produto: v\u00e1lvula RETENCAO ESGOTO 100MM TIGRE<br \/>\nMarca: TIGRE<\/p>\n<p>&#8211; cor: Branco;<br \/>\n&#8211; material: PVC;<br \/>\n&#8211; Cross docking;<br \/>\n&#8211; conex\u00e3o de entrada: 100mm;<br \/>\n&#8211; conex\u00e3o de sa\u00edda: 100mm;<\/span><\/p>\n","protected":false},"featured_media":26209,"template":"","meta":{"_joinchat":[]},"product_brand":[],"product_cat":[73],"product_tag":[],"class_list":{"0":"post-18127","1":"product","2":"type-product","3":"status-publish","4":"has-post-thumbnail","6":"product_cat-tubos-e-conexoes","8":"first","9":"instock","10":"shipping-taxable","11":"purchasable","12":"product-type-simple"},"_links":{"self":[{"href":"https:\/\/www.multicasa.com.br\/inicio\/wp-json\/wp\/v2\/product\/18127","targetHints":{"allow":["GET"]}}],"collection":[{"href":"https:\/\/www.multicasa.com.br\/inicio\/wp-json\/wp\/v2\/product"}],"about":[{"href":"https:\/\/www.multicasa.com.br\/inicio\/wp-json\/wp\/v2\/types\/product"}],"wp:featuredmedia":[{"embeddable":true,"href":"https:\/\/www.multicasa.com.br\/inicio\/wp-json\/wp\/v2\/media\/26209"}],"wp:attachment":[{"href":"https:\/\/www.multicasa.com.br\/inicio\/wp-json\/wp\/v2\/media?parent=18127"}],"wp:term":[{"taxonomy":"product_brand","embeddable":true,"href":"https:\/\/www.multicasa.com.br\/inicio\/wp-json\/wp\/v2\/product_brand?post=18127"},{"taxonomy":"product_cat","embeddable":true,"href":"https:\/\/www.multicasa.com.br\/inicio\/wp-json\/wp\/v2\/product_cat?post=18127"},{"taxonomy":"product_tag","embeddable":true,"href":"https:\/\/www.multicasa.com.br\/inicio\/wp-json\/wp\/v2\/product_tag?post=18127"}],"curies":[{"name":"wp","href":"https:\/\/api.w.org\/{rel}","templated":true}]}}