{"id":18129,"date":"2025-06-20T19:28:05","date_gmt":"2025-06-20T23:28:05","guid":{"rendered":"https:\/\/www.multicasa.com.br\/inicio\/?post_type=product&#038;p=18129"},"modified":"2025-11-28T17:04:55","modified_gmt":"2025-11-28T21:04:55","slug":"bacia-caixa-acoplada-m-carlo-bc-dec","status":"publish","type":"product","link":"https:\/\/www.multicasa.com.br\/inicio\/produto\/bacia-caixa-acoplada-m-carlo-bc-dec\/","title":{"rendered":"Bacia Caixa Acoplada M.Carlo Bc Dec"},"content":{"rendered":"<p>Procurando o melhor para seu banheiro? O kit vaso sanit\u00e1rio com caixa acoplada Level da Deca apresenta sa\u00edda de esgoto vertical e bot\u00e3o superior de duplo acionamento da descarga. A solu\u00e7\u00e3o completa com tudo que voc\u00ea precisa!<\/p>\n","protected":false},"excerpt":{"rendered":"<h4 style=\"margin: 0px;padding: 0px 0px 16px;font-family: Lato, sans-serif;font-weight: bold;line-height: 3rem;color: var(--dark-grey3);font-size: 22px;font-style: normal;letter-spacing: normal;text-align: start;text-indent: 0px;text-transform: none\">Informa\u00e7\u00f5es t\u00e9cnicas<\/h4>\n<p><span style=\"margin: 0px;padding: 0px;font-weight: 450;font-size: 14px;line-height: 21px;color: var(--dark-grey2);font-family: Lato, sans-serif;font-style: normal;letter-spacing: normal;text-align: start;text-indent: 0px;text-transform: none\">Produto: BACIA CAIXA ACOPLADA M.CARLO BC DEC<br \/>\nMarca: DECA<\/p>\n<p>&#8211; Produto\tKit Vaso Sanit\u00e1rio com Caixa Acoplada;<br \/>\n&#8211; Modelo Level;<br \/>\n&#8211; Marca Deca;<br \/>\n&#8211; Sa\u00edda Vaso Sanit\u00e1rio Vertical;<br \/>\n&#8211; Formato:Oval;<br \/>\n&#8211; Cor: Branco;<br \/>\n&#8211; Tonalidade Branco;<br \/>\n&#8211; Tipo de Acionamento da Bacia Sanit\u00e1ria Duplo Acionamento;<br \/>\n&#8211; Posi\u00e7\u00e3o do Acionamento da Bacia Sanit\u00e1ria Bot\u00e3o Superior;<br \/>\n&#8211; Capacidade do Acionamento da Bacia Sanit\u00e1ria 3\/6 L;<br \/>\n&#8211; Acompanha Assento Sanit\u00e1rio Sim;<br \/>\n&#8211; Altura do Assento Sanit\u00e1rio Fechado 6,5 cm;<br \/>\n&#8211; Largura do Assento Sanit\u00e1rio 36 cm;<br \/>\n&#8211; Comprimento do Assento 45 cm;<br \/>\n&#8211; Dist\u00e2ncia dos Furos do Assento Sanit\u00e1rio 1,55 cm;<br \/>\n&#8211; Dimens\u00e3o Assento Sanit\u00e1rio 6,5x36x45;<br \/>\n&#8211; Cor do Assento Sanit\u00e1rio Branco;<br \/>\n&#8211; Tonalidade do Assento Sanit\u00e1rio Branco;<br \/>\n&#8211; Material do Assento Sanit\u00e1rio Pl\u00e1stico;<br \/>\n&#8211; Tipo de Material do Assento Sanit\u00e1rio Termofixo;<br \/>\n&#8211; Marca do Assento Sanit\u00e1rio Deca;<br \/>\n&#8211; Acompanha Fixa\u00e7\u00e3o Sim;<br \/>\n&#8211; Material da Fixa\u00e7\u00e3o Metal;<br \/>\n&#8211; Altura 74 cm;<br \/>\n&#8211; Largura\t35 cm;<br \/>\n&#8211; Profundidade 64 cm;<br \/>\n&#8211; Dimens\u00e3o: 74x35x64 cm;<br \/>\n&#8211; Cole\u00e7\u00e3o: Island Dream;<br \/>\n&#8211; Acompanha Cuba de Banheiro: N\u00e3o;<br \/>\n&#8211; Peso do Produto: 43,447 Kg;<br \/>\n&#8211; Produto Acompanha: Embalagem Sim;<br \/>\n&#8211; Tipo de Embalagem: Caixa;<br \/>\n&#8211; Altura da Embalagem: 40 cm;<br \/>\n&#8211; Largura da Embalagem: 80,5 cm;<br \/>\n&#8211; Profundidade da Embalagem: 42 cm;<br \/>\n&#8211; Peso do Produto na Embalagem: 44,175 Kg.<\/span><\/p>\n","protected":false},"featured_media":24647,"template":"","meta":{"_joinchat":[]},"product_brand":[],"product_cat":[68],"product_tag":[],"class_list":{"0":"post-18129","1":"product","2":"type-product","3":"status-publish","4":"has-post-thumbnail","6":"product_cat-loucas-e-cia","8":"first","9":"instock","10":"shipping-taxable","11":"purchasable","12":"product-type-simple"},"_links":{"self":[{"href":"https:\/\/www.multicasa.com.br\/inicio\/wp-json\/wp\/v2\/product\/18129","targetHints":{"allow":["GET"]}}],"collection":[{"href":"https:\/\/www.multicasa.com.br\/inicio\/wp-json\/wp\/v2\/product"}],"about":[{"href":"https:\/\/www.multicasa.com.br\/inicio\/wp-json\/wp\/v2\/types\/product"}],"wp:featuredmedia":[{"embeddable":true,"href":"https:\/\/www.multicasa.com.br\/inicio\/wp-json\/wp\/v2\/media\/24647"}],"wp:attachment":[{"href":"https:\/\/www.multicasa.com.br\/inicio\/wp-json\/wp\/v2\/media?parent=18129"}],"wp:term":[{"taxonomy":"product_brand","embeddable":true,"href":"https:\/\/www.multicasa.com.br\/inicio\/wp-json\/wp\/v2\/product_brand?post=18129"},{"taxonomy":"product_cat","embeddable":true,"href":"https:\/\/www.multicasa.com.br\/inicio\/wp-json\/wp\/v2\/product_cat?post=18129"},{"taxonomy":"product_tag","embeddable":true,"href":"https:\/\/www.multicasa.com.br\/inicio\/wp-json\/wp\/v2\/product_tag?post=18129"}],"curies":[{"name":"wp","href":"https:\/\/api.w.org\/{rel}","templated":true}]}}