{"id":18131,"date":"2025-06-20T19:28:05","date_gmt":"2025-06-20T23:28:05","guid":{"rendered":"https:\/\/www.multicasa.com.br\/inicio\/?post_type=product&#038;p=18131"},"modified":"2026-04-20T11:24:36","modified_gmt":"2026-04-20T15:24:36","slug":"gancho-rede-sob-cr-ct1-uniao","status":"publish","type":"product","link":"https:\/\/www.multicasa.com.br\/inicio\/produto\/gancho-rede-sob-cr-ct1-uniao\/","title":{"rendered":"Gancho Rede Sob Cr Ct1 Uniao"},"content":{"rendered":"<p>O Gancho para Rede da Uni\u00e3o Mundial pode ser usado tanto em concreto, tijolo ou madeira. Ideal para sustenta\u00e7\u00e3o de redes de descanso. Todas as informa\u00e7\u00f5es divulgadas s\u00e3o de responsabilidade do Fabricante\/Fornecedor. Imagem meramente ilustrativa<\/p>\n","protected":false},"excerpt":{"rendered":"<h4 style=\"margin: 0px;padding: 0px 0px 16px;font-family: Lato, sans-serif;font-weight: bold;line-height: 3rem;color: var(--dark-grey3);font-size: 22px;font-style: normal;letter-spacing: normal;text-align: start;text-indent: 0px;text-transform: none\">Informa\u00e7\u00f5es t\u00e9cnicas<\/h4>\n<p><span style=\"margin: 0px;padding: 0px;font-weight: 450;font-size: 14px;line-height: 21px;color: var(--dark-grey2);font-family: Lato, sans-serif;font-style: normal;letter-spacing: normal;text-align: start;text-indent: 0px;text-transform: none\">Produto: GANCHO REDE SOB CROMADO CT1 UNIAO<br \/>\nMarca: MUNDIAL<\/p>\n<p>&#8211; Produto: Gancho de Rede;<br \/>\n&#8211; Local(is) Indicado(s): Madeira e Parede de Alvenaria;<br \/>\n&#8211; Tipo de Instala\u00e7\u00e3o: Parafusar;<br \/>\n&#8211; Capacidade de Peso: 150 Kg<br \/>\n&#8211; Observa\u00e7\u00f5es sobre a Capacidade de Peso: Considerar a capacidade de peso distribu\u00edda nos dois ganchos. Atente-se na hora da instala\u00e7\u00e3o, pois ela afetar\u00e1 a capacidade suportada;<br \/>\n&#8211; Uso Indicado para: Rede;<br \/>\n&#8211; Material: Metal;<br \/>\n&#8211; Tipo de Material: A\u00e7o Carbono;<br \/>\n&#8211; Acabamento: Oxidado;<br \/>\n&#8211; Acompanha Fixa\u00e7\u00e3o: Sim;<br \/>\n&#8211; Quantidade de Pe\u00e7as de Fixa\u00e7\u00e3o: 4 pe\u00e7a(s);<br \/>\n&#8211; Tipo de Fixa\u00e7\u00e3o: Parafusos com Buchas n\u00ba 10;<br \/>\n&#8211; Altura: 10,2 cm;<br \/>\n&#8211; Largura: 7,2 cm;<br \/>\n&#8211; Profundidade: 5,1 cm;<br \/>\n&#8211; Cor: Cromado;<br \/>\n&#8211; Produto Acompanha Embalagem: Sim;<br \/>\n&#8211; Tipo de Embalagem: Cartela;<br \/>\n&#8211; Altura da Embalagem: 19 cm;<br \/>\n&#8211; Largura da Embalagem: 12 cm;<br \/>\n&#8211; Profundidade da Embalagem: 6,5 cm;<br \/>\n&#8211; Peso do Produto na Embalagem: 0,298 Kg;<br \/>\n&#8211; Conte\u00fado da Embalagem: 1 pe\u00e7a;<br \/>\n&#8211; Marca: Uni\u00e3o Mundial;<br \/>\n&#8211; Garantia do Fabricante: 12 mes(es);<\/p>\n<p>Observa\u00e7\u00f5es sobre a Garantia do Fabricante:<\/p>\n<p>Situa\u00e7\u00f5es n\u00e3o cobertas pela garantia: Problemas relacionados a condi\u00e7\u00f5es inadequadas do local onde o produto foi instalado, tais como paredes pouco resistentes, etc.; Mau uso, esfor\u00e7os indevidos; Danos causados por produto de limpeza ou produtos qu\u00edmicos; Oxida\u00e7\u00e3o ou corros\u00e3o devido ao uso de produtos inadequados.<\/span><\/p>\n","protected":false},"featured_media":25262,"template":"","meta":{"_joinchat":[]},"product_brand":[],"product_cat":[141],"product_tag":[],"class_list":{"0":"post-18131","1":"product","2":"type-product","3":"status-publish","4":"has-post-thumbnail","6":"product_cat-marcenaria","8":"first","9":"instock","10":"shipping-taxable","11":"purchasable","12":"product-type-simple"},"_links":{"self":[{"href":"https:\/\/www.multicasa.com.br\/inicio\/wp-json\/wp\/v2\/product\/18131","targetHints":{"allow":["GET"]}}],"collection":[{"href":"https:\/\/www.multicasa.com.br\/inicio\/wp-json\/wp\/v2\/product"}],"about":[{"href":"https:\/\/www.multicasa.com.br\/inicio\/wp-json\/wp\/v2\/types\/product"}],"wp:featuredmedia":[{"embeddable":true,"href":"https:\/\/www.multicasa.com.br\/inicio\/wp-json\/wp\/v2\/media\/25262"}],"wp:attachment":[{"href":"https:\/\/www.multicasa.com.br\/inicio\/wp-json\/wp\/v2\/media?parent=18131"}],"wp:term":[{"taxonomy":"product_brand","embeddable":true,"href":"https:\/\/www.multicasa.com.br\/inicio\/wp-json\/wp\/v2\/product_brand?post=18131"},{"taxonomy":"product_cat","embeddable":true,"href":"https:\/\/www.multicasa.com.br\/inicio\/wp-json\/wp\/v2\/product_cat?post=18131"},{"taxonomy":"product_tag","embeddable":true,"href":"https:\/\/www.multicasa.com.br\/inicio\/wp-json\/wp\/v2\/product_tag?post=18131"}],"curies":[{"name":"wp","href":"https:\/\/api.w.org\/{rel}","templated":true}]}}