{"id":18142,"date":"2025-06-20T19:28:07","date_gmt":"2025-06-20T23:28:07","guid":{"rendered":"https:\/\/www.multicasa.com.br\/inicio\/?post_type=product&#038;p=18142"},"modified":"2025-11-10T10:44:19","modified_gmt":"2025-11-10T14:44:19","slug":"dispositivo-contra-surto-30ka-eletromar","status":"publish","type":"product","link":"https:\/\/www.multicasa.com.br\/inicio\/produto\/dispositivo-contra-surto-30ka-eletromar\/","title":{"rendered":"Dispositivo Contra Surto 30Ka Eletromar"},"content":{"rendered":"<p>Adequado para instala\u00e7\u00e3o entre Linha e Neutro, Linha e PE ou Neutro e PE, em quadros secund\u00e1rios de distribui\u00e7\u00e3o de circuitos ou de comando. Sua concep\u00e7\u00e3o modular facilita a montagem conjunta de diversas unidades de DPS, conectados diretamente ou n\u00e3o ao barramento, assim como a outros componentes dos quadros de distribui\u00e7\u00e3o de circuitos. Pode atuar diversas vezes sem a necessidade de ser substitu\u00eddo ou religado.<br \/>\nDispositivo de Prote\u00e7\u00e3o contra Surtos (DPS) monopolar, Classe II (NBR IEC 61643-1) do tipo limitador de tens\u00e3o, composto por Varistor de \u00d3xido Met\u00e1lico (MOV) associado a um dispositivo de desconex\u00e3o t\u00e9rmica (sobretemperatura) e el\u00e9trica (sobrecorrente). O CLAMPER VCL Slim Classe II \u00e9 um DPS que possui capacidade para drenar correntes induzidas nas linhas de energia, que penetram nas edifica\u00e7\u00f5es. Adequado para aplica\u00e7\u00e3o em quadros de distribui\u00e7\u00e3o secund\u00e1rios para a prote\u00e7\u00e3o de equipamentos el\u00e9tricos e eletr\u00f4nicos.<\/p>\n","protected":false},"excerpt":{"rendered":"<h4 style=\"margin: 0px;padding: 0px 0px 16px;font-family: Lato, sans-serif;font-weight: bold;line-height: 3rem;color: var(--dark-grey3);font-size: 22px;font-style: normal;letter-spacing: normal;text-align: start;text-indent: 0px;text-transform: none\">Informa\u00e7\u00f5es t\u00e9cnicas<\/h4>\n<p><span style=\"margin: 0px;padding: 0px;font-weight: 450;font-size: 14px;line-height: 21px;color: var(--dark-grey2);font-family: Lato, sans-serif;font-style: normal;letter-spacing: normal;text-align: start;text-indent: 0px;text-transform: none\">Produto: DISPOSITIVO CONTRA SURTO<br \/>\nMarca: ELETROMAR<\/p>\n<p>&#8211; Tens\u00e3o El\u00e9trica: 275;<br \/>\n&#8211; VAltura: 9cm;<br \/>\n&#8211; Comprimento: 1,8cm;<br \/>\n&#8211; Cor: Vermelho;<br \/>\n&#8211; Corrente El\u00e9trica: 30k;<br \/>\n&#8211; A Garantia da Fabricante: 3 Anos;<br \/>\n&#8211; Largura: 7,5cm;<br \/>\n&#8211; Material:Pl\u00e1stico e Metal;<br \/>\n&#8211; Peso do Produto: 100g;<br \/>\n&#8211; Produto: Dispositivo Protetor Contra Surtos.<br \/>\n<\/span><\/p>\n","protected":false},"featured_media":25069,"template":"","meta":{"_joinchat":[]},"product_brand":[],"product_cat":[122],"product_tag":[],"class_list":{"0":"post-18142","1":"product","2":"type-product","3":"status-publish","4":"has-post-thumbnail","6":"product_cat-quadros-e-cia","8":"first","9":"outofstock","10":"shipping-taxable","11":"purchasable","12":"product-type-simple"},"_links":{"self":[{"href":"https:\/\/www.multicasa.com.br\/inicio\/wp-json\/wp\/v2\/product\/18142","targetHints":{"allow":["GET"]}}],"collection":[{"href":"https:\/\/www.multicasa.com.br\/inicio\/wp-json\/wp\/v2\/product"}],"about":[{"href":"https:\/\/www.multicasa.com.br\/inicio\/wp-json\/wp\/v2\/types\/product"}],"wp:featuredmedia":[{"embeddable":true,"href":"https:\/\/www.multicasa.com.br\/inicio\/wp-json\/wp\/v2\/media\/25069"}],"wp:attachment":[{"href":"https:\/\/www.multicasa.com.br\/inicio\/wp-json\/wp\/v2\/media?parent=18142"}],"wp:term":[{"taxonomy":"product_brand","embeddable":true,"href":"https:\/\/www.multicasa.com.br\/inicio\/wp-json\/wp\/v2\/product_brand?post=18142"},{"taxonomy":"product_cat","embeddable":true,"href":"https:\/\/www.multicasa.com.br\/inicio\/wp-json\/wp\/v2\/product_cat?post=18142"},{"taxonomy":"product_tag","embeddable":true,"href":"https:\/\/www.multicasa.com.br\/inicio\/wp-json\/wp\/v2\/product_tag?post=18142"}],"curies":[{"name":"wp","href":"https:\/\/api.w.org\/{rel}","templated":true}]}}