{"id":18144,"date":"2025-06-20T19:28:07","date_gmt":"2025-06-20T23:28:07","guid":{"rendered":"https:\/\/www.multicasa.com.br\/inicio\/?post_type=product&#038;p=18144"},"modified":"2025-06-23T10:37:43","modified_gmt":"2025-06-23T14:37:43","slug":"suporte-tv-teto-10-55-sbrp150-bras","status":"publish","type":"product","link":"https:\/\/www.multicasa.com.br\/inicio\/produto\/suporte-tv-teto-10-55-sbrp150-bras\/","title":{"rendered":"Suporte Tv Teto 10\/55 Sbrp150 Bras"},"content":{"rendered":"<p>Suporte de teto para tvs lcd, led, plasma, 3d e smart tv de 10 at\u00e9 55 polegadas &#8211; sbrp150 (com vesa m\u00e1ximo de 400x400mm) + suporte para receptor\/decodificador permite inclina\u00e7\u00e3o, rota\u00e7\u00e3o e ajuste de altura o que possibilita assistir a tv de v\u00e1rios \u00e2ngulos. ideal ambientes grandes, salas, escrit\u00f3rios, quartos, hospitais, restaurantes, supermercados, bares, academias, entre outros locais. &#8211; polegadas de 10&#8243; &#8211; 55&#8243;; &#8211; fura\u00e7\u00e3o compat\u00edvel com vesa de 75&#215;75, 100&#215;100, 200&#215;100, 200&#215;200, 300&#215;200, 300&#215;300, 400&#215;100 e m\u00e1x. 400&#215;400; &#8211; fabricado em a\u00e7o carbono de alt\u00edssima qualidade; &#8211; suporta carga m\u00e1xima de at\u00e9 40 kg; &#8211; permite ajuste de altura; &#8211; dist\u00e2ncia m\u00ednima do teto de 80 cm; &#8211; dist\u00e2ncia m\u00e1xima do teto de 130 cm; &#8211; permite inclina\u00e7\u00e3o de 15\u00ba; &#8211; permite articula\u00e7\u00e3o de 180\u00b0; &#8211; giro de 360\u00b0 na base da tv &#8211; 4 pontos de fixa\u00e7\u00e3o entre a tv e o suporte; &#8211; f\u00e1cil instala\u00e7\u00e3o; acompanha: &#8211; acompanha suporte para receptor, decodificador; &#8211; hastes extensoras para vesa 400 x 400 mm; &#8211; jogo de parafusos; &#8211; manual de instru\u00e7\u00f5es; garantia: 5 anos.<\/p>\n","protected":false},"excerpt":{"rendered":"<h4 style=\"margin: 0px;padding: 0px 0px 16px;font-family: Lato, sans-serif;font-weight: bold;line-height: 3rem;color: var(--dark-grey3);font-size: 22px;font-style: normal;letter-spacing: normal;text-align: start;text-indent: 0px;text-transform: none\">Informa\u00e7\u00f5es t\u00e9cnicas<\/h4>\n<p><span style=\"margin: 0px;padding: 0px;font-weight: 450;font-size: 14px;line-height: 21px;color: var(--dark-grey2);font-family: Lato, sans-serif;font-style: normal;letter-spacing: normal;text-align: start;text-indent: 0px;text-transform: none\">Produto: SUPORTE TV TETO 10\/55 SBRP150 BRAS<br \/>\nMarca: BRASFORMA<\/p>\n<p>&#8211; Fura\u00e7\u00e3o Compat\u00edvel: VESA: 50&#215;50, 75&#215;75, 100&#215;100, 200&#215;100 ,200&#215;200, 300 x 200, 300&#215;300 max.400x400mm;<br \/>\n&#8211; Carga M\u00e1xima: 40 kg;<br \/>\n&#8211; Dimens\u00e3o do produto: 40x130x13cm (LxAxP);<br \/>\n&#8211; Ajuste de altura (80x130cm);<br \/>\n&#8211; Permite Inclina\u00e7\u00e3o At\u00e9:15\u00b0;<br \/>\n&#8211; Permite Rota\u00e7\u00e3o de at\u00e9: 360\u00b0;<br \/>\n &#8211; Conte\u00fado da Embalagem: Suporte para TV, hastes extensoras, manual, parafusos (M4X16mm, M6X20mm e M8X16mm) e buchas;<br \/>\n&#8211; Suporte de teto para tvs lcd, led, plasma, 3d e smart tv de 10 at\u00e9 55 polegadas &#8211; sbrp150 (com vesa m\u00e1ximo de 400x400mm) + suporte para receptor\/decodificador permite inclina\u00e7\u00e3o, rota\u00e7\u00e3o e ajuste de altura o que possibilita assistir a tv de v\u00e1rios \u00e2ngulos. ideal ambientes grandes, salas, escrit\u00f3rios, quartos, hospitais, restaurantes, supermercados, bares, academias, entre outros locais. &#8211; polegadas de 10&#8243; &#8211; 55&#8243;; &#8211; fura\u00e7\u00e3o compat\u00edvel com vesa de 75&#215;75, 100&#215;100, 200&#215;100, 200&#215;200, 300&#215;200, 300&#215;300, 400&#215;100 e m\u00e1x. 400&#215;400; &#8211; fabricado em a\u00e7o carbono de alt\u00edssima qualidade;<br \/>\n&#8211; suporta carga m\u00e1xima de at\u00e9 40 kg;<br \/>\n&#8211; permite ajuste de altura;<br \/>\n&#8211; dist\u00e2ncia m\u00ednima do teto de 80 cm;<br \/>\n&#8211; dist\u00e2ncia m\u00e1xima do teto de 130 cm;<br \/>\n&#8211; permite inclina\u00e7\u00e3o de 15\u00ba;<br \/>\n&#8211; permite articula\u00e7\u00e3o de 180\u00b0;<br \/>\n&#8211; giro de 360\u00b0 na base da tv<br \/>\n&#8211; 4 pontos de fixa\u00e7\u00e3o entre a tv e o suporte;<br \/>\n&#8211; f\u00e1cil instala\u00e7\u00e3o; acompanha:<br \/>\n&#8211; acompanha suporte para receptor, decodificador;<br \/>\n&#8211; hastes extensoras para vesa 400 x 400 mm;<br \/>\n&#8211; jogo de parafusos;<br \/>\n&#8211; manual de instru\u00e7\u00f5es; garantia: 5 anos.<\/span><\/p>\n","protected":false},"featured_media":26031,"template":"","meta":{"_joinchat":[]},"product_brand":[],"product_cat":[150],"product_tag":[],"class_list":{"0":"post-18144","1":"product","2":"type-product","3":"status-publish","4":"has-post-thumbnail","6":"product_cat-antenas-e-cia","8":"first","9":"outofstock","10":"shipping-taxable","11":"product-type-simple"},"_links":{"self":[{"href":"https:\/\/www.multicasa.com.br\/inicio\/wp-json\/wp\/v2\/product\/18144","targetHints":{"allow":["GET"]}}],"collection":[{"href":"https:\/\/www.multicasa.com.br\/inicio\/wp-json\/wp\/v2\/product"}],"about":[{"href":"https:\/\/www.multicasa.com.br\/inicio\/wp-json\/wp\/v2\/types\/product"}],"wp:featuredmedia":[{"embeddable":true,"href":"https:\/\/www.multicasa.com.br\/inicio\/wp-json\/wp\/v2\/media\/26031"}],"wp:attachment":[{"href":"https:\/\/www.multicasa.com.br\/inicio\/wp-json\/wp\/v2\/media?parent=18144"}],"wp:term":[{"taxonomy":"product_brand","embeddable":true,"href":"https:\/\/www.multicasa.com.br\/inicio\/wp-json\/wp\/v2\/product_brand?post=18144"},{"taxonomy":"product_cat","embeddable":true,"href":"https:\/\/www.multicasa.com.br\/inicio\/wp-json\/wp\/v2\/product_cat?post=18144"},{"taxonomy":"product_tag","embeddable":true,"href":"https:\/\/www.multicasa.com.br\/inicio\/wp-json\/wp\/v2\/product_tag?post=18144"}],"curies":[{"name":"wp","href":"https:\/\/api.w.org\/{rel}","templated":true}]}}