{"id":18175,"date":"2025-06-20T19:28:17","date_gmt":"2025-06-20T23:28:17","guid":{"rendered":"https:\/\/www.multicasa.com.br\/inicio\/?post_type=product&#038;p=18175"},"modified":"2025-08-17T18:57:45","modified_gmt":"2025-08-17T22:57:45","slug":"baralho-plastico-class-copag-2-unidades","status":"publish","type":"product","link":"https:\/\/www.multicasa.com.br\/inicio\/produto\/baralho-plastico-class-copag-2-unidades\/","title":{"rendered":"Baralho Pl\u00e1stico Class Copag 2 unidades"},"content":{"rendered":"<p>Hora da jogatina! Use o baralho pl\u00e1stico Class da Copag para jogar paci\u00eancia, buraco, tranca, truco e outros jogos. S\u00e3o 110 cartas ideais para jogadores exigentes. Com deslize \u00fanico, s\u00e3o produzidos com a melhor tecnologia que garante resist\u00eancia e toque suave. S\u00e3o 2 jogos de baralhos em formato bridge size com arte de verso em 2 cores, trazendo novos designs e formas inspiradoras que remetem aos cl\u00e1ssicos do baralho e retratam diferentes estilos art\u00edsticos. Perfeita para deixar a sua mesa ainda mais colorida e divertida.<\/p>\n","protected":false},"excerpt":{"rendered":"<h4 style=\"margin: 0px;padding: 0px 0px 16px;font-family: Lato, sans-serif;font-weight: bold;line-height: 3rem;color: var(--dark-grey3);font-size: 22px;font-style: normal;letter-spacing: normal;text-align: start;text-indent: 0px;text-transform: none\">Informa\u00e7\u00f5es t\u00e9cnicas<\/h4>\n<p><span style=\"margin: 0px;padding: 0px;font-weight: 450;font-size: 14px;line-height: 21px;color: var(--dark-grey2);font-family: Lato, sans-serif;font-style: normal;letter-spacing: normal;text-align: start;text-indent: 0px;text-transform: none\">Produto: Baralho<br \/>\nMarca: Copag<br \/>\nMaterial: Pl\u00e1stico<br \/>\nCor: sortidas<br \/>\nCaracter\u00edsticas: Naipes grandes, imperme\u00e1vel. Para jogar buraco, paci\u00eancia, tranca, truco e etc. De 2 ou mais jogadores, 2 jogos de baralhos. Estojo para armazenar os baralhos. Recomendado para acima de 3 anos.<br \/>\nItens inclusos: 110 cartas<br \/>\nDimens\u00f5es do produto (A X L): 8,9 x 5,7cm<br \/>\n<\/span><\/p>\n","protected":false},"featured_media":18185,"template":"","meta":{"_joinchat":[]},"product_brand":[],"product_cat":[136],"product_tag":[],"class_list":{"0":"post-18175","1":"product","2":"type-product","3":"status-publish","4":"has-post-thumbnail","6":"product_cat-lazer","8":"first","9":"outofstock","10":"shipping-taxable","11":"purchasable","12":"product-type-simple"},"_links":{"self":[{"href":"https:\/\/www.multicasa.com.br\/inicio\/wp-json\/wp\/v2\/product\/18175","targetHints":{"allow":["GET"]}}],"collection":[{"href":"https:\/\/www.multicasa.com.br\/inicio\/wp-json\/wp\/v2\/product"}],"about":[{"href":"https:\/\/www.multicasa.com.br\/inicio\/wp-json\/wp\/v2\/types\/product"}],"wp:featuredmedia":[{"embeddable":true,"href":"https:\/\/www.multicasa.com.br\/inicio\/wp-json\/wp\/v2\/media\/18185"}],"wp:attachment":[{"href":"https:\/\/www.multicasa.com.br\/inicio\/wp-json\/wp\/v2\/media?parent=18175"}],"wp:term":[{"taxonomy":"product_brand","embeddable":true,"href":"https:\/\/www.multicasa.com.br\/inicio\/wp-json\/wp\/v2\/product_brand?post=18175"},{"taxonomy":"product_cat","embeddable":true,"href":"https:\/\/www.multicasa.com.br\/inicio\/wp-json\/wp\/v2\/product_cat?post=18175"},{"taxonomy":"product_tag","embeddable":true,"href":"https:\/\/www.multicasa.com.br\/inicio\/wp-json\/wp\/v2\/product_tag?post=18175"}],"curies":[{"name":"wp","href":"https:\/\/api.w.org\/{rel}","templated":true}]}}