{"id":18177,"date":"2025-06-20T19:28:17","date_gmt":"2025-06-20T23:28:17","guid":{"rendered":"https:\/\/www.multicasa.com.br\/inicio\/?post_type=product&#038;p=18177"},"modified":"2026-04-28T13:30:43","modified_gmt":"2026-04-28T17:30:43","slug":"cabo-conversor-hdmi-para-vga-5-12cm","status":"publish","type":"product","link":"https:\/\/www.multicasa.com.br\/inicio\/produto\/cabo-conversor-hdmi-para-vga-5-12cm\/","title":{"rendered":"Cabo Conversor HDMI para VGA 5+ 12cm"},"content":{"rendered":"<p>O Cabo Conversor HDMI para VGA 5+ 12cm vem com sa\u00edda de \u00e1udio e um modelo de adaptador port\u00e1til que possibilita converter um sinal HD de uma origem HDMI para uma sa\u00edda VGA. Al\u00e9m de contar com uma sa\u00edda de \u00e1udio para conex\u00e3o de um cabo P2 (incluso). Este modelo de conversor \u00e9 ideal para ser usado em computadores desktop, notebooks, smartphones, tablets, DVDs, receptores digitais, c\u00e2meras digitais, m\u00eddia player e outros equipamentos com sa\u00edda HDMI para a conex\u00e3o de TV, monitores e projetores.<\/p>\n","protected":false},"excerpt":{"rendered":"<h4 style=\"margin: 0px;padding: 0px 0px 16px;font-family: Lato, sans-serif;font-weight: bold;line-height: 3rem;color: var(--dark-grey3);font-size: 22px;font-style: normal;letter-spacing: normal;text-align: start;text-indent: 0px;text-transform: none\">Informa\u00e7\u00f5es t\u00e9cnicas<\/h4>\n<p><span style=\"margin: 0px;padding: 0px;font-weight: 450;font-size: 14px;line-height: 21px;color: var(--dark-grey2);font-family: Lato, sans-serif;font-style: normal;letter-spacing: normal;text-align: start;text-indent: 0px;text-transform: none\">Produto: Cabo conversor HDMI x VGA<br \/>\nMarca: 5+<br \/>\nCor: Preto<br \/>\nCaracter\u00edsticas: Conversor HDMI para VGA f\u00eamea, compat\u00edvel com todas as resolu\u00e7\u00f5es padr\u00e3o at\u00e9 1080P<br \/>\nItens inclusos: 1 Cabo conversor HDMI e 1 cabo P2 x P2<br \/>\nDimens\u00f5es do produto (C): 12cm                                                                                                                                       Dimens\u00f5es da embalagem (A x L x P): 9,5 x 9,5 x 2,8cm                                                                                                      Peso: 0,08kg<\/span><\/p>\n","protected":false},"featured_media":18187,"template":"","meta":{"_joinchat":[]},"product_brand":[],"product_cat":[153],"product_tag":[],"class_list":{"0":"post-18177","1":"product","2":"type-product","3":"status-publish","4":"has-post-thumbnail","6":"product_cat-eletronica-e-cia","8":"first","9":"instock","10":"shipping-taxable","11":"purchasable","12":"product-type-simple"},"_links":{"self":[{"href":"https:\/\/www.multicasa.com.br\/inicio\/wp-json\/wp\/v2\/product\/18177","targetHints":{"allow":["GET"]}}],"collection":[{"href":"https:\/\/www.multicasa.com.br\/inicio\/wp-json\/wp\/v2\/product"}],"about":[{"href":"https:\/\/www.multicasa.com.br\/inicio\/wp-json\/wp\/v2\/types\/product"}],"wp:featuredmedia":[{"embeddable":true,"href":"https:\/\/www.multicasa.com.br\/inicio\/wp-json\/wp\/v2\/media\/18187"}],"wp:attachment":[{"href":"https:\/\/www.multicasa.com.br\/inicio\/wp-json\/wp\/v2\/media?parent=18177"}],"wp:term":[{"taxonomy":"product_brand","embeddable":true,"href":"https:\/\/www.multicasa.com.br\/inicio\/wp-json\/wp\/v2\/product_brand?post=18177"},{"taxonomy":"product_cat","embeddable":true,"href":"https:\/\/www.multicasa.com.br\/inicio\/wp-json\/wp\/v2\/product_cat?post=18177"},{"taxonomy":"product_tag","embeddable":true,"href":"https:\/\/www.multicasa.com.br\/inicio\/wp-json\/wp\/v2\/product_tag?post=18177"}],"curies":[{"name":"wp","href":"https:\/\/api.w.org\/{rel}","templated":true}]}}