{"id":18178,"date":"2025-06-20T19:28:17","date_gmt":"2025-06-20T23:28:17","guid":{"rendered":"https:\/\/www.multicasa.com.br\/inicio\/?post_type=product&#038;p=18178"},"modified":"2025-10-06T01:53:46","modified_gmt":"2025-10-06T05:53:46","slug":"pano-esfrega-e-seca-scotch-brite-3m-2-unidades","status":"publish","type":"product","link":"https:\/\/www.multicasa.com.br\/inicio\/produto\/pano-esfrega-e-seca-scotch-brite-3m-2-unidades\/","title":{"rendered":"Pano Esfrega e Seca Scotch Brite 3M 2 Unidades"},"content":{"rendered":"<p>O Pano Esfrega e Seca da Scotch Brite 3M vem com 2 cores diferentes, uma para cada c\u00f4modo da casa. Exclusiva tela para limpeza de sujeiras encrustadas. O lado felpudo \u00e9 indicado para secar e dar acabamento \u00e0 limpeza. Super resistente e absorvente, limpa sem danificar e n\u00e3o solta pelos. Pr\u00e1tico, r\u00e1pido e eficiente.<\/p>\n","protected":false},"excerpt":{"rendered":"<h4 style=\"margin: 0px;padding: 0px 0px 16px;font-family: Lato, sans-serif;font-weight: bold;line-height: 3rem;color: var(--dark-grey3);font-size: 22px;font-style: normal;letter-spacing: normal;text-align: start;text-indent: 0px;text-transform: none\">Informa\u00e7\u00f5es t\u00e9cnicas<\/h4>\n<p><span style=\"margin: 0px;padding: 0px;font-weight: 450;font-size: 14px;line-height: 21px;color: var(--dark-grey2);font-family: Lato, sans-serif;font-style: normal;letter-spacing: normal;text-align: start;text-indent: 0px;text-transform: none\">Produto: Pano Multiuso<br \/>\nMarca: 3M                                                                                                                                                                Linha: Scotch-Brite<br \/>\nMaterial: Poli\u00e9ster<br \/>\nCaracter\u00edsticas: Super resistente, absorvente, n\u00e3o solta pelos<br \/>\nItens Inclusos: 2 panos multiuso<br \/>\nDimens\u00f5es do produto (A X L): 29 x 29cm cada<br \/>\nPeso: 63g<\/span><\/p>\n","protected":false},"featured_media":18189,"template":"","meta":{"_joinchat":[]},"product_brand":[],"product_cat":[96],"product_tag":[],"class_list":{"0":"post-18178","1":"product","2":"type-product","3":"status-publish","4":"has-post-thumbnail","6":"product_cat-limpeza-e-cia","8":"first","9":"instock","10":"shipping-taxable","11":"purchasable","12":"product-type-simple"},"_links":{"self":[{"href":"https:\/\/www.multicasa.com.br\/inicio\/wp-json\/wp\/v2\/product\/18178","targetHints":{"allow":["GET"]}}],"collection":[{"href":"https:\/\/www.multicasa.com.br\/inicio\/wp-json\/wp\/v2\/product"}],"about":[{"href":"https:\/\/www.multicasa.com.br\/inicio\/wp-json\/wp\/v2\/types\/product"}],"wp:featuredmedia":[{"embeddable":true,"href":"https:\/\/www.multicasa.com.br\/inicio\/wp-json\/wp\/v2\/media\/18189"}],"wp:attachment":[{"href":"https:\/\/www.multicasa.com.br\/inicio\/wp-json\/wp\/v2\/media?parent=18178"}],"wp:term":[{"taxonomy":"product_brand","embeddable":true,"href":"https:\/\/www.multicasa.com.br\/inicio\/wp-json\/wp\/v2\/product_brand?post=18178"},{"taxonomy":"product_cat","embeddable":true,"href":"https:\/\/www.multicasa.com.br\/inicio\/wp-json\/wp\/v2\/product_cat?post=18178"},{"taxonomy":"product_tag","embeddable":true,"href":"https:\/\/www.multicasa.com.br\/inicio\/wp-json\/wp\/v2\/product_tag?post=18178"}],"curies":[{"name":"wp","href":"https:\/\/api.w.org\/{rel}","templated":true}]}}