{"id":18179,"date":"2025-06-20T19:28:18","date_gmt":"2025-06-20T23:28:18","guid":{"rendered":"https:\/\/www.multicasa.com.br\/inicio\/?post_type=product&#038;p=18179"},"modified":"2026-03-30T14:00:43","modified_gmt":"2026-03-30T18:00:43","slug":"refil-para-inseticida-eletrico-liquido-raid","status":"publish","type":"product","link":"https:\/\/www.multicasa.com.br\/inicio\/produto\/refil-para-inseticida-eletrico-liquido-raid\/","title":{"rendered":"Refil para Inseticida El\u00e9trico L\u00edquido Raid"},"content":{"rendered":"<p>O Refil para Inseticida El\u00e9trico L\u00edquido Raid possui a forma mais pr\u00e1tica e econ\u00f4mica de combater mosquitos e pernilongos. Com o repelente el\u00e9trico raid 45 noites tudo ficou mais f\u00e1cil, na hora dos mosquitos e pernilongos coloque no aparelho e pronto. Sua alta tecnologia garante 45 noites 8 horas por noite de sono tranquilo sem precisar trocar o refil, nem tocar no ativo repelente.<br \/>\nO refil serve em v\u00e1rios aparelhos, embalagem com 2 refis de 32,9 ml cada.<\/p>\n","protected":false},"excerpt":{"rendered":"<h4 style=\"margin: 0px;padding: 0px 0px 16px;font-family: Lato, sans-serif;font-weight: bold;line-height: 3rem;color: var(--dark-grey3);font-size: 22px;font-style: normal;letter-spacing: normal;text-align: start;text-indent: 0px;text-transform: none\">Informa\u00e7\u00f5es t\u00e9cnicas<\/h4>\n<p><span style=\"margin: 0px;padding: 0px;font-weight: 450;font-size: 14px;line-height: 21px;color: var(--dark-grey2);font-family: Lato, sans-serif;font-style: normal;letter-spacing: normal;text-align: start;text-indent: 0px;text-transform: none\">Produto: Refil Inseticida<br \/>\nMarca: Raid<br \/>\nConte\u00fado: 32,9ml cada<br \/>\nCaracter\u00edsticas: Repelente l\u00edquido<br \/>\nPossui dura\u00e7\u00e3o de 45 noites<br \/>\nServe em v\u00e1rios aparelhos<br \/>\nItens Inclusos: 2 Refis Inseticidas<br \/>\n<\/span><\/p>\n","protected":false},"featured_media":18193,"template":"","meta":{"_joinchat":[]},"product_brand":[],"product_cat":[132],"product_tag":[],"class_list":{"0":"post-18179","1":"product","2":"type-product","3":"status-publish","4":"has-post-thumbnail","6":"product_cat-inseticidas","8":"first","9":"instock","10":"shipping-taxable","11":"purchasable","12":"product-type-simple"},"_links":{"self":[{"href":"https:\/\/www.multicasa.com.br\/inicio\/wp-json\/wp\/v2\/product\/18179","targetHints":{"allow":["GET"]}}],"collection":[{"href":"https:\/\/www.multicasa.com.br\/inicio\/wp-json\/wp\/v2\/product"}],"about":[{"href":"https:\/\/www.multicasa.com.br\/inicio\/wp-json\/wp\/v2\/types\/product"}],"wp:featuredmedia":[{"embeddable":true,"href":"https:\/\/www.multicasa.com.br\/inicio\/wp-json\/wp\/v2\/media\/18193"}],"wp:attachment":[{"href":"https:\/\/www.multicasa.com.br\/inicio\/wp-json\/wp\/v2\/media?parent=18179"}],"wp:term":[{"taxonomy":"product_brand","embeddable":true,"href":"https:\/\/www.multicasa.com.br\/inicio\/wp-json\/wp\/v2\/product_brand?post=18179"},{"taxonomy":"product_cat","embeddable":true,"href":"https:\/\/www.multicasa.com.br\/inicio\/wp-json\/wp\/v2\/product_cat?post=18179"},{"taxonomy":"product_tag","embeddable":true,"href":"https:\/\/www.multicasa.com.br\/inicio\/wp-json\/wp\/v2\/product_tag?post=18179"}],"curies":[{"name":"wp","href":"https:\/\/api.w.org\/{rel}","templated":true}]}}