{"id":18180,"date":"2025-06-20T19:28:18","date_gmt":"2025-06-20T23:28:18","guid":{"rendered":"https:\/\/www.multicasa.com.br\/inicio\/?post_type=product&#038;p=18180"},"modified":"2025-06-23T10:06:08","modified_gmt":"2025-06-23T14:06:08","slug":"esponja-magica-super-storm-branca-pulvitec-2-unidades","status":"publish","type":"product","link":"https:\/\/www.multicasa.com.br\/inicio\/produto\/esponja-magica-super-storm-branca-pulvitec-2-unidades\/","title":{"rendered":"Esponja M\u00e1gica Super Storm Branca Pulvitec 2 unidades"},"content":{"rendered":"<p>Use a Esponja M\u00e1gica Super Storm da Pulvitec para limpar sujeiras dif\u00edceis de serem removidas como manchas em vidros e espelhos, res\u00edduos de sab\u00e3o em azulejos, marcas de m\u00e3os em paredes e etc. Descart\u00e1vel, \u00e9 ideal para que voc\u00ea n\u00e3o precise esfregar as manchas e remova-as com facilidade.<\/p>\n","protected":false},"excerpt":{"rendered":"<h4 style=\"margin: 0px;padding: 0px 0px 16px;font-family: Lato, sans-serif;font-weight: bold;line-height: 3rem;color: var(--dark-grey3);font-size: 22px;font-style: normal;letter-spacing: normal;text-align: start;text-indent: 0px;text-transform: none\">Informa\u00e7\u00f5es t\u00e9cnicas<\/h4>\n<p><span style=\"margin: 0px;padding: 0px;font-weight: 450;font-size: 14px;line-height: 21px;color: var(--dark-grey2);font-family: Lato, sans-serif;font-style: normal;letter-spacing: normal;text-align: start;text-indent: 0px;text-transform: none\">Produto: Esponja M\u00e1gica<br \/>\nMarca: Pulvitec<br \/>\nMaterial: Espuma<br \/>\nCor: Branck<br \/>\nCaracter\u00edstica: Remove riscos de giz de cera, l\u00e1pis de cor, pincel anat\u00f4mico<br \/>\nRemove marcas de m\u00e3os na parede<br \/>\nRemove riscos nas superf\u00edcies de madeiras, pl\u00e1sticos e metais<br \/>\nLimpeza poderosa com pouca \u00e1gua<br \/>\nLimpeza pesada<br \/>\nItens Inclusos: 2 Esponjas M\u00e1gicas<br \/>\nDimens\u00f5es do produto (A X L): 8 x 8cm<br \/>\nPeso: 8,5g<\/span><\/p>\n","protected":false},"featured_media":25148,"template":"","meta":{"_joinchat":[]},"product_brand":[],"product_cat":[96],"product_tag":[],"class_list":{"0":"post-18180","1":"product","2":"type-product","3":"status-publish","4":"has-post-thumbnail","6":"product_cat-limpeza-e-cia","8":"first","9":"outofstock","10":"shipping-taxable","11":"product-type-simple"},"_links":{"self":[{"href":"https:\/\/www.multicasa.com.br\/inicio\/wp-json\/wp\/v2\/product\/18180","targetHints":{"allow":["GET"]}}],"collection":[{"href":"https:\/\/www.multicasa.com.br\/inicio\/wp-json\/wp\/v2\/product"}],"about":[{"href":"https:\/\/www.multicasa.com.br\/inicio\/wp-json\/wp\/v2\/types\/product"}],"wp:featuredmedia":[{"embeddable":true,"href":"https:\/\/www.multicasa.com.br\/inicio\/wp-json\/wp\/v2\/media\/25148"}],"wp:attachment":[{"href":"https:\/\/www.multicasa.com.br\/inicio\/wp-json\/wp\/v2\/media?parent=18180"}],"wp:term":[{"taxonomy":"product_brand","embeddable":true,"href":"https:\/\/www.multicasa.com.br\/inicio\/wp-json\/wp\/v2\/product_brand?post=18180"},{"taxonomy":"product_cat","embeddable":true,"href":"https:\/\/www.multicasa.com.br\/inicio\/wp-json\/wp\/v2\/product_cat?post=18180"},{"taxonomy":"product_tag","embeddable":true,"href":"https:\/\/www.multicasa.com.br\/inicio\/wp-json\/wp\/v2\/product_tag?post=18180"}],"curies":[{"name":"wp","href":"https:\/\/api.w.org\/{rel}","templated":true}]}}