{"id":18183,"date":"2025-06-20T19:28:18","date_gmt":"2025-06-20T23:28:18","guid":{"rendered":"https:\/\/www.multicasa.com.br\/inicio\/?post_type=product&#038;p=18183"},"modified":"2025-08-18T00:34:14","modified_gmt":"2025-08-18T04:34:14","slug":"economizador-de-energia-eletrica-inteligente-branco-on-eletronicos","status":"publish","type":"product","link":"https:\/\/www.multicasa.com.br\/inicio\/produto\/economizador-de-energia-eletrica-inteligente-branco-on-eletronicos\/","title":{"rendered":"Economizador de Energia El\u00e9trica Inteligente Branco ON Eletr\u00f4nicos"},"content":{"rendered":"<p>O Economizador Inteligente de Energia Econoplug Branco da ON Eletr\u00f4nicos \u00e9 indicado para freezers e refrigeradores de at\u00e9 550 litros, sendo capaz de economizar at\u00e9 35% de energia.<\/p>\n","protected":false},"excerpt":{"rendered":"<h4 style=\"margin: 0px;padding: 0px 0px 16px;font-family: Lato, sans-serif;font-weight: bold;line-height: 3rem;color: var(--dark-grey3);font-size: 22px;font-style: normal;letter-spacing: normal;text-align: start;text-indent: 0px;text-transform: none\">Informa\u00e7\u00f5es t\u00e9cnicas<\/h4>\n<p><span style=\"margin: 0px;padding: 0px;font-weight: 450;font-size: 14px;line-height: 21px;color: var(--dark-grey2);font-family: Lato, sans-serif;font-style: normal;letter-spacing: normal;text-align: start;text-indent: 0px;text-transform: none\">Produto: Economizador de energia<br \/>\nMarca: ON Eletr\u00f4nicos<br \/>\nMaterial: Componentes eletr\u00f4nicos e pl\u00e1stico ABS<br \/>\nCor: Branco                                                                                                                                                                      Tens\u00e3o el\u00e9trica: Bivolt<br \/>\nCaracter\u00edsticas: Pot\u00eancia 6A, motores de indu\u00e7\u00e3o at\u00e9 1cv, adaptador 2P+T 10A<br \/>\nItens inclusos: 1 economizador de energia<br \/>\nDimens\u00f5es do produto (A X L X P): 20 x 15 x 9cm                                                                                                                Peso: 0,105kg<\/span><\/p>\n","protected":false},"featured_media":25093,"template":"","meta":{"_joinchat":[]},"product_brand":[],"product_cat":[144],"product_tag":[],"class_list":{"0":"post-18183","1":"product","2":"type-product","3":"status-publish","4":"has-post-thumbnail","6":"product_cat-tomadas-e-cia","8":"first","9":"instock","10":"shipping-taxable","11":"purchasable","12":"product-type-simple"},"_links":{"self":[{"href":"https:\/\/www.multicasa.com.br\/inicio\/wp-json\/wp\/v2\/product\/18183","targetHints":{"allow":["GET"]}}],"collection":[{"href":"https:\/\/www.multicasa.com.br\/inicio\/wp-json\/wp\/v2\/product"}],"about":[{"href":"https:\/\/www.multicasa.com.br\/inicio\/wp-json\/wp\/v2\/types\/product"}],"wp:featuredmedia":[{"embeddable":true,"href":"https:\/\/www.multicasa.com.br\/inicio\/wp-json\/wp\/v2\/media\/25093"}],"wp:attachment":[{"href":"https:\/\/www.multicasa.com.br\/inicio\/wp-json\/wp\/v2\/media?parent=18183"}],"wp:term":[{"taxonomy":"product_brand","embeddable":true,"href":"https:\/\/www.multicasa.com.br\/inicio\/wp-json\/wp\/v2\/product_brand?post=18183"},{"taxonomy":"product_cat","embeddable":true,"href":"https:\/\/www.multicasa.com.br\/inicio\/wp-json\/wp\/v2\/product_cat?post=18183"},{"taxonomy":"product_tag","embeddable":true,"href":"https:\/\/www.multicasa.com.br\/inicio\/wp-json\/wp\/v2\/product_tag?post=18183"}],"curies":[{"name":"wp","href":"https:\/\/api.w.org\/{rel}","templated":true}]}}