{"id":18184,"date":"2025-06-20T19:28:18","date_gmt":"2025-06-20T23:28:18","guid":{"rendered":"https:\/\/www.multicasa.com.br\/inicio\/?post_type=product&#038;p=18184"},"modified":"2025-08-17T18:59:01","modified_gmt":"2025-08-17T22:59:01","slug":"kit-sacos-descartaveis-para-aspirador-de-po-sbebe-electrolux-3-unidades","status":"publish","type":"product","link":"https:\/\/www.multicasa.com.br\/inicio\/produto\/kit-sacos-descartaveis-para-aspirador-de-po-sbebe-electrolux-3-unidades\/","title":{"rendered":"Kit Sacos Descart\u00e1veis Para Aspirador de P\u00f3 SBEBE Electrolux 3 Unidades"},"content":{"rendered":"<p>Os Sacos Descart\u00e1veis Para Aspirador de P\u00f3 Electrolux modelo SBEBE s\u00e3o descart\u00e1veis e 100% recicl\u00e1veis, sendo produzidos para aprisionar \u00e1caros e para evitar que as part\u00edculas de poeira vazem, ficando retidas no saco sem retornar ao ambiente. S\u00e3o f\u00e1ceis de instalar e de retirar. Garantem a durabilidade do motor e o poder de suc\u00e7\u00e3o com 2 n\u00edveis de filtragem. O kit vem com 3 sacos originais que s\u00e3o pr\u00e1ticos, higi\u00eanicos e biodegrad\u00e1veis. Compat\u00edveis com o modelos de aspirador da Electrolux Berry.<\/p>\n","protected":false},"excerpt":{"rendered":"<h4 style=\"margin: 0px;padding: 0px 0px 16px;font-family: Lato, sans-serif;font-weight: bold;line-height: 3rem;color: var(--dark-grey3);font-size: 22px;font-style: normal;letter-spacing: normal;text-align: start;text-indent: 0px;text-transform: none\">Informa\u00e7\u00f5es t\u00e9cnicas<\/h4>\n<p><span style=\"margin: 0px;padding: 0px;font-weight: 450;font-size: 14px;line-height: 21px;color: var(--dark-grey2);font-family: Lato, sans-serif;font-style: normal;letter-spacing: normal;text-align: start;text-indent: 0px;text-transform: none\">Produto: Saco Para Aspirador<br \/>\nMarca: Electrolux<br \/>\nModelo: SBEBE<br \/>\nMaterial: Celulose<br \/>\nCor: Bege<br \/>\nCompat\u00edvel: Modelo Berry<br \/>\nCaracter\u00edsticas: Biodegrad\u00e1vel<br \/>\n2 n\u00edveis de filtragem<br \/>\nItens Inclusos: 3 sacos para aspirador<br \/>\nDimens\u00f5es do produto (A x L x P): 23 x 19,5cm<br \/>\n<\/span><\/p>\n","protected":false},"featured_media":18197,"template":"","meta":{"_joinchat":[]},"product_brand":[],"product_cat":[96],"product_tag":[],"class_list":{"0":"post-18184","1":"product","2":"type-product","3":"status-publish","4":"has-post-thumbnail","6":"product_cat-limpeza-e-cia","8":"first","9":"outofstock","10":"shipping-taxable","11":"purchasable","12":"product-type-simple"},"_links":{"self":[{"href":"https:\/\/www.multicasa.com.br\/inicio\/wp-json\/wp\/v2\/product\/18184","targetHints":{"allow":["GET"]}}],"collection":[{"href":"https:\/\/www.multicasa.com.br\/inicio\/wp-json\/wp\/v2\/product"}],"about":[{"href":"https:\/\/www.multicasa.com.br\/inicio\/wp-json\/wp\/v2\/types\/product"}],"wp:featuredmedia":[{"embeddable":true,"href":"https:\/\/www.multicasa.com.br\/inicio\/wp-json\/wp\/v2\/media\/18197"}],"wp:attachment":[{"href":"https:\/\/www.multicasa.com.br\/inicio\/wp-json\/wp\/v2\/media?parent=18184"}],"wp:term":[{"taxonomy":"product_brand","embeddable":true,"href":"https:\/\/www.multicasa.com.br\/inicio\/wp-json\/wp\/v2\/product_brand?post=18184"},{"taxonomy":"product_cat","embeddable":true,"href":"https:\/\/www.multicasa.com.br\/inicio\/wp-json\/wp\/v2\/product_cat?post=18184"},{"taxonomy":"product_tag","embeddable":true,"href":"https:\/\/www.multicasa.com.br\/inicio\/wp-json\/wp\/v2\/product_tag?post=18184"}],"curies":[{"name":"wp","href":"https:\/\/api.w.org\/{rel}","templated":true}]}}