{"id":18198,"date":"2025-06-20T19:28:39","date_gmt":"2025-06-20T23:28:39","guid":{"rendered":"https:\/\/www.multicasa.com.br\/inicio\/?post_type=product&#038;p=18198"},"modified":"2025-08-17T18:59:05","modified_gmt":"2025-08-17T22:59:05","slug":"extensao-eletrica-3-tomadas-2pt-branco-force-line-10a-3m","status":"publish","type":"product","link":"https:\/\/www.multicasa.com.br\/inicio\/produto\/extensao-eletrica-3-tomadas-2pt-branco-force-line-10a-3m\/","title":{"rendered":"Extens\u00e3o El\u00e9trica 3 Tomadas 2P+T Branco Force Line 10A &#8211; 3m"},"content":{"rendered":"<p>Use a extens\u00e3o el\u00e9trica Force Line com 3 tomadas 2PT+T tripolares branca com 10a e 3 metros. Ideal para voc\u00ea plugar aparelhos e dispositivos para \u00fatiliz\u00e1-los com seguran\u00e7a em qualquer ocasi\u00e3o. Bivolt, tem cabo pp de 3 x 0,75mm e vai te ajudar a alcan\u00e7ar tomadas e pontos mais distantes.<\/p>\n","protected":false},"excerpt":{"rendered":"<h4 style=\"margin: 0px;padding: 0px 0px 16px;font-family: Lato, sans-serif;font-weight: bold;line-height: 3rem;color: var(--dark-grey3);font-size: 22px;font-style: normal;letter-spacing: normal;text-align: start;text-indent: 0px;text-transform: none\">Informa\u00e7\u00f5es t\u00e9cnicas<\/h4>\n<p><span style=\"margin: 0px;padding: 0px;font-weight: 450;font-size: 14px;line-height: 21px;color: var(--dark-grey2);font-family: Lato, sans-serif;font-style: normal;letter-spacing: normal;text-align: start;text-indent: 0px;text-transform: none\">Produto: Extens\u00e3o El\u00e9trica<br \/>\nMarca: Force Line<br \/>\nMaterial: Polipropileno<br \/>\nCor: Branco<br \/>\nPot\u00eancia: 1270w ~ 2200w<br \/>\nTens\u00e3o el\u00e9trica: 127v &#8211; 220v<br \/>\nCaracter\u00edsticas: Corrente m\u00e1xima de 10A<br \/>\nTens\u00e3o de 250v<br \/>\n3 Tomadas tripolar<br \/>\nCertificado pelo Inmetro OCP-0024<br \/>\nPlugue e tomada ABNT NBR NM 60884-1 2010 E NBR 14136 2002<br \/>\nItens inclusos: 1 Extens\u00e3o El\u00e9trica<br \/>\nEspessura: 0,75mm<br \/>\nDimens\u00f5es do produto (C): 3m<br \/>\n<\/span><\/p>\n","protected":false},"featured_media":18228,"template":"","meta":{"_joinchat":[]},"product_brand":[],"product_cat":[120],"product_tag":[],"class_list":{"0":"post-18198","1":"product","2":"type-product","3":"status-publish","4":"has-post-thumbnail","6":"product_cat-extencoes-e-cia","8":"first","9":"outofstock","10":"shipping-taxable","11":"purchasable","12":"product-type-simple"},"_links":{"self":[{"href":"https:\/\/www.multicasa.com.br\/inicio\/wp-json\/wp\/v2\/product\/18198","targetHints":{"allow":["GET"]}}],"collection":[{"href":"https:\/\/www.multicasa.com.br\/inicio\/wp-json\/wp\/v2\/product"}],"about":[{"href":"https:\/\/www.multicasa.com.br\/inicio\/wp-json\/wp\/v2\/types\/product"}],"wp:featuredmedia":[{"embeddable":true,"href":"https:\/\/www.multicasa.com.br\/inicio\/wp-json\/wp\/v2\/media\/18228"}],"wp:attachment":[{"href":"https:\/\/www.multicasa.com.br\/inicio\/wp-json\/wp\/v2\/media?parent=18198"}],"wp:term":[{"taxonomy":"product_brand","embeddable":true,"href":"https:\/\/www.multicasa.com.br\/inicio\/wp-json\/wp\/v2\/product_brand?post=18198"},{"taxonomy":"product_cat","embeddable":true,"href":"https:\/\/www.multicasa.com.br\/inicio\/wp-json\/wp\/v2\/product_cat?post=18198"},{"taxonomy":"product_tag","embeddable":true,"href":"https:\/\/www.multicasa.com.br\/inicio\/wp-json\/wp\/v2\/product_tag?post=18198"}],"curies":[{"name":"wp","href":"https:\/\/api.w.org\/{rel}","templated":true}]}}