{"id":18200,"date":"2025-06-20T19:28:40","date_gmt":"2025-06-20T23:28:40","guid":{"rendered":"https:\/\/www.multicasa.com.br\/inicio\/?post_type=product&#038;p=18200"},"modified":"2025-08-17T18:59:16","modified_gmt":"2025-08-17T22:59:16","slug":"kit-universal-caixa-acoplada-simples-lorenzetti","status":"publish","type":"product","link":"https:\/\/www.multicasa.com.br\/inicio\/produto\/kit-universal-caixa-acoplada-simples-lorenzetti\/","title":{"rendered":"Kit Universal Caixa Acoplada Simples Lorenzetti"},"content":{"rendered":"<p>A Bacia Sanit\u00e1ria com Caixa Acoplada Loren Way Branca da Lorenzetti acompanha conjunto completo para instala\u00e7\u00e3o com anel de veda\u00e7\u00e3o, mangueira de sa\u00edda e buchas e parafusos. Possui design confort\u00e1vel e arredondado que se adapta a diferentes estilos de banheiro. Caixa acoplada CX-E, 60% de economia em rela\u00e7\u00e3o aos modelos antigos de bacias. Caixa acoplada com Duo Flow CXD-E, economia na medida certa! Duas op\u00e7\u00f5es de acionamento: 3 litros para liquidos e 6 litros para s\u00f3lidos.<\/p>\n","protected":false},"excerpt":{"rendered":"<h4 style=\"margin: 0px;padding: 0px 0px 16px;font-family: Lato, sans-serif;font-weight: bold;line-height: 3rem;color: var(--dark-grey3);font-size: 22px;font-style: normal;letter-spacing: normal;text-align: start;text-indent: 0px;text-transform: none\">Informa\u00e7\u00f5es t\u00e9cnicas<\/h4>\n<p><span style=\"margin: 0px;padding: 0px;font-weight: 450;font-size: 14px;line-height: 21px;color: var(--dark-grey2);font-family: Lato, sans-serif;font-style: normal;letter-spacing: normal;text-align: start;text-indent: 0px;text-transform: none\">Produto: KIT UNIV.CX.ACOPLADA SIMPLES<br \/>\nMarca: LORENZETTI<br \/>\nMaterial: Cer\u00e2mica<br \/>\nCor: BRANCO<br \/>\nCaracter\u00edsticas:<br \/>\n-Capacidade: 6 Litros para s\u00f3lidos e 3 Litros para liquidos.<br \/>\n-60% de economia em rela\u00e7\u00e3o aos modelos antigos de bacias.<br \/>\n-Possui design confort\u00e1vel e arredondado que se adapta a diferentes estilos de banheiros.<br \/>\n-Acompanha conjunto completo para instala\u00e7\u00e3o com anel de veda\u00e7\u00e3o, mangueira de sa\u00edda e buchas e parafusos.<br \/>\nDimens\u00f5es:<br \/>\nAltura: 766<br \/>\nLargura: 373<br \/>\nComprimento: 245<\/span><\/p>\n","protected":false},"featured_media":27358,"template":"","meta":{"_joinchat":[]},"product_brand":[],"product_cat":[68],"product_tag":[],"class_list":{"0":"post-18200","1":"product","2":"type-product","3":"status-publish","4":"has-post-thumbnail","6":"product_cat-loucas-e-cia","8":"first","9":"outofstock","10":"shipping-taxable","11":"purchasable","12":"product-type-simple"},"_links":{"self":[{"href":"https:\/\/www.multicasa.com.br\/inicio\/wp-json\/wp\/v2\/product\/18200","targetHints":{"allow":["GET"]}}],"collection":[{"href":"https:\/\/www.multicasa.com.br\/inicio\/wp-json\/wp\/v2\/product"}],"about":[{"href":"https:\/\/www.multicasa.com.br\/inicio\/wp-json\/wp\/v2\/types\/product"}],"wp:featuredmedia":[{"embeddable":true,"href":"https:\/\/www.multicasa.com.br\/inicio\/wp-json\/wp\/v2\/media\/27358"}],"wp:attachment":[{"href":"https:\/\/www.multicasa.com.br\/inicio\/wp-json\/wp\/v2\/media?parent=18200"}],"wp:term":[{"taxonomy":"product_brand","embeddable":true,"href":"https:\/\/www.multicasa.com.br\/inicio\/wp-json\/wp\/v2\/product_brand?post=18200"},{"taxonomy":"product_cat","embeddable":true,"href":"https:\/\/www.multicasa.com.br\/inicio\/wp-json\/wp\/v2\/product_cat?post=18200"},{"taxonomy":"product_tag","embeddable":true,"href":"https:\/\/www.multicasa.com.br\/inicio\/wp-json\/wp\/v2\/product_tag?post=18200"}],"curies":[{"name":"wp","href":"https:\/\/api.w.org\/{rel}","templated":true}]}}