{"id":18201,"date":"2025-06-20T19:28:40","date_gmt":"2025-06-20T23:28:40","guid":{"rendered":"https:\/\/www.multicasa.com.br\/inicio\/?post_type=product&#038;p=18201"},"modified":"2025-06-20T19:28:51","modified_gmt":"2025-06-20T23:28:51","slug":"kit-sacos-descartaveis-para-aspirador-de-po-sim02-menalux-3-unidades","status":"publish","type":"product","link":"https:\/\/www.multicasa.com.br\/inicio\/produto\/kit-sacos-descartaveis-para-aspirador-de-po-sim02-menalux-3-unidades\/","title":{"rendered":"Kit Sacos Descart\u00e1veis Para Aspirador de P\u00f3 SIM02 Menalux 3 Unidades"},"content":{"rendered":"<p>Os Sacos Descart\u00e1veis Para Aspirador de P\u00f3 Menalux modelo SIM02 s\u00e3o fabricados para evitar que as part\u00edculas de poeira cheguem ao motor, garantindo maior vida \u00fatil ao produto. Produzidos em papel biodegrad\u00e1vel e com capacidade para p\u00f3 de 1,7L. S\u00e3o f\u00e1ceis de instalar e retirar, evitando que voc\u00ea tenha contato diretamente com a poeira e sujeira. O kit conta com 3 sacos que s\u00e3o compat\u00edveis com as seguintes marcas e modelos: Arno (Booly 1500W\/1600W) e Britania (1380\/1410\/1480) .<\/p>\n","protected":false},"excerpt":{"rendered":"<h4 style=\"margin: 0px;padding: 0px 0px 16px;font-family: Lato, sans-serif;font-weight: bold;line-height: 3rem;color: var(--dark-grey3);font-size: 22px;font-style: normal;letter-spacing: normal;text-align: start;text-indent: 0px;text-transform: none\">Informa\u00e7\u00f5es t\u00e9cnicas<\/h4>\n<p><span style=\"margin: 0px;padding: 0px;font-weight: 450;font-size: 14px;line-height: 21px;color: var(--dark-grey2);font-family: Lato, sans-serif;font-style: normal;letter-spacing: normal;text-align: start;text-indent: 0px;text-transform: none\">Produto: Saco Para Aspirador<br \/>\nMarca: Menalux<br \/>\nModelo: SIM02<br \/>\nMaterial: Papel<br \/>\nCor: Bege<br \/>\nCompat\u00edvel: Marcas e modelos Arno(Booly 1500W\/1600W)<br \/>\nBritania (1380\/1410\/1480)<br \/>\nPhilco (Hepa Max 1680)<br \/>\nCaracter\u00edsticas: Biodegrad\u00e1vel<br \/>\nCapacidade de p\u00f3 de 1,7L<br \/>\nItens Inclusos: 3 sacos para aspirador<br \/>\nDimens\u00f5es do produto (A x L x P): 34 x 21,5 x 1cm<\/span><\/p>\n","protected":false},"featured_media":18233,"template":"","meta":{"_joinchat":[]},"product_brand":[],"product_cat":[96],"product_tag":[],"class_list":{"0":"post-18201","1":"product","2":"type-product","3":"status-publish","4":"has-post-thumbnail","6":"product_cat-limpeza-e-cia","8":"first","9":"outofstock","10":"shipping-taxable","11":"product-type-simple"},"_links":{"self":[{"href":"https:\/\/www.multicasa.com.br\/inicio\/wp-json\/wp\/v2\/product\/18201","targetHints":{"allow":["GET"]}}],"collection":[{"href":"https:\/\/www.multicasa.com.br\/inicio\/wp-json\/wp\/v2\/product"}],"about":[{"href":"https:\/\/www.multicasa.com.br\/inicio\/wp-json\/wp\/v2\/types\/product"}],"wp:featuredmedia":[{"embeddable":true,"href":"https:\/\/www.multicasa.com.br\/inicio\/wp-json\/wp\/v2\/media\/18233"}],"wp:attachment":[{"href":"https:\/\/www.multicasa.com.br\/inicio\/wp-json\/wp\/v2\/media?parent=18201"}],"wp:term":[{"taxonomy":"product_brand","embeddable":true,"href":"https:\/\/www.multicasa.com.br\/inicio\/wp-json\/wp\/v2\/product_brand?post=18201"},{"taxonomy":"product_cat","embeddable":true,"href":"https:\/\/www.multicasa.com.br\/inicio\/wp-json\/wp\/v2\/product_cat?post=18201"},{"taxonomy":"product_tag","embeddable":true,"href":"https:\/\/www.multicasa.com.br\/inicio\/wp-json\/wp\/v2\/product_tag?post=18201"}],"curies":[{"name":"wp","href":"https:\/\/api.w.org\/{rel}","templated":true}]}}