{"id":18202,"date":"2025-06-20T19:28:40","date_gmt":"2025-06-20T23:28:40","guid":{"rendered":"https:\/\/www.multicasa.com.br\/inicio\/?post_type=product&#038;p=18202"},"modified":"2025-08-18T00:43:55","modified_gmt":"2025-08-18T04:43:55","slug":"leitor-de-cartao-super-speed-usb-3-0-multilaser","status":"publish","type":"product","link":"https:\/\/www.multicasa.com.br\/inicio\/produto\/leitor-de-cartao-super-speed-usb-3-0-multilaser\/","title":{"rendered":"Leitor de Cart\u00e3o Super Speed Usb 3.0 Multilaser"},"content":{"rendered":"<p>O Leitor de Cart\u00e3o Usb 3.0 Multilaser \u00e9 ideal para transportar e enviar arquivos do seu cart\u00e3o de mem\u00f3ria para computadores e outros aparelhos. Produzido com material de alta qualidade e com USB 3.0, proporciona rapidez na transfer\u00eancia dos seus arquivos.<\/p>\n","protected":false},"excerpt":{"rendered":"<h4 style=\"margin: 0px;padding: 0px 0px 16px;font-family: Lato, sans-serif;font-weight: bold;line-height: 3rem;color: var(--dark-grey3);font-size: 22px;font-style: normal;letter-spacing: normal;text-align: start;text-indent: 0px;text-transform: none\">Informa\u00e7\u00f5es t\u00e9cnicas<\/h4>\n<p><span style=\"margin: 0px;padding: 0px;font-weight: 450;font-size: 14px;line-height: 21px;color: var(--dark-grey2);font-family: Lato, sans-serif;font-style: normal;letter-spacing: normal;text-align: start;text-indent: 0px;text-transform: none\">Produto: Leitor de Cart\u00e3o Usb 3.0<br \/>\nMarca: Multilaser<br \/>\nModelo: AC290<br \/>\nCor: Preto<br \/>\nCaracter\u00edsticas: Possui indicador de LED; Compat\u00edvel com Windows 2000 ou superiores; Compat\u00edvel com Mac OS 10.2.8 ou superior; Conex\u00e3o entrada cart\u00e3o de mem\u00f3ria e Conex\u00e3o sa\u00edda Usb 3.0.<br \/>\nItens Inclusos: 1 leitor de cart\u00e3o<br \/>\nDimens\u00f5es do Produto (A x L x P): 10,7 x 15,8 x 2cm<br \/>\nPeso: 0,025kg<\/span><\/p>\n","protected":false},"featured_media":27373,"template":"","meta":{"_joinchat":[]},"product_brand":[],"product_cat":[130],"product_tag":[],"class_list":{"0":"post-18202","1":"product","2":"type-product","3":"status-publish","4":"has-post-thumbnail","6":"product_cat-informatica","8":"first","9":"instock","10":"shipping-taxable","11":"purchasable","12":"product-type-simple"},"_links":{"self":[{"href":"https:\/\/www.multicasa.com.br\/inicio\/wp-json\/wp\/v2\/product\/18202","targetHints":{"allow":["GET"]}}],"collection":[{"href":"https:\/\/www.multicasa.com.br\/inicio\/wp-json\/wp\/v2\/product"}],"about":[{"href":"https:\/\/www.multicasa.com.br\/inicio\/wp-json\/wp\/v2\/types\/product"}],"wp:featuredmedia":[{"embeddable":true,"href":"https:\/\/www.multicasa.com.br\/inicio\/wp-json\/wp\/v2\/media\/27373"}],"wp:attachment":[{"href":"https:\/\/www.multicasa.com.br\/inicio\/wp-json\/wp\/v2\/media?parent=18202"}],"wp:term":[{"taxonomy":"product_brand","embeddable":true,"href":"https:\/\/www.multicasa.com.br\/inicio\/wp-json\/wp\/v2\/product_brand?post=18202"},{"taxonomy":"product_cat","embeddable":true,"href":"https:\/\/www.multicasa.com.br\/inicio\/wp-json\/wp\/v2\/product_cat?post=18202"},{"taxonomy":"product_tag","embeddable":true,"href":"https:\/\/www.multicasa.com.br\/inicio\/wp-json\/wp\/v2\/product_tag?post=18202"}],"curies":[{"name":"wp","href":"https:\/\/api.w.org\/{rel}","templated":true}]}}