{"id":18204,"date":"2025-06-20T19:28:40","date_gmt":"2025-06-20T23:28:40","guid":{"rendered":"https:\/\/www.multicasa.com.br\/inicio\/?post_type=product&#038;p=18204"},"modified":"2025-06-20T19:28:57","modified_gmt":"2025-06-20T23:28:57","slug":"spray-sos-pneus-proauto-350ml","status":"publish","type":"product","link":"https:\/\/www.multicasa.com.br\/inicio\/produto\/spray-sos-pneus-proauto-350ml\/","title":{"rendered":"Spray Sos Pneus Proauto 350ml"},"content":{"rendered":"<p>O Spray Sos Pneus Proauto foi desenvolvido especialmente para a\u00e7\u00f5es de emerg\u00eancia, reparando pneus instantaneamente, em pequenos furos, enchimento de pneus em situa\u00e7\u00f5es de risco, como pneu furado em rodovia, estradas e demais terrenos desnivelados que podem colocar em risco a seguran\u00e7a do condutor. Possui 350ml e pode ser usado em carro, pick-ups e motos.<\/p>\n","protected":false},"excerpt":{"rendered":"<h4 style=\"margin: 0px;padding: 0px 0px 16px;font-family: Lato, sans-serif;font-weight: bold;line-height: 3rem;color: var(--dark-grey3);font-size: 22px;font-style: normal;letter-spacing: normal;text-align: start;text-indent: 0px;text-transform: none\">Informa\u00e7\u00f5es t\u00e9cnicas<\/h4>\n<p><span style=\"margin: 0px;padding: 0px;font-weight: 450;font-size: 14px;line-height: 21px;color: var(--dark-grey2);font-family: Lato, sans-serif;font-style: normal;letter-spacing: normal;text-align: start;text-indent: 0px;text-transform: none\">Produto: Reparador de pneu<br \/>\nMarca: Proauto<br \/>\nConte\u00fado: 350ml<br \/>\nCaracter\u00edsticas: Repara pequenos furos<br \/>\nItens inclusos: 1 Reparador de pneu<br \/>\nDimens\u00f5es do produto (A X L): 24,3 x 5,5cm<br \/>\n<\/span><\/p>\n","protected":false},"featured_media":18237,"template":"","meta":{"_joinchat":[]},"product_brand":[],"product_cat":[142],"product_tag":[],"class_list":{"0":"post-18204","1":"product","2":"type-product","3":"status-publish","4":"has-post-thumbnail","6":"product_cat-utilidades-para-automoveis","8":"first","9":"outofstock","10":"shipping-taxable","11":"product-type-simple"},"_links":{"self":[{"href":"https:\/\/www.multicasa.com.br\/inicio\/wp-json\/wp\/v2\/product\/18204","targetHints":{"allow":["GET"]}}],"collection":[{"href":"https:\/\/www.multicasa.com.br\/inicio\/wp-json\/wp\/v2\/product"}],"about":[{"href":"https:\/\/www.multicasa.com.br\/inicio\/wp-json\/wp\/v2\/types\/product"}],"wp:featuredmedia":[{"embeddable":true,"href":"https:\/\/www.multicasa.com.br\/inicio\/wp-json\/wp\/v2\/media\/18237"}],"wp:attachment":[{"href":"https:\/\/www.multicasa.com.br\/inicio\/wp-json\/wp\/v2\/media?parent=18204"}],"wp:term":[{"taxonomy":"product_brand","embeddable":true,"href":"https:\/\/www.multicasa.com.br\/inicio\/wp-json\/wp\/v2\/product_brand?post=18204"},{"taxonomy":"product_cat","embeddable":true,"href":"https:\/\/www.multicasa.com.br\/inicio\/wp-json\/wp\/v2\/product_cat?post=18204"},{"taxonomy":"product_tag","embeddable":true,"href":"https:\/\/www.multicasa.com.br\/inicio\/wp-json\/wp\/v2\/product_tag?post=18204"}],"curies":[{"name":"wp","href":"https:\/\/api.w.org\/{rel}","templated":true}]}}