{"id":18205,"date":"2025-06-20T19:28:40","date_gmt":"2025-06-20T23:28:40","guid":{"rendered":"https:\/\/www.multicasa.com.br\/inicio\/?post_type=product&#038;p=18205"},"modified":"2025-08-18T00:44:14","modified_gmt":"2025-08-18T04:44:14","slug":"umidificador-de-ar-portatil-branco-usb-on-eletronicos","status":"publish","type":"product","link":"https:\/\/www.multicasa.com.br\/inicio\/produto\/umidificador-de-ar-portatil-branco-usb-on-eletronicos\/","title":{"rendered":"Umidificador de Ar Port\u00e1til Branco USB ON Eletr\u00f4nicos"},"content":{"rendered":"<p>O Umidificador de Ar Port\u00e1til USB Branco da ON Eletr\u00f4nicos \u00e9 muito simples de usar, pois possibilita encaixe na maioria dos copos. Transforme seu copo ou garrafa em um umidificador. Ideal para uso individual ou coletivo. Acompanha prolongador do filtro de algod\u00e3o. Tampa rosque\u00e1vel que evita derramamento. Conecte o Fresh USB no seu computador, carro ou carregador de celular. Em todo lugar e a qualquer momento.<\/p>\n","protected":false},"excerpt":{"rendered":"<h4 style=\"margin: 0px;padding: 0px 0px 16px;font-family: Lato, sans-serif;font-weight: bold;line-height: 3rem;color: var(--dark-grey3);font-size: 22px;font-style: normal;letter-spacing: normal;text-align: start;text-indent: 0px;text-transform: none\">Informa\u00e7\u00f5es t\u00e9cnicas<\/h4>\n<p><span style=\"margin: 0px;padding: 0px;font-weight: 450;font-size: 14px;line-height: 21px;color: var(--dark-grey2);font-family: Lato, sans-serif;font-style: normal;letter-spacing: normal;text-align: start;text-indent: 0px;text-transform: none\">Produto: Umidificador de ar                                                                                                                                               Tipo: Port\u00e1til<br \/>\nMarca: ON Eletr\u00f4nicos<br \/>\nModelo: Fresh USB<br \/>\nCor: Branco<br \/>\nPot\u00eancia: 3W<br \/>\nTens\u00e3o el\u00e9trica: Entrada USB de 5V<br \/>\nCapacidade de umidifica\u00e7\u00e3o: 2 velocidades: 20ml\/h e 50ml\/h<br \/>\nCaracter\u00edsticas: Port\u00e1til, ultrass\u00f4nico, cabo USB de 80cm, tampa rosque\u00e1vel que evita derramamento<br \/>\nItens inclusos: 1 Umidificador de ar<br \/>\nDimens\u00f5es do produto (A X L X P):<br \/>\nPeso: 0,106kg                                                                                                                                                                   Garantia: 1 ano<\/span><\/p>\n","protected":false},"featured_media":26200,"template":"","meta":{"_joinchat":[]},"product_brand":[],"product_cat":[100],"product_tag":[],"class_list":{"0":"post-18205","1":"product","2":"type-product","3":"status-publish","4":"has-post-thumbnail","6":"product_cat-eletros","8":"first","9":"instock","10":"shipping-taxable","11":"purchasable","12":"product-type-simple"},"_links":{"self":[{"href":"https:\/\/www.multicasa.com.br\/inicio\/wp-json\/wp\/v2\/product\/18205","targetHints":{"allow":["GET"]}}],"collection":[{"href":"https:\/\/www.multicasa.com.br\/inicio\/wp-json\/wp\/v2\/product"}],"about":[{"href":"https:\/\/www.multicasa.com.br\/inicio\/wp-json\/wp\/v2\/types\/product"}],"wp:featuredmedia":[{"embeddable":true,"href":"https:\/\/www.multicasa.com.br\/inicio\/wp-json\/wp\/v2\/media\/26200"}],"wp:attachment":[{"href":"https:\/\/www.multicasa.com.br\/inicio\/wp-json\/wp\/v2\/media?parent=18205"}],"wp:term":[{"taxonomy":"product_brand","embeddable":true,"href":"https:\/\/www.multicasa.com.br\/inicio\/wp-json\/wp\/v2\/product_brand?post=18205"},{"taxonomy":"product_cat","embeddable":true,"href":"https:\/\/www.multicasa.com.br\/inicio\/wp-json\/wp\/v2\/product_cat?post=18205"},{"taxonomy":"product_tag","embeddable":true,"href":"https:\/\/www.multicasa.com.br\/inicio\/wp-json\/wp\/v2\/product_tag?post=18205"}],"curies":[{"name":"wp","href":"https:\/\/api.w.org\/{rel}","templated":true}]}}