{"id":18211,"date":"2025-06-20T19:28:41","date_gmt":"2025-06-20T23:28:41","guid":{"rendered":"https:\/\/www.multicasa.com.br\/inicio\/?post_type=product&#038;p=18211"},"modified":"2025-06-20T19:29:07","modified_gmt":"2025-06-20T23:29:07","slug":"lampada-de-filamento-g80-amarela-e27-taschibra-40w-220v","status":"publish","type":"product","link":"https:\/\/www.multicasa.com.br\/inicio\/produto\/lampada-de-filamento-g80-amarela-e27-taschibra-40w-220v\/","title":{"rendered":"L\u00e2mpada de Filamento G80 Amarela E27 Taschibra 40W &#8211; 220V"},"content":{"rendered":"<p>A L\u00e2mpada de Filamento incandescente G80 Taschibra possui encaixe para soquete E27 e emite luz amarela. Com 40w de pot\u00eancia e alimenta\u00e7\u00e3o 220v, \u00e9 ideal para ser usada em abajures, lumin\u00e1rias, pendentes e onde haja oscila\u00e7\u00e3o da tens\u00e3o el\u00e9trica. Garante requinte e charme a qualquer espa\u00e7o com sua luz focada e alta defini\u00e7\u00e3o de cores. Tem fluxo luminoso de 1200lm, durabilidade de 2000h, equival\u00eancia fluorescente compacta de 31w e dimeriz\u00e1vel.<\/p>\n","protected":false},"excerpt":{"rendered":"<h4 style=\"margin: 0px;padding: 0px 0px 16px;font-family: Lato, sans-serif;font-weight: bold;line-height: 3rem;color: var(--dark-grey3);font-size: 22px;font-style: normal;letter-spacing: normal;text-align: start;text-indent: 0px;text-transform: none\">Informa\u00e7\u00f5es t\u00e9cnicas<\/h4>\n<p><span style=\"margin: 0px;padding: 0px;font-weight: 450;font-size: 14px;line-height: 21px;color: var(--dark-grey2);font-family: Lato, sans-serif;font-style: normal;letter-spacing: normal;text-align: start;text-indent: 0px;text-transform: none\">Produto: L\u00e2mpada de Filamento Incandescente<br \/>\nMarca: Taschibra<br \/>\nModelo: G80<br \/>\nMaterial: Vidro<br \/>\nCor: transparente<br \/>\nCor da Luz: amarela<br \/>\nPot\u00eancia: 40w<br \/>\nTens\u00e3o El\u00e9trica: 220v<br \/>\nCaracter\u00edsticas: Cores de alta defini\u00e7\u00e3o<br \/>\nLumens 1200LM<br \/>\nDurabilidade de 2000h<br \/>\nEquival\u00eancia fluorescente compacta 31w<br \/>\nDimeriz\u00e1vel<br \/>\nIRC 100<br \/>\nItens Inclusos: 1 L\u00e2mpada de Filamento<br \/>\nDimens\u00f5es do produto (A X L): 12 x 8cm<\/span><\/p>\n","protected":false},"featured_media":18256,"template":"","meta":{"_joinchat":[]},"product_brand":[],"product_cat":[80],"product_tag":[],"class_list":{"0":"post-18211","1":"product","2":"type-product","3":"status-publish","4":"has-post-thumbnail","6":"product_cat-lampadas","8":"first","9":"outofstock","10":"shipping-taxable","11":"product-type-simple"},"_links":{"self":[{"href":"https:\/\/www.multicasa.com.br\/inicio\/wp-json\/wp\/v2\/product\/18211","targetHints":{"allow":["GET"]}}],"collection":[{"href":"https:\/\/www.multicasa.com.br\/inicio\/wp-json\/wp\/v2\/product"}],"about":[{"href":"https:\/\/www.multicasa.com.br\/inicio\/wp-json\/wp\/v2\/types\/product"}],"wp:featuredmedia":[{"embeddable":true,"href":"https:\/\/www.multicasa.com.br\/inicio\/wp-json\/wp\/v2\/media\/18256"}],"wp:attachment":[{"href":"https:\/\/www.multicasa.com.br\/inicio\/wp-json\/wp\/v2\/media?parent=18211"}],"wp:term":[{"taxonomy":"product_brand","embeddable":true,"href":"https:\/\/www.multicasa.com.br\/inicio\/wp-json\/wp\/v2\/product_brand?post=18211"},{"taxonomy":"product_cat","embeddable":true,"href":"https:\/\/www.multicasa.com.br\/inicio\/wp-json\/wp\/v2\/product_cat?post=18211"},{"taxonomy":"product_tag","embeddable":true,"href":"https:\/\/www.multicasa.com.br\/inicio\/wp-json\/wp\/v2\/product_tag?post=18211"}],"curies":[{"name":"wp","href":"https:\/\/api.w.org\/{rel}","templated":true}]}}