{"id":18215,"date":"2025-06-20T19:28:42","date_gmt":"2025-06-20T23:28:42","guid":{"rendered":"https:\/\/www.multicasa.com.br\/inicio\/?post_type=product&#038;p=18215"},"modified":"2025-06-23T10:42:18","modified_gmt":"2025-06-23T14:42:18","slug":"torneira-para-tanque-maquina-de-lavar-cromada-esteves-1-2","status":"publish","type":"product","link":"https:\/\/www.multicasa.com.br\/inicio\/produto\/torneira-para-tanque-maquina-de-lavar-cromada-esteves-1-2\/","title":{"rendered":"Torneira para Tanque\/M\u00e1quina de Lavar Cromada Esteves 1\/2&#8243;"},"content":{"rendered":"<p>A Torneira para Tanque com deriva\u00e7\u00e3o para M\u00e1quina de Lavar 1131 da Esteves, modelo Eco C23, cromada, bitola 1\/2&#8243;. Vem com mecanismo cer\u00e2mico de 1\/4 volta.<\/p>\n","protected":false},"excerpt":{"rendered":"<h4 style=\"margin: 0px;padding: 0px 0px 16px;font-family: Lato, sans-serif;font-weight: bold;line-height: 3rem;color: var(--dark-grey3);font-size: 22px;font-style: normal;letter-spacing: normal;text-align: start;text-indent: 0px;text-transform: none\">Informa\u00e7\u00f5es t\u00e9cnicas<\/h4>\n<p><span style=\"margin: 0px;padding: 0px;font-weight: 450;font-size: 14px;line-height: 21px;color: var(--dark-grey2);font-family: Lato, sans-serif;font-style: normal;letter-spacing: normal;text-align: start;text-indent: 0px;text-transform: none\">Produto: Torneira                                                                                                                                                           Tipo: Tanque\/M\u00e1quina de Lavar<br \/>\nMarca: Esteves                                                                                                                                                                  Modelo: C23<br \/>\nMaterial: Liga de cobre, pl\u00e1stico engenharia, zamac, elast\u00f4meros<br \/>\nAcabamento: Cromado<br \/>\nCaracter\u00edsticas: Mecanismo cer\u00e2mico 1\/4 volta; Bitola 1\/2&#8243;<br \/>\nItens inclusos: 1 Torneira de tanque\/m\u00e1quina de lavar<br \/>\nDimens\u00f5es do produto (A X L X P): 15 x 20 x 5cm<br \/>\nPeso: 0,350kg                                                                                                                                                                   Garantia: 15 anos contra defeito de fabrica\u00e7\u00e3o<\/span><\/p>\n","protected":false},"featured_media":26152,"template":"","meta":{"_joinchat":[]},"product_brand":[],"product_cat":[67],"product_tag":[],"class_list":{"0":"post-18215","1":"product","2":"type-product","3":"status-publish","4":"has-post-thumbnail","6":"product_cat-torneiras-e-cia","8":"first","9":"outofstock","10":"shipping-taxable","11":"product-type-simple"},"_links":{"self":[{"href":"https:\/\/www.multicasa.com.br\/inicio\/wp-json\/wp\/v2\/product\/18215","targetHints":{"allow":["GET"]}}],"collection":[{"href":"https:\/\/www.multicasa.com.br\/inicio\/wp-json\/wp\/v2\/product"}],"about":[{"href":"https:\/\/www.multicasa.com.br\/inicio\/wp-json\/wp\/v2\/types\/product"}],"wp:featuredmedia":[{"embeddable":true,"href":"https:\/\/www.multicasa.com.br\/inicio\/wp-json\/wp\/v2\/media\/26152"}],"wp:attachment":[{"href":"https:\/\/www.multicasa.com.br\/inicio\/wp-json\/wp\/v2\/media?parent=18215"}],"wp:term":[{"taxonomy":"product_brand","embeddable":true,"href":"https:\/\/www.multicasa.com.br\/inicio\/wp-json\/wp\/v2\/product_brand?post=18215"},{"taxonomy":"product_cat","embeddable":true,"href":"https:\/\/www.multicasa.com.br\/inicio\/wp-json\/wp\/v2\/product_cat?post=18215"},{"taxonomy":"product_tag","embeddable":true,"href":"https:\/\/www.multicasa.com.br\/inicio\/wp-json\/wp\/v2\/product_tag?post=18215"}],"curies":[{"name":"wp","href":"https:\/\/api.w.org\/{rel}","templated":true}]}}