{"id":18216,"date":"2025-06-20T19:28:42","date_gmt":"2025-06-20T23:28:42","guid":{"rendered":"https:\/\/www.multicasa.com.br\/inicio\/?post_type=product&#038;p=18216"},"modified":"2026-01-02T09:04:51","modified_gmt":"2026-01-02T13:04:51","slug":"climatizador-ar-cli45-210w-127v-ventisol","status":"publish","type":"product","link":"https:\/\/www.multicasa.com.br\/inicio\/produto\/climatizador-ar-cli45-210w-127v-ventisol\/","title":{"rendered":"Climatizador Ar Cli45 210W 127V Ventisol"},"content":{"rendered":"<p>O climatizador Ventisol CLI45 \u00e9 muito mais econ\u00f4mico que um ar condicionado. E o sistema evaporativo tipo colmeia propicia uma \u00f3tima climatiza\u00e7\u00e3o para cada ambiente. E os 45 litros garantem muito tempo de climatiza\u00e7\u00e3o. Ambiente mais fresco e saud\u00e1vel! Para grandes \u00e1reas que precisem de climatiza\u00e7\u00e3o, o Climatizador Evaporativo Ventisol CLI 45 PRO \u00e9 ideal. Al\u00e9m de umidificar o ar, baixa a temperatura do ambiente e auxilia na prote\u00e7\u00e3o contra mofo e bact\u00e9rias.<\/p>\n","protected":false},"excerpt":{"rendered":"<h4 style=\"margin: 0px; padding: 0px 0px 16px; font-family: Lato, sans-serif; font-weight: bold; line-height: 3rem; color: var(--dark-grey3); font-size: 22px; font-style: normal; letter-spacing: normal; text-align: start; text-indent: 0px; text-transform: none;\">Informa\u00e7\u00f5es t\u00e9cnicas<\/h4>\n<p><span style=\"margin: 0px; padding: 0px; font-weight: 450; font-size: 14px; line-height: 21px; color: var(--dark-grey2); font-family: Lato, sans-serif; font-style: normal; letter-spacing: normal; text-align: start; text-indent: 0px; text-transform: none;\">Produto: CLIMATIZADOR AR CLI45 210W 127V VEN<br \/>\nMarca: Ventisol<br \/>\nMaterial: Pl\u00e1stico<br \/>\nCor: Cinza<br \/>\nCaracter\u00edsticas<br \/>\n\u0095 Produto Certificado<br \/>\nNo INMETRO<br \/>\n\u0095 Econ\u00f4mico:<br \/>\nPossui um consumo de apenas 210W<br \/>\n\u0095 Oscila\u00e7\u00e3o vertical e horizontal:<br \/>\nOscila\u00e7\u00e3o vertical autom\u00e1tica, oscila\u00e7\u00e3o horizontal manual.<br \/>\n\u0095 Reservat\u00f3rio de \u00e1gua:<br \/>\nPode ser conectado direto \u00e0 rede hidr\u00e1ulica para abastecimento autom\u00e1tico de \u00e1gua.<br \/>\n\u0095 F\u00e1cil transporte:<br \/>\nQuatro rodas que facilitam a locomo\u00e7\u00e3o de um ambiente para o outro.<br \/>\n\u0095 Sistema evaporativo tipo Colmeia:<br \/>\nO Sistema evaporativo com trocador de calor torna o ambiente mais fresco.<br \/>\n\u0095 Controle de Velocidade:<br \/>\n3 velocidades de ventila\u00e7\u00e3o.<br \/>\n\u0095 Prote\u00e7\u00e3o para bomba:<br \/>\nDesliga automaticamente a bomba de \u00e1gua em caos de falta de \u00e1gua no reservat\u00f3rio<\/span><\/p>\n<p>Dimens\u00f5es<br \/>\nComprimento: 68.0 cm<br \/>\nLargura: 42.0 cm<br \/>\nAltura: 105.0 cm<\/p>\n","protected":false},"featured_media":24980,"template":"","meta":{"_joinchat":[]},"product_brand":[],"product_cat":[140,171],"product_tag":[],"class_list":{"0":"post-18216","1":"product","2":"type-product","3":"status-publish","4":"has-post-thumbnail","6":"product_cat-climatizador-ar","7":"product_cat-ofertas","9":"first","10":"outofstock","11":"featured","12":"shipping-taxable","13":"purchasable","14":"product-type-simple"},"_links":{"self":[{"href":"https:\/\/www.multicasa.com.br\/inicio\/wp-json\/wp\/v2\/product\/18216","targetHints":{"allow":["GET"]}}],"collection":[{"href":"https:\/\/www.multicasa.com.br\/inicio\/wp-json\/wp\/v2\/product"}],"about":[{"href":"https:\/\/www.multicasa.com.br\/inicio\/wp-json\/wp\/v2\/types\/product"}],"wp:featuredmedia":[{"embeddable":true,"href":"https:\/\/www.multicasa.com.br\/inicio\/wp-json\/wp\/v2\/media\/24980"}],"wp:attachment":[{"href":"https:\/\/www.multicasa.com.br\/inicio\/wp-json\/wp\/v2\/media?parent=18216"}],"wp:term":[{"taxonomy":"product_brand","embeddable":true,"href":"https:\/\/www.multicasa.com.br\/inicio\/wp-json\/wp\/v2\/product_brand?post=18216"},{"taxonomy":"product_cat","embeddable":true,"href":"https:\/\/www.multicasa.com.br\/inicio\/wp-json\/wp\/v2\/product_cat?post=18216"},{"taxonomy":"product_tag","embeddable":true,"href":"https:\/\/www.multicasa.com.br\/inicio\/wp-json\/wp\/v2\/product_tag?post=18216"}],"curies":[{"name":"wp","href":"https:\/\/api.w.org\/{rel}","templated":true}]}}