{"id":18219,"date":"2025-06-20T19:28:42","date_gmt":"2025-06-20T23:28:42","guid":{"rendered":"https:\/\/www.multicasa.com.br\/inicio\/?post_type=product&#038;p=18219"},"modified":"2025-08-17T19:04:08","modified_gmt":"2025-08-17T23:04:08","slug":"rasqueadeira-para-cachorro-cerdas-de-inox-chalesco","status":"publish","type":"product","link":"https:\/\/www.multicasa.com.br\/inicio\/produto\/rasqueadeira-para-cachorro-cerdas-de-inox-chalesco\/","title":{"rendered":"Rasqueadeira para Cachorro Cerdas de Inox Chalesco"},"content":{"rendered":"<p>A Rasqueadeira para Cachorro Chalesco \u00e9 macia e produzida com cerdas em aco inox flex\u00f3veis e cabo de pl\u00e1stico. Remove os pelos mortos e evita emaranhados, real\u00e7a o brilho dos pelos e ativa o couro do animal estimulando o nascimento de fios novos e mais firmes. Tamb\u00e9m evita arranh\u00f5es, desembara\u00e7a, tira res\u00edduos, \u00e9 f\u00e1cil de manusear e pode ser lavada com \u00e1gua e sab\u00e3o.<br \/>\nD\u00ea ao seu dog o cuidado que ele merece!<\/p>\n","protected":false},"excerpt":{"rendered":"<h4 style=\"margin: 0px;padding: 0px 0px 16px;font-family: Lato, sans-serif;font-weight: bold;line-height: 3rem;color: var(--dark-grey3);font-size: 22px;font-style: normal;letter-spacing: normal;text-align: start;text-indent: 0px;text-transform: none\">Informa\u00e7\u00f5es t\u00e9cnicas<\/h4>\n<p><span style=\"margin: 0px;padding: 0px;font-weight: 450;font-size: 14px;line-height: 21px;color: var(--dark-grey2);font-family: Lato, sans-serif;font-style: normal;letter-spacing: normal;text-align: start;text-indent: 0px;text-transform: none\">Produto: Rasqueadeira<br \/>\nMarca: Chalesco<br \/>\nMaterial: Cerdas em A\u00e7o Inox<br \/>\nCabo Pl\u00e1stico<br \/>\nCor: Branco<br \/>\nCaracter\u00edsticas: Real\u00e7a o brilho dos pelos<br \/>\nEstimula o nascimento de novos pelos<br \/>\nPode ser lavada com \u00e1gua e sab\u00e3o<br \/>\nItens Inclusos: 1 rasqueadeira<br \/>\nDimens\u00f5es do produto (A X L): 13,5 x 10cm<br \/>\n<\/span><\/p>\n","protected":false},"featured_media":18266,"template":"","meta":{"_joinchat":[]},"product_brand":[],"product_cat":[154],"product_tag":[],"class_list":{"0":"post-18219","1":"product","2":"type-product","3":"status-publish","4":"has-post-thumbnail","6":"product_cat-pet","8":"first","9":"outofstock","10":"shipping-taxable","11":"purchasable","12":"product-type-simple"},"_links":{"self":[{"href":"https:\/\/www.multicasa.com.br\/inicio\/wp-json\/wp\/v2\/product\/18219","targetHints":{"allow":["GET"]}}],"collection":[{"href":"https:\/\/www.multicasa.com.br\/inicio\/wp-json\/wp\/v2\/product"}],"about":[{"href":"https:\/\/www.multicasa.com.br\/inicio\/wp-json\/wp\/v2\/types\/product"}],"wp:featuredmedia":[{"embeddable":true,"href":"https:\/\/www.multicasa.com.br\/inicio\/wp-json\/wp\/v2\/media\/18266"}],"wp:attachment":[{"href":"https:\/\/www.multicasa.com.br\/inicio\/wp-json\/wp\/v2\/media?parent=18219"}],"wp:term":[{"taxonomy":"product_brand","embeddable":true,"href":"https:\/\/www.multicasa.com.br\/inicio\/wp-json\/wp\/v2\/product_brand?post=18219"},{"taxonomy":"product_cat","embeddable":true,"href":"https:\/\/www.multicasa.com.br\/inicio\/wp-json\/wp\/v2\/product_cat?post=18219"},{"taxonomy":"product_tag","embeddable":true,"href":"https:\/\/www.multicasa.com.br\/inicio\/wp-json\/wp\/v2\/product_tag?post=18219"}],"curies":[{"name":"wp","href":"https:\/\/api.w.org\/{rel}","templated":true}]}}