{"id":18220,"date":"2025-06-20T19:28:42","date_gmt":"2025-06-20T23:28:42","guid":{"rendered":"https:\/\/www.multicasa.com.br\/inicio\/?post_type=product&#038;p=18220"},"modified":"2026-02-06T10:19:06","modified_gmt":"2026-02-06T14:19:06","slug":"climatizador-ar-70l-210w-127v-01-ventisol","status":"publish","type":"product","link":"https:\/\/www.multicasa.com.br\/inicio\/produto\/climatizador-ar-70l-210w-127v-01-ventisol\/","title":{"rendered":"Climatizador Ar 70L 210W 127V 01 Ventisol"},"content":{"rendered":"<p>O climatizador Ventisol CLI70 \u00e9 muito mais econ\u00f4mico que um ar condicionado. E o sistema evaporativo tipo colmeia propicia uma \u00f3tima climatiza\u00e7\u00e3o para cada ambiente. E os 70 litros garantem muito tempo de climatiza\u00e7\u00e3o. Ambiente mais fresco e saud\u00e1vel! Para grandes \u00e1reas que precisem de climatiza\u00e7\u00e3o, o Climatizador Evaporativo Ventisol CLI 70 PRO \u00e9 ideal. Al\u00e9m de umidificar o ar, baixa a temperatura do ambiente e auxilia na prote\u00e7\u00e3o contra mofo e bact\u00e9rias. <\/p>\n","protected":false},"excerpt":{"rendered":"<h4 style=\"margin: 0px;padding: 0px 0px 16px;font-family: Lato, sans-serif;font-weight: bold;line-height: 3rem;color: var(--dark-grey3);font-size: 22px;font-style: normal;letter-spacing: normal;text-align: start;text-indent: 0px;text-transform: none\">Informa\u00e7\u00f5es t\u00e9cnicas<\/h4>\n<p><span style=\"margin: 0px;padding: 0px;font-weight: 450;font-size: 14px;line-height: 21px;color: var(--dark-grey2);font-family: Lato, sans-serif;font-style: normal;letter-spacing: normal;text-align: start;text-indent: 0px;text-transform: none\">&#8220;Produto: CLIMATIZADOR AR 70L 210W 127V 01 VEN<br \/>\nMarca: Ventisol<br \/>\nMaterial: Pl\u00e1stico<br \/>\nCor: Cinza<br \/>\nCaracter\u00edsticas<br \/>\n? Produto Certificado<br \/>\nNo INMETRO<br \/>\n? Econ\u00f4mico:<br \/>\nPossui um consumo de apenas 210W<br \/>\n? Oscila\u00e7\u00e3o vertical e horizontal:<br \/>\nOscila\u00e7\u00e3o vertical autom\u00e1tica, oscila\u00e7\u00e3o horizontal manual.<br \/>\n? Reservat\u00f3rio de \u00e1gua:<br \/>\nPode ser conectado direto \u00e0 rede hidr\u00e1ulica para abastecimento autom\u00e1tico de \u00e1gua.<br \/>\n? F\u00e1cil transporte:<br \/>\nQuatro rodas que facilitam a locomo\u00e7\u00e3o de um ambiente para o outro.<br \/>\n? Sistema evaporativo tipo Colmeia:<br \/>\nO ar \u00e9 sugado por um ventilador interno e passa por um painel evaporativo \u00famido em formato de colmeia onde o ar \u00e9 resfriado, umidificado e filtrado por um processo de lavagem cont\u00ednua. Assim o ar que \u00e9 expelido pelo climatizador j\u00e1 sai mais \u00famido e fresco.<br \/>\n? Controle de Velocidade:<br \/>\n3 velocidades de ventila\u00e7\u00e3o.<br \/>\n? Prote\u00e7\u00e3o para bomba:<br \/>\nDesliga automaticamente a bomba de \u00e1gua em caos de falta de \u00e1gua no reservat\u00f3rio<\/p>\n<p>Dimens\u00f5es<br \/>\nComprimento: 68.0 cm<br \/>\nLargura: 42.0 cm<br \/>\nAltura: 125.0 cm&#8221;<\/span><\/p>\n","protected":false},"featured_media":24978,"template":"","meta":{"_joinchat":[]},"product_brand":[],"product_cat":[140],"product_tag":[],"class_list":{"0":"post-18220","1":"product","2":"type-product","3":"status-publish","4":"has-post-thumbnail","6":"product_cat-climatizador-ar","8":"first","9":"outofstock","10":"shipping-taxable","11":"purchasable","12":"product-type-simple"},"_links":{"self":[{"href":"https:\/\/www.multicasa.com.br\/inicio\/wp-json\/wp\/v2\/product\/18220","targetHints":{"allow":["GET"]}}],"collection":[{"href":"https:\/\/www.multicasa.com.br\/inicio\/wp-json\/wp\/v2\/product"}],"about":[{"href":"https:\/\/www.multicasa.com.br\/inicio\/wp-json\/wp\/v2\/types\/product"}],"wp:featuredmedia":[{"embeddable":true,"href":"https:\/\/www.multicasa.com.br\/inicio\/wp-json\/wp\/v2\/media\/24978"}],"wp:attachment":[{"href":"https:\/\/www.multicasa.com.br\/inicio\/wp-json\/wp\/v2\/media?parent=18220"}],"wp:term":[{"taxonomy":"product_brand","embeddable":true,"href":"https:\/\/www.multicasa.com.br\/inicio\/wp-json\/wp\/v2\/product_brand?post=18220"},{"taxonomy":"product_cat","embeddable":true,"href":"https:\/\/www.multicasa.com.br\/inicio\/wp-json\/wp\/v2\/product_cat?post=18220"},{"taxonomy":"product_tag","embeddable":true,"href":"https:\/\/www.multicasa.com.br\/inicio\/wp-json\/wp\/v2\/product_tag?post=18220"}],"curies":[{"name":"wp","href":"https:\/\/api.w.org\/{rel}","templated":true}]}}