{"id":18221,"date":"2025-06-20T19:28:42","date_gmt":"2025-06-20T23:28:42","guid":{"rendered":"https:\/\/www.multicasa.com.br\/inicio\/?post_type=product&#038;p=18221"},"modified":"2026-03-27T08:50:12","modified_gmt":"2026-03-27T12:50:12","slug":"mini-torno-giratorio-mtx-70mm","status":"publish","type":"product","link":"https:\/\/www.multicasa.com.br\/inicio\/produto\/mini-torno-giratorio-mtx-70mm\/","title":{"rendered":"Mini Torno Girat\u00f3rio MTX 70mm"},"content":{"rendered":"<p>O Mini Torno Girat\u00f3rio de bancada da MTX 70mm \u00e9 equipado com uma ventosa na parte inferior da base, que o permite fixar em qualquer superf\u00edcie lisa. Possui tamb\u00e9m um mecanismo girat\u00f3rio que permite escolher o \u00e2ngulo de inclina\u00e7\u00e3o desejado com amplitude de 360 graus. Possui almofadas de borracha em grampos de trabalho para trabalhar com detalhes de materiais delicados e quebradi\u00e7os, tamb\u00e9m \u00e9 um produto que possui \u00f3timo custo benef\u00edcio.<\/p>\n","protected":false},"excerpt":{"rendered":"<h4 style=\"margin: 0px;padding: 0px 0px 16px;font-family: Lato, sans-serif;font-weight: bold;line-height: 3rem;color: var(--dark-grey3);font-size: 22px;font-style: normal;letter-spacing: normal;text-align: start;text-indent: 0px;text-transform: none\">Informa\u00e7\u00f5es t\u00e9cnicas<\/h4>\n<p><span style=\"margin: 0px;padding: 0px;font-weight: 450;font-size: 14px;line-height: 21px;color: var(--dark-grey2);font-family: Lato, sans-serif;font-style: normal;letter-spacing: normal;text-align: start;text-indent: 0px;text-transform: none\">Produto: Mini torno girat\u00f3rio<br \/>\nMarca: MTX<br \/>\nMaterial: A\u00e7o forjado<br \/>\nCaracter\u00edsticas: vem com base de suc\u00e7\u00e3o e cabe\u00e7a inclin\u00e1vel e girat\u00f3ria de 360\u00b0<br \/>\nDimens\u00f5es do produto em polegadas: 3&#8243;                                                                                                                            Dimens\u00f5es do produto (A x L x C): 9 x 18 x 9cm                                                                                                                 Peso: 1,501kg<\/span><\/p>\n","protected":false},"featured_media":18268,"template":"","meta":{"_joinchat":[]},"product_brand":[],"product_cat":[137],"product_tag":[],"class_list":{"0":"post-18221","1":"product","2":"type-product","3":"status-publish","4":"has-post-thumbnail","6":"product_cat-ferramentas-manuais","8":"first","9":"instock","10":"shipping-taxable","11":"purchasable","12":"product-type-simple"},"_links":{"self":[{"href":"https:\/\/www.multicasa.com.br\/inicio\/wp-json\/wp\/v2\/product\/18221","targetHints":{"allow":["GET"]}}],"collection":[{"href":"https:\/\/www.multicasa.com.br\/inicio\/wp-json\/wp\/v2\/product"}],"about":[{"href":"https:\/\/www.multicasa.com.br\/inicio\/wp-json\/wp\/v2\/types\/product"}],"wp:featuredmedia":[{"embeddable":true,"href":"https:\/\/www.multicasa.com.br\/inicio\/wp-json\/wp\/v2\/media\/18268"}],"wp:attachment":[{"href":"https:\/\/www.multicasa.com.br\/inicio\/wp-json\/wp\/v2\/media?parent=18221"}],"wp:term":[{"taxonomy":"product_brand","embeddable":true,"href":"https:\/\/www.multicasa.com.br\/inicio\/wp-json\/wp\/v2\/product_brand?post=18221"},{"taxonomy":"product_cat","embeddable":true,"href":"https:\/\/www.multicasa.com.br\/inicio\/wp-json\/wp\/v2\/product_cat?post=18221"},{"taxonomy":"product_tag","embeddable":true,"href":"https:\/\/www.multicasa.com.br\/inicio\/wp-json\/wp\/v2\/product_tag?post=18221"}],"curies":[{"name":"wp","href":"https:\/\/api.w.org\/{rel}","templated":true}]}}