{"id":18227,"date":"2025-06-20T19:28:43","date_gmt":"2025-06-20T23:28:43","guid":{"rendered":"https:\/\/www.multicasa.com.br\/inicio\/?post_type=product&#038;p=18227"},"modified":"2025-08-18T01:45:23","modified_gmt":"2025-08-18T05:45:23","slug":"pilha-recarregavel-aaa-duracell-2-unidades","status":"publish","type":"product","link":"https:\/\/www.multicasa.com.br\/inicio\/produto\/pilha-recarregavel-aaa-duracell-2-unidades\/","title":{"rendered":"Pilha Recarreg\u00e1vel AAA Duracell 2 Unidades"},"content":{"rendered":"<p>A Pilha Recarreg\u00e1vel AAA Duracell 2 Unidades de 900mAh \u00e9 ideal para controles de v\u00eddeo game, brinquedos, c\u00e2meras digitais e muitos outros aparelhos. Podem ser recarregadas centenas de vezes em qualquer carregador NiMH. Al\u00e9m de serem pr\u00e9-carregadas na fabrica\u00e7\u00e3o, o que possibilita o uso imediato, elas permanecem carregadas por at\u00e9 12 meses quando n\u00e3o est\u00e3o em uso e t\u00eam dura\u00e7\u00e3o de at\u00e9 10 anos.<\/p>\n","protected":false},"excerpt":{"rendered":"<h4 style=\"margin: 0px;padding: 0px 0px 16px;font-family: Lato, sans-serif;font-weight: bold;line-height: 3rem;color: var(--dark-grey3);font-size: 22px;font-style: normal;letter-spacing: normal;text-align: start;text-indent: 0px;text-transform: none\">Informa\u00e7\u00f5es t\u00e9cnicas<\/h4>\n<p><span style=\"margin: 0px;padding: 0px;font-weight: 450;font-size: 14px;line-height: 21px;color: var(--dark-grey2);font-family: Lato, sans-serif;font-style: normal;letter-spacing: normal;text-align: start;text-indent: 0px;text-transform: none\">Produto: Pilha Recarreg\u00e1vel<br \/>\nMarca: Duracell<br \/>\nTamanho: AAA<br \/>\nAmperagem: 900mAh<br \/>\nItens inclusos: 2 pilhas AAA<br \/>\nPeso: 0,032kg<\/span><\/p>\n","protected":false},"featured_media":18293,"template":"","meta":{"_joinchat":[]},"product_brand":[],"product_cat":[151],"product_tag":[],"class_list":{"0":"post-18227","1":"product","2":"type-product","3":"status-publish","4":"has-post-thumbnail","6":"product_cat-pilhas","8":"first","9":"outofstock","10":"shipping-taxable","11":"purchasable","12":"product-type-simple"},"_links":{"self":[{"href":"https:\/\/www.multicasa.com.br\/inicio\/wp-json\/wp\/v2\/product\/18227","targetHints":{"allow":["GET"]}}],"collection":[{"href":"https:\/\/www.multicasa.com.br\/inicio\/wp-json\/wp\/v2\/product"}],"about":[{"href":"https:\/\/www.multicasa.com.br\/inicio\/wp-json\/wp\/v2\/types\/product"}],"wp:featuredmedia":[{"embeddable":true,"href":"https:\/\/www.multicasa.com.br\/inicio\/wp-json\/wp\/v2\/media\/18293"}],"wp:attachment":[{"href":"https:\/\/www.multicasa.com.br\/inicio\/wp-json\/wp\/v2\/media?parent=18227"}],"wp:term":[{"taxonomy":"product_brand","embeddable":true,"href":"https:\/\/www.multicasa.com.br\/inicio\/wp-json\/wp\/v2\/product_brand?post=18227"},{"taxonomy":"product_cat","embeddable":true,"href":"https:\/\/www.multicasa.com.br\/inicio\/wp-json\/wp\/v2\/product_cat?post=18227"},{"taxonomy":"product_tag","embeddable":true,"href":"https:\/\/www.multicasa.com.br\/inicio\/wp-json\/wp\/v2\/product_tag?post=18227"}],"curies":[{"name":"wp","href":"https:\/\/api.w.org\/{rel}","templated":true}]}}