{"id":18244,"date":"2025-06-20T19:29:04","date_gmt":"2025-06-20T23:29:04","guid":{"rendered":"https:\/\/www.multicasa.com.br\/inicio\/?post_type=product&#038;p=18244"},"modified":"2025-06-20T19:29:59","modified_gmt":"2025-06-20T23:29:59","slug":"organizador-de-sapato-rack-com-regulagem-lola-decor","status":"publish","type":"product","link":"https:\/\/www.multicasa.com.br\/inicio\/produto\/organizador-de-sapato-rack-com-regulagem-lola-decor\/","title":{"rendered":"Organizador de Sapato Rack com Regulagem Lola Decor"},"content":{"rendered":"<p>O Organizador de Sapato Rack Regul\u00e1vel da Lola Decor \u00e9 \u00f3timo para manter seus sapatos organizados, podem ser usados no closet, na sapateira, no arm\u00e1rio, deixando os seus sapatos sempre vis\u00edveis, de f\u00e1cil acesso e limpos, uma vez que n\u00e3o ficar\u00e3o sobrepostos. \u00c9 confeccionado em pl\u00e1stico, f\u00e1cil de limpar e possui regulagem, permitindo assim que seja usado todo tipo de sapatos, desde rasteirinhas at\u00e9 sand\u00e1lias de salto alto com meia pata.<br \/>\nTamb\u00e9m \u00e9 ideal para sapatos masculinos, que merecem toda a aten\u00e7\u00e3o no momento da organiza\u00e7\u00e3o. A sua regulagem inicia em 4cm, podendo chegar em 18cm.<\/p>\n","protected":false},"excerpt":{"rendered":"<h4 style=\"margin: 0px;padding: 0px 0px 16px;font-family: Lato, sans-serif;font-weight: bold;line-height: 3rem;color: var(--dark-grey3);font-size: 22px;font-style: normal;letter-spacing: normal;text-align: start;text-indent: 0px;text-transform: none\">Informa\u00e7\u00f5es t\u00e9cnicas<\/h4>\n<p><span style=\"margin: 0px;padding: 0px;font-weight: 450;font-size: 14px;line-height: 21px;color: var(--dark-grey2);font-family: Lato, sans-serif;font-style: normal;letter-spacing: normal;text-align: start;text-indent: 0px;text-transform: none\">Produto: Organizador de sapato<br \/>\nMarca: Lola Decor<br \/>\nMaterial: Polipropileno<br \/>\nCor: Branco<br \/>\nCaracter\u00edsticas: Transparente<br \/>\nRegul\u00e1vel de 4 a 18cm<br \/>\nItens Inclusos: 1 Organizador de sapato<br \/>\nDimens\u00f5es do produto (A x L x P): 8 x 10 x 25cm<br \/>\n<\/span><\/p>\n","protected":false},"featured_media":18311,"template":"","meta":{"_joinchat":[]},"product_brand":[],"product_cat":[63],"product_tag":[],"class_list":{"0":"post-18244","1":"product","2":"type-product","3":"status-publish","4":"has-post-thumbnail","6":"product_cat-utilidades-do-lar","8":"first","9":"outofstock","10":"shipping-taxable","11":"product-type-simple"},"_links":{"self":[{"href":"https:\/\/www.multicasa.com.br\/inicio\/wp-json\/wp\/v2\/product\/18244","targetHints":{"allow":["GET"]}}],"collection":[{"href":"https:\/\/www.multicasa.com.br\/inicio\/wp-json\/wp\/v2\/product"}],"about":[{"href":"https:\/\/www.multicasa.com.br\/inicio\/wp-json\/wp\/v2\/types\/product"}],"wp:featuredmedia":[{"embeddable":true,"href":"https:\/\/www.multicasa.com.br\/inicio\/wp-json\/wp\/v2\/media\/18311"}],"wp:attachment":[{"href":"https:\/\/www.multicasa.com.br\/inicio\/wp-json\/wp\/v2\/media?parent=18244"}],"wp:term":[{"taxonomy":"product_brand","embeddable":true,"href":"https:\/\/www.multicasa.com.br\/inicio\/wp-json\/wp\/v2\/product_brand?post=18244"},{"taxonomy":"product_cat","embeddable":true,"href":"https:\/\/www.multicasa.com.br\/inicio\/wp-json\/wp\/v2\/product_cat?post=18244"},{"taxonomy":"product_tag","embeddable":true,"href":"https:\/\/www.multicasa.com.br\/inicio\/wp-json\/wp\/v2\/product_tag?post=18244"}],"curies":[{"name":"wp","href":"https:\/\/api.w.org\/{rel}","templated":true}]}}