{"id":18245,"date":"2025-06-20T19:29:04","date_gmt":"2025-06-20T23:29:04","guid":{"rendered":"https:\/\/www.multicasa.com.br\/inicio\/?post_type=product&#038;p=18245"},"modified":"2025-06-23T09:57:55","modified_gmt":"2025-06-23T13:57:55","slug":"carregador-portatil-2-saidas-usb-preto-067-xtr-10000mah","status":"publish","type":"product","link":"https:\/\/www.multicasa.com.br\/inicio\/produto\/carregador-portatil-2-saidas-usb-preto-067-xtr-10000mah\/","title":{"rendered":"Carregador Port\u00e1til 2 Sa\u00eddas USB Preto 067 XTR 10000mAh"},"content":{"rendered":"<p>O Carregador Port\u00e1til Preto XTR 10000mAh \u00e9 ideal para voc\u00ea que precisa estar sempre conectado. \u00c9 feito com material de alta resist\u00eancia, perfeito para ser utilizado em seus equipamentos com seguran\u00e7a e efici\u00eancia, possibilitando a recarga do dispositivo em at\u00e9 4 vezes. Possui 2 sa\u00eddas usb, led de indica\u00e7\u00e3o de carga e bateria de alta densidade.<\/p>\n","protected":false},"excerpt":{"rendered":"<h4 style=\"margin: 0px;padding: 0px 0px 16px;font-family: Lato, sans-serif;font-weight: bold;line-height: 3rem;color: var(--dark-grey3);font-size: 22px;font-style: normal;letter-spacing: normal;text-align: start;text-indent: 0px;text-transform: none\">Informa\u00e7\u00f5es t\u00e9cnicas<\/h4>\n<p><span style=\"margin: 0px;padding: 0px;font-weight: 450;font-size: 14px;line-height: 21px;color: var(--dark-grey2);font-family: Lato, sans-serif;font-style: normal;letter-spacing: normal;text-align: start;text-indent: 0px;text-transform: none\">Produto: Carregador Port\u00e1til<br \/>\nModelo: 067<br \/>\nMarca: XTR<br \/>\nCor: Preto<br \/>\nTens\u00e3o el\u00e9trica: Bivolt<br \/>\nAmperagem: 10000 mah<br \/>\nCaracter\u00edsticas: Carrega at\u00e9 4x os aparelhos<br \/>\nLed de indica\u00e7\u00e3o de carga<br \/>\nPorta de entrada DC: 5v-2.0a<br \/>\n2 portas de sa\u00edda, sendo &#8211; USB DC 5v-2.1a e USB DC 5v-1.0a<br \/>\nBateria de alta densidade.<br \/>\nItens Inclusos: 1 carregador port\u00e1til<br \/>\nDimens\u00f5es do produto (A X L X P): 13,5 x 3 x 9cm<\/span><\/p>\n","protected":false},"featured_media":24902,"template":"","meta":{"_joinchat":[]},"product_brand":[],"product_cat":[63],"product_tag":[],"class_list":{"0":"post-18245","1":"product","2":"type-product","3":"status-publish","4":"has-post-thumbnail","6":"product_cat-utilidades-do-lar","8":"first","9":"outofstock","10":"shipping-taxable","11":"product-type-simple"},"_links":{"self":[{"href":"https:\/\/www.multicasa.com.br\/inicio\/wp-json\/wp\/v2\/product\/18245","targetHints":{"allow":["GET"]}}],"collection":[{"href":"https:\/\/www.multicasa.com.br\/inicio\/wp-json\/wp\/v2\/product"}],"about":[{"href":"https:\/\/www.multicasa.com.br\/inicio\/wp-json\/wp\/v2\/types\/product"}],"wp:featuredmedia":[{"embeddable":true,"href":"https:\/\/www.multicasa.com.br\/inicio\/wp-json\/wp\/v2\/media\/24902"}],"wp:attachment":[{"href":"https:\/\/www.multicasa.com.br\/inicio\/wp-json\/wp\/v2\/media?parent=18245"}],"wp:term":[{"taxonomy":"product_brand","embeddable":true,"href":"https:\/\/www.multicasa.com.br\/inicio\/wp-json\/wp\/v2\/product_brand?post=18245"},{"taxonomy":"product_cat","embeddable":true,"href":"https:\/\/www.multicasa.com.br\/inicio\/wp-json\/wp\/v2\/product_cat?post=18245"},{"taxonomy":"product_tag","embeddable":true,"href":"https:\/\/www.multicasa.com.br\/inicio\/wp-json\/wp\/v2\/product_tag?post=18245"}],"curies":[{"name":"wp","href":"https:\/\/api.w.org\/{rel}","templated":true}]}}