{"id":18246,"date":"2025-06-20T19:29:05","date_gmt":"2025-06-20T23:29:05","guid":{"rendered":"https:\/\/www.multicasa.com.br\/inicio\/?post_type=product&#038;p=18246"},"modified":"2025-06-20T19:30:02","modified_gmt":"2025-06-20T23:30:02","slug":"alcool-gel-antisseptico-bio-brasil-500ml","status":"publish","type":"product","link":"https:\/\/www.multicasa.com.br\/inicio\/produto\/alcool-gel-antisseptico-bio-brasil-500ml\/","title":{"rendered":"\u00c1lcool Gel Antiss\u00e9ptico Bio Brasil 500ml"},"content":{"rendered":"<p>Use o \u00c1lcool em Gel Bio Brasil para higienizar suas m\u00e3os com praticidade e efici\u00eancia. Por n\u00e3o n\u00e3o deixar cheiro nas m\u00e3os, pode ser usado para limpar embalagens de comida e antes das refei\u00e7\u00f5es. Ideal para evitar contamina\u00e7\u00e3o por bact\u00e9rias e contato com microorganismos. Sem enx\u00e1gue, dispensa o uso de toalha e \u00e1gua. Aten\u00e7\u00e3o: mantenha fora do alcance de crian\u00e7as e animais dom\u00e9sticos; n\u00e3o ingira; produto inflam\u00e1vel; manter longe do fogo e do calor e n\u00e3o perfurar a tampa. Possui \u00e1lcool et\u00edlico hidratado 70\u00b0INPM em embalagem recil\u00e1vel.<\/p>\n","protected":false},"excerpt":{"rendered":"<h4 style=\"margin: 0px;padding: 0px 0px 16px;font-family: Lato, sans-serif;font-weight: bold;line-height: 3rem;color: var(--dark-grey3);font-size: 22px;font-style: normal;letter-spacing: normal;text-align: start;text-indent: 0px;text-transform: none\">Informa\u00e7\u00f5es t\u00e9cnicas<\/h4>\n<p><span style=\"margin: 0px;padding: 0px;font-weight: 450;font-size: 14px;line-height: 21px;color: var(--dark-grey2);font-family: Lato, sans-serif;font-style: normal;letter-spacing: normal;text-align: start;text-indent: 0px;text-transform: none\">Produto: \u00c1lcool Gel Antiss\u00e9ptico<br \/>\nMarca: Bio Brasil<br \/>\nMaterial: Embalagem Recicl\u00e1vel<br \/>\nVolume: 500ml<br \/>\nComposi\u00e7\u00e3o: Cont\u00e9m \u00e1lcool et\u00edlico 70\u00b0INPM, alcohol, aqua, hydroxyethylcellulose, glycerin, parfum.<br \/>\nCaracter\u00edsticas: N\u00e3o deixa res\u00edduos de fragr\u00e2ncia<br \/>\nSem enx\u00e1gue<br \/>\nItens Inclusos: 1 \u00c1lcool gel<br \/>\nDimens\u00f5es do produto (A X L): 16,6cm x 8,3cm<\/span><\/p>\n","protected":false},"featured_media":18314,"template":"","meta":{"_joinchat":[]},"product_brand":[],"product_cat":[101],"product_tag":[],"class_list":{"0":"post-18246","1":"product","2":"type-product","3":"status-publish","4":"has-post-thumbnail","6":"product_cat-cuidados-pessoais","8":"first","9":"outofstock","10":"shipping-taxable","11":"product-type-simple"},"_links":{"self":[{"href":"https:\/\/www.multicasa.com.br\/inicio\/wp-json\/wp\/v2\/product\/18246","targetHints":{"allow":["GET"]}}],"collection":[{"href":"https:\/\/www.multicasa.com.br\/inicio\/wp-json\/wp\/v2\/product"}],"about":[{"href":"https:\/\/www.multicasa.com.br\/inicio\/wp-json\/wp\/v2\/types\/product"}],"wp:featuredmedia":[{"embeddable":true,"href":"https:\/\/www.multicasa.com.br\/inicio\/wp-json\/wp\/v2\/media\/18314"}],"wp:attachment":[{"href":"https:\/\/www.multicasa.com.br\/inicio\/wp-json\/wp\/v2\/media?parent=18246"}],"wp:term":[{"taxonomy":"product_brand","embeddable":true,"href":"https:\/\/www.multicasa.com.br\/inicio\/wp-json\/wp\/v2\/product_brand?post=18246"},{"taxonomy":"product_cat","embeddable":true,"href":"https:\/\/www.multicasa.com.br\/inicio\/wp-json\/wp\/v2\/product_cat?post=18246"},{"taxonomy":"product_tag","embeddable":true,"href":"https:\/\/www.multicasa.com.br\/inicio\/wp-json\/wp\/v2\/product_tag?post=18246"}],"curies":[{"name":"wp","href":"https:\/\/api.w.org\/{rel}","templated":true}]}}