{"id":18248,"date":"2025-06-20T19:29:05","date_gmt":"2025-06-20T23:29:05","guid":{"rendered":"https:\/\/www.multicasa.com.br\/inicio\/?post_type=product&#038;p=18248"},"modified":"2025-08-17T19:04:41","modified_gmt":"2025-08-17T23:04:41","slug":"limpador-de-uso-geral-spray-liso-clean-300ml","status":"publish","type":"product","link":"https:\/\/www.multicasa.com.br\/inicio\/produto\/limpador-de-uso-geral-spray-liso-clean-300ml\/","title":{"rendered":"Limpador de Uso Geral Spray Liso Clean 300ml"},"content":{"rendered":"<p>Use o Limpador de Uso Geral Liso Clean na higieniza\u00e7\u00e3o da casa. Pode ser aplicado logo ap\u00f3s a limpeza dos ambientes em locais pr\u00f3ximos \u00e0s lixeiras, m\u00e1quina de lavar, tanque, pias e balc\u00f5es e antes ou depois da utiliza\u00e7\u00e3o dos espa\u00e7os. Para usar, posicione o tubo na vertical a uma dist\u00e2ncia de 15 a 20cm do foco e jamais vaporize sobre roupas ou alimentos.<\/p>\n","protected":false},"excerpt":{"rendered":"<h4 style=\"margin: 0px;padding: 0px 0px 16px;font-family: Lato, sans-serif;font-weight: bold;line-height: 3rem;color: var(--dark-grey3);font-size: 22px;font-style: normal;letter-spacing: normal;text-align: start;text-indent: 0px;text-transform: none\">Informa\u00e7\u00f5es t\u00e9cnicas<\/h4>\n<p><span style=\"margin: 0px;padding: 0px;font-weight: 450;font-size: 14px;line-height: 21px;color: var(--dark-grey2);font-family: Lato, sans-serif;font-style: normal;letter-spacing: normal;text-align: start;text-indent: 0px;text-transform: none\">Produto: Limpador de Uso Geral<br \/>\nMarca: Liso Clean<br \/>\nConte\u00fado: 300ml<br \/>\nCaracter\u00edstica: Limpador de Uso Geral<br \/>\nIdeal para completar a higieniza\u00e7\u00e3o de \u00e1reas como lixeiras, m\u00e1quina de lavar, tanque, pias e balc\u00f5es<br \/>\nItens Inclusos: 1 Limpador de Uso Geral<br \/>\nDimens\u00f5es do produto (A x L x P): 24,3cm x 5,2cm<br \/>\nPeso: 180g<br \/>\n<\/span><\/p>\n","protected":false},"featured_media":18317,"template":"","meta":{"_joinchat":[]},"product_brand":[],"product_cat":[96],"product_tag":[],"class_list":{"0":"post-18248","1":"product","2":"type-product","3":"status-publish","4":"has-post-thumbnail","6":"product_cat-limpeza-e-cia","8":"first","9":"outofstock","10":"shipping-taxable","11":"purchasable","12":"product-type-simple"},"_links":{"self":[{"href":"https:\/\/www.multicasa.com.br\/inicio\/wp-json\/wp\/v2\/product\/18248","targetHints":{"allow":["GET"]}}],"collection":[{"href":"https:\/\/www.multicasa.com.br\/inicio\/wp-json\/wp\/v2\/product"}],"about":[{"href":"https:\/\/www.multicasa.com.br\/inicio\/wp-json\/wp\/v2\/types\/product"}],"wp:featuredmedia":[{"embeddable":true,"href":"https:\/\/www.multicasa.com.br\/inicio\/wp-json\/wp\/v2\/media\/18317"}],"wp:attachment":[{"href":"https:\/\/www.multicasa.com.br\/inicio\/wp-json\/wp\/v2\/media?parent=18248"}],"wp:term":[{"taxonomy":"product_brand","embeddable":true,"href":"https:\/\/www.multicasa.com.br\/inicio\/wp-json\/wp\/v2\/product_brand?post=18248"},{"taxonomy":"product_cat","embeddable":true,"href":"https:\/\/www.multicasa.com.br\/inicio\/wp-json\/wp\/v2\/product_cat?post=18248"},{"taxonomy":"product_tag","embeddable":true,"href":"https:\/\/www.multicasa.com.br\/inicio\/wp-json\/wp\/v2\/product_tag?post=18248"}],"curies":[{"name":"wp","href":"https:\/\/api.w.org\/{rel}","templated":true}]}}