{"id":18251,"date":"2025-06-20T19:29:05","date_gmt":"2025-06-20T23:29:05","guid":{"rendered":"https:\/\/www.multicasa.com.br\/inicio\/?post_type=product&#038;p=18251"},"modified":"2025-06-20T19:30:11","modified_gmt":"2025-06-20T23:30:11","slug":"aspirador-de-po-portatil-para-carros-multilaser-60w-12v","status":"publish","type":"product","link":"https:\/\/www.multicasa.com.br\/inicio\/produto\/aspirador-de-po-portatil-para-carros-multilaser-60w-12v\/","title":{"rendered":"Aspirador de P\u00f3 Port\u00e1til para Carros Multilaser 60w &#8211; 12v"},"content":{"rendered":"<p>D\u00ea um toque especial \u00e0 limpeza do seu autom\u00f3vel usando o aspirador de p\u00f3 port\u00e1til para Carros da Multilaser. F\u00e1cil de usar, tem tens\u00e3o el\u00e9trica de 12v e pot\u00eancia econ\u00f4mica de 60w, conta com l\u00e2mpadas de led para limpeza de lugares pouco iluminados e fun\u00e7\u00e3o de suc\u00e7\u00e3o para aspirar l\u00edquidos e s\u00f3lidos. O aspirador para carros modelo AU607 da Multilaser conta com al\u00e7a para transporte, bot\u00e3o liga e desliga, mangueira flex\u00edvel de 11 polegadas, ponteira fina e ponteira larga com escova. Dispon\u00edvel na cor preta e vermelha, \u00e9 a solu\u00e7\u00e3o que voc\u00ea buscava para manter seu carro limpinho e aconchegante.<\/p>\n","protected":false},"excerpt":{"rendered":"<h4 style=\"margin: 0px;padding: 0px 0px 16px;font-family: Lato, sans-serif;font-weight: bold;line-height: 3rem;color: var(--dark-grey3);font-size: 22px;font-style: normal;letter-spacing: normal;text-align: start;text-indent: 0px;text-transform: none\">Informa\u00e7\u00f5es t\u00e9cnicas<\/h4>\n<p><span style=\"margin: 0px;padding: 0px;font-weight: 450;font-size: 14px;line-height: 21px;color: var(--dark-grey2);font-family: Lato, sans-serif;font-style: normal;letter-spacing: normal;text-align: start;text-indent: 0px;text-transform: none\">Produto: Aspirador de p\u00f3 port\u00e1til<br \/>\nMarca: Black + Decker<br \/>\nModelo: AU607<br \/>\nCor: Preto, Vermelho<br \/>\nPot\u00eancia: 60w<br \/>\nTens\u00e3o el\u00e9trica: 12v<br \/>\nCaracter\u00edsticas: Possui lamp\u00e2da led<br \/>\nSuc\u00e7\u00e3o para objetos s\u00f3lidos e l\u00edquidos<br \/>\nPossui al\u00e7a para transporte<br \/>\nMangueira com 27,8cm<br \/>\nQuantidade de Pe\u00e7as: 5<br \/>\nItens Inclusos: 1 Aspirador de p\u00f3<br \/>\n1 Guia r\u00e1pido<br \/>\n1 mangueira flex\u00edvel de 11?<br \/>\n1 Ponteira fina<br \/>\n1 Ponteira larga com escova<br \/>\nDimens\u00f5es do produto (A X L X P): 27 x 9,1 x 12,8cm<br \/>\n<\/span><\/p>\n","protected":false},"featured_media":18320,"template":"","meta":{"_joinchat":[]},"product_brand":[],"product_cat":[96],"product_tag":[],"class_list":{"0":"post-18251","1":"product","2":"type-product","3":"status-publish","4":"has-post-thumbnail","6":"product_cat-limpeza-e-cia","8":"first","9":"outofstock","10":"shipping-taxable","11":"product-type-simple"},"_links":{"self":[{"href":"https:\/\/www.multicasa.com.br\/inicio\/wp-json\/wp\/v2\/product\/18251","targetHints":{"allow":["GET"]}}],"collection":[{"href":"https:\/\/www.multicasa.com.br\/inicio\/wp-json\/wp\/v2\/product"}],"about":[{"href":"https:\/\/www.multicasa.com.br\/inicio\/wp-json\/wp\/v2\/types\/product"}],"wp:featuredmedia":[{"embeddable":true,"href":"https:\/\/www.multicasa.com.br\/inicio\/wp-json\/wp\/v2\/media\/18320"}],"wp:attachment":[{"href":"https:\/\/www.multicasa.com.br\/inicio\/wp-json\/wp\/v2\/media?parent=18251"}],"wp:term":[{"taxonomy":"product_brand","embeddable":true,"href":"https:\/\/www.multicasa.com.br\/inicio\/wp-json\/wp\/v2\/product_brand?post=18251"},{"taxonomy":"product_cat","embeddable":true,"href":"https:\/\/www.multicasa.com.br\/inicio\/wp-json\/wp\/v2\/product_cat?post=18251"},{"taxonomy":"product_tag","embeddable":true,"href":"https:\/\/www.multicasa.com.br\/inicio\/wp-json\/wp\/v2\/product_tag?post=18251"}],"curies":[{"name":"wp","href":"https:\/\/api.w.org\/{rel}","templated":true}]}}