{"id":18275,"date":"2025-06-20T19:29:29","date_gmt":"2025-06-20T23:29:29","guid":{"rendered":"https:\/\/www.multicasa.com.br\/inicio\/?post_type=product&#038;p=18275"},"modified":"2026-04-09T16:30:13","modified_gmt":"2026-04-09T20:30:13","slug":"veda-frestas-escova-auto-adesivo-cinza-betters-7mmx5m","status":"publish","type":"product","link":"https:\/\/www.multicasa.com.br\/inicio\/produto\/veda-frestas-escova-auto-adesivo-cinza-betters-7mmx5m\/","title":{"rendered":"Veda Frestas Escova Auto Adesivo Cinza Betters 7mmx5m"},"content":{"rendered":"<p>O Veda Frestas Escova Betters \u00e9 um vedante de escova a prova de \u00e1gua e auto adesivo projetado para realizar veda\u00e7\u00f5es de frestas em batentes de portas, janelas, esquadrias, arm\u00e1rios, entre outros, com rapidez e praticidade. O veda frestas proporciona diversos benef\u00edcios como prote\u00e7\u00e3o contra a entrada de vento, poeira, insetos, umidade, luminosidade, \u00e1gua e prote\u00e7\u00e3o ac\u00fastica. Ideal para todos os tipos de aplica\u00e7\u00e3o, pode ser fracionado de acordo com a necessidade, podendo ser instalado por qualquer pessoa, sem a necessidade de ferramentas ou acess\u00f3rios. \u00c9 discreto na cor preto e possui comprimento de 5 metros.<\/p>\n","protected":false},"excerpt":{"rendered":"<h4 style=\"margin: 0px;padding: 0px 0px 16px;font-family: Lato, sans-serif;font-weight: bold;line-height: 3rem;color: var(--dark-grey3);font-size: 22px;font-style: normal;letter-spacing: normal;text-align: start;text-indent: 0px;text-transform: none\">Informa\u00e7\u00f5es t\u00e9cnicas<\/h4>\n<p><span style=\"margin: 0px;padding: 0px;font-weight: 450;font-size: 14px;line-height: 21px;color: var(--dark-grey2);font-family: Lato, sans-serif;font-style: normal;letter-spacing: normal;text-align: start;text-indent: 0px;text-transform: none\">Produto: Veda Frestas<br \/>\nMarca: Betters<br \/>\nMaterial: Escova sint\u00e9tica<br \/>\nSilicone<br \/>\nCor: Cinza<br \/>\nCaracter\u00edsticas: \u00c0 prova d?\u00e1gua<br \/>\nQualquer tipo de porta ou janela<br \/>\nPara frestas de 3 a 10mm<br \/>\nAjuste m\u00e1ximo de corte<br \/>\nAuto adesivo<br \/>\nItens inclusos: 1 Veda Frestas<br \/>\nDimens\u00f5es do produto (A X L X C): 5mm x 7mm x 5m<br \/>\n<\/span><\/p>\n","protected":false},"featured_media":26261,"template":"","meta":{"_joinchat":[]},"product_brand":[],"product_cat":[141],"product_tag":[],"class_list":{"0":"post-18275","1":"product","2":"type-product","3":"status-publish","4":"has-post-thumbnail","6":"product_cat-marcenaria","8":"first","9":"instock","10":"shipping-taxable","11":"purchasable","12":"product-type-simple"},"_links":{"self":[{"href":"https:\/\/www.multicasa.com.br\/inicio\/wp-json\/wp\/v2\/product\/18275","targetHints":{"allow":["GET"]}}],"collection":[{"href":"https:\/\/www.multicasa.com.br\/inicio\/wp-json\/wp\/v2\/product"}],"about":[{"href":"https:\/\/www.multicasa.com.br\/inicio\/wp-json\/wp\/v2\/types\/product"}],"wp:featuredmedia":[{"embeddable":true,"href":"https:\/\/www.multicasa.com.br\/inicio\/wp-json\/wp\/v2\/media\/26261"}],"wp:attachment":[{"href":"https:\/\/www.multicasa.com.br\/inicio\/wp-json\/wp\/v2\/media?parent=18275"}],"wp:term":[{"taxonomy":"product_brand","embeddable":true,"href":"https:\/\/www.multicasa.com.br\/inicio\/wp-json\/wp\/v2\/product_brand?post=18275"},{"taxonomy":"product_cat","embeddable":true,"href":"https:\/\/www.multicasa.com.br\/inicio\/wp-json\/wp\/v2\/product_cat?post=18275"},{"taxonomy":"product_tag","embeddable":true,"href":"https:\/\/www.multicasa.com.br\/inicio\/wp-json\/wp\/v2\/product_tag?post=18275"}],"curies":[{"name":"wp","href":"https:\/\/api.w.org\/{rel}","templated":true}]}}