{"id":18282,"date":"2025-06-20T19:29:30","date_gmt":"2025-06-20T23:29:30","guid":{"rendered":"https:\/\/www.multicasa.com.br\/inicio\/?post_type=product&#038;p=18282"},"modified":"2026-02-10T14:30:40","modified_gmt":"2026-02-10T18:30:40","slug":"mop-spray-com-reservatorio-flashlimp-400ml","status":"publish","type":"product","link":"https:\/\/www.multicasa.com.br\/inicio\/produto\/mop-spray-com-reservatorio-flashlimp-400ml\/","title":{"rendered":"Mop Spray com Reservat\u00f3rio Flashlimp 400ml"},"content":{"rendered":"<p>Ideal para substituir a vassoura, rodo, pano de ch\u00e3o e balde, o Mop Spray com Reservat\u00f3rio da Flashlimp possui capacidade para at\u00e9 400ml de produto e \u00e1gua e pode ser usado em pequenas limpezas r\u00e1pidas da rotina. Direcione o jato no local desejado pressionando o gatilho presente no cabo. Sua inclina\u00e7\u00e3o chega a 180 graus e seu giro a 360, alcan\u00e7ando os lugares mais dif\u00edceis com efici\u00eancia. Seus fios em microfibra evitam que o p\u00f3 se espalhe e seu uso \u00e9 indicado para pisos sint\u00e9ticos, frios ou madeira. Seu reservat\u00f3rio, com capacidade para at\u00e9 400ml. Dispon\u00edvel na cor cinza com verde.<\/p>\n","protected":false},"excerpt":{"rendered":"<h4 style=\"margin: 0px;padding: 0px 0px 16px;font-family: Lato, sans-serif;font-weight: bold;line-height: 3rem;color: var(--dark-grey3);font-size: 22px;font-style: normal;letter-spacing: normal;text-align: start;text-indent: 0px;text-transform: none\">Informa\u00e7\u00f5es t\u00e9cnicas<\/h4>\n<p><span style=\"margin: 0px;padding: 0px;font-weight: 450;font-size: 14px;line-height: 21px;color: var(--dark-grey2);font-family: Lato, sans-serif;font-style: normal;letter-spacing: normal;text-align: start;text-indent: 0px;text-transform: none\">Produto: Mop Spray<br \/>\nMarca: Flashlimp<br \/>\nMaterial: Microfibra<br \/>\nA\u00e7o Inox<br \/>\nABS<br \/>\nPolipropileno<br \/>\nCor: Verde e Cinza<br \/>\nCapacidade: 400ml<br \/>\nCaracter\u00edsticas: Fixa\u00e7\u00e3o de Refil atrav\u00e9s de velcro<br \/>\nInclina\u00e7\u00e3o do cabo 180 a 360\u00b0<br \/>\nAcionamento do spray pela alavanca<br \/>\nItens Inclusos: 1 mop<br \/>\nDimens\u00f5es do produto (A x L x P): Completo &#8211; 1,29m x 40 x 15cm<br \/>\nDesmontado &#8211; 64 x 40 x 15cm<br \/>\nRefil &#8211; 1 x 40 x 15cm<br \/>\nReservat\u00f3rio &#8211; 24 x 10 x 6cm<br \/>\n<\/span><\/p>\n","protected":false},"featured_media":25609,"template":"","meta":{"_joinchat":[]},"product_brand":[],"product_cat":[96],"product_tag":[],"class_list":{"0":"post-18282","1":"product","2":"type-product","3":"status-publish","4":"has-post-thumbnail","6":"product_cat-limpeza-e-cia","8":"first","9":"instock","10":"shipping-taxable","11":"purchasable","12":"product-type-simple"},"_links":{"self":[{"href":"https:\/\/www.multicasa.com.br\/inicio\/wp-json\/wp\/v2\/product\/18282","targetHints":{"allow":["GET"]}}],"collection":[{"href":"https:\/\/www.multicasa.com.br\/inicio\/wp-json\/wp\/v2\/product"}],"about":[{"href":"https:\/\/www.multicasa.com.br\/inicio\/wp-json\/wp\/v2\/types\/product"}],"wp:featuredmedia":[{"embeddable":true,"href":"https:\/\/www.multicasa.com.br\/inicio\/wp-json\/wp\/v2\/media\/25609"}],"wp:attachment":[{"href":"https:\/\/www.multicasa.com.br\/inicio\/wp-json\/wp\/v2\/media?parent=18282"}],"wp:term":[{"taxonomy":"product_brand","embeddable":true,"href":"https:\/\/www.multicasa.com.br\/inicio\/wp-json\/wp\/v2\/product_brand?post=18282"},{"taxonomy":"product_cat","embeddable":true,"href":"https:\/\/www.multicasa.com.br\/inicio\/wp-json\/wp\/v2\/product_cat?post=18282"},{"taxonomy":"product_tag","embeddable":true,"href":"https:\/\/www.multicasa.com.br\/inicio\/wp-json\/wp\/v2\/product_tag?post=18282"}],"curies":[{"name":"wp","href":"https:\/\/api.w.org\/{rel}","templated":true}]}}