{"id":18308,"date":"2025-06-20T19:29:55","date_gmt":"2025-06-20T23:29:55","guid":{"rendered":"https:\/\/www.multicasa.com.br\/inicio\/?post_type=product&#038;p=18308"},"modified":"2025-06-20T19:31:15","modified_gmt":"2025-06-20T23:31:15","slug":"marca-texto-em-gel-amarelo-kaz","status":"publish","type":"product","link":"https:\/\/www.multicasa.com.br\/inicio\/produto\/marca-texto-em-gel-amarelo-kaz\/","title":{"rendered":"Marca Texto em Gel Amarelo Kaz"},"content":{"rendered":"<p>O Pincel Marca Texto da Kaz n\u00e3o resseca e n\u00e3o borra o verso da folha. Seu corpo \u00e9 de resina pl\u00e1stica e sua ponta \u00e9 em gel e retr\u00e1til, diferenciando dos outros tipos de marca texto comuns. \u00c9 at\u00f3xico, vem na cor amarelo vibrante.<\/p>\n","protected":false},"excerpt":{"rendered":"<h4 style=\"margin: 0px;padding: 0px 0px 16px;font-family: Lato, sans-serif;font-weight: bold;line-height: 3rem;color: var(--dark-grey3);font-size: 22px;font-style: normal;letter-spacing: normal;text-align: start;text-indent: 0px;text-transform: none\">Informa\u00e7\u00f5es t\u00e9cnicas<\/h4>\n<p><span style=\"margin: 0px;padding: 0px;font-weight: 450;font-size: 14px;line-height: 21px;color: var(--dark-grey2);font-family: Lato, sans-serif;font-style: normal;letter-spacing: normal;text-align: start;text-indent: 0px;text-transform: none\">Produto: Pincel Marca Texto Gel<br \/>\nMarca: Kaz<br \/>\nMaterial: Corpo em resina termopl\u00e1stica e tinta \u00e1 base de \u00e1gua, corantes, solventes, glicerina e pigmentos<br \/>\nCor: Amarelo<br \/>\nCaracter\u00edsticas: N\u00e3o resseca; n\u00e3o borra o verso; retr\u00e1til, at\u00f3xico                                                                                          Cuidados: Armazenar em lugar seco e sem umidade. N\u00e3o recomend\u00e1vel para crian\u00e7as de at\u00e9 03 (Tr\u00eas) anos, por conter parte(s) pequena(s) que pode(m) ser engolidas ou aspiradas.<br \/>\nItens Inclusos: 1 pincel marca texto gel<br \/>\nDimens\u00f5es do produto (A x L x P): 13,2 x 1,3 x 1,7 cm<br \/>\nOCP: 0133<\/span><\/p>\n","protected":false},"featured_media":18394,"template":"","meta":{"_joinchat":[]},"product_brand":[],"product_cat":[97],"product_tag":[],"class_list":{"0":"post-18308","1":"product","2":"type-product","3":"status-publish","4":"has-post-thumbnail","6":"product_cat-papelaria","8":"first","9":"outofstock","10":"shipping-taxable","11":"product-type-simple"},"_links":{"self":[{"href":"https:\/\/www.multicasa.com.br\/inicio\/wp-json\/wp\/v2\/product\/18308","targetHints":{"allow":["GET"]}}],"collection":[{"href":"https:\/\/www.multicasa.com.br\/inicio\/wp-json\/wp\/v2\/product"}],"about":[{"href":"https:\/\/www.multicasa.com.br\/inicio\/wp-json\/wp\/v2\/types\/product"}],"wp:featuredmedia":[{"embeddable":true,"href":"https:\/\/www.multicasa.com.br\/inicio\/wp-json\/wp\/v2\/media\/18394"}],"wp:attachment":[{"href":"https:\/\/www.multicasa.com.br\/inicio\/wp-json\/wp\/v2\/media?parent=18308"}],"wp:term":[{"taxonomy":"product_brand","embeddable":true,"href":"https:\/\/www.multicasa.com.br\/inicio\/wp-json\/wp\/v2\/product_brand?post=18308"},{"taxonomy":"product_cat","embeddable":true,"href":"https:\/\/www.multicasa.com.br\/inicio\/wp-json\/wp\/v2\/product_cat?post=18308"},{"taxonomy":"product_tag","embeddable":true,"href":"https:\/\/www.multicasa.com.br\/inicio\/wp-json\/wp\/v2\/product_tag?post=18308"}],"curies":[{"name":"wp","href":"https:\/\/api.w.org\/{rel}","templated":true}]}}