{"id":18332,"date":"2025-06-20T19:30:24","date_gmt":"2025-06-20T23:30:24","guid":{"rendered":"https:\/\/www.multicasa.com.br\/inicio\/?post_type=product&#038;p=18332"},"modified":"2025-06-20T19:31:19","modified_gmt":"2025-06-20T23:31:19","slug":"marca-texto-verde-kaz","status":"publish","type":"product","link":"https:\/\/www.multicasa.com.br\/inicio\/produto\/marca-texto-verde-kaz\/","title":{"rendered":"Marca Texto Verde Kaz"},"content":{"rendered":"<p>A Caneta Marca Texto da Kaz foi feita para marcar e ressaltar textos. Tem seu corpo de resina termopl\u00e1stica e sua ponta \u00e9 de fibra, chanfrada que destaca com tra\u00e7o grosso ou sublinhar com tra\u00e7o fino. Vem na cor verde fluorescente.<\/p>\n","protected":false},"excerpt":{"rendered":"<h4 style=\"margin: 0px;padding: 0px 0px 16px;font-family: Lato, sans-serif;font-weight: bold;line-height: 3rem;color: var(--dark-grey3);font-size: 22px;font-style: normal;letter-spacing: normal;text-align: start;text-indent: 0px;text-transform: none\">Informa\u00e7\u00f5es t\u00e9cnicas<\/h4>\n<p><span style=\"margin: 0px;padding: 0px;font-weight: 450;font-size: 14px;line-height: 21px;color: var(--dark-grey2);font-family: Lato, sans-serif;font-style: normal;letter-spacing: normal;text-align: start;text-indent: 0px;text-transform: none\">Produto: Caneta Marca Texto<br \/>\nMarca: Kaz<br \/>\nMaterial: Corpo em resina termopl\u00e1stica, ponta de fibra e tinta \u00e0 base de glicol, \u00e1gua e corantes<br \/>\nCor: Verde Fluorescente<br \/>\nCaracter\u00edsticas: Pincel para marcar e ressaltar textos. Ponta chanfrada que destacacom tra\u00e7o grosso ou sublinhar com tra\u00e7o fino.                                                                                                                                                                     Cuidados: Armazenar em lugar seco e sem umidade. N\u00e3o recomend\u00e1vel para crian\u00e7as de at\u00e9 03 (Tr\u00eas) anos, por conter parte(s) pequena(s) que pode(m) ser engolidas ou aspiradas.<br \/>\nItens Inclusos: 1 caneta marca texto<br \/>\nDimens\u00f5es do produto (A x L x P): 13,8 x 1,3 x 1,8cm<br \/>\nOCP: 0133<\/span><\/p>\n","protected":false},"featured_media":18397,"template":"","meta":{"_joinchat":[]},"product_brand":[],"product_cat":[97],"product_tag":[],"class_list":{"0":"post-18332","1":"product","2":"type-product","3":"status-publish","4":"has-post-thumbnail","6":"product_cat-papelaria","8":"first","9":"outofstock","10":"shipping-taxable","11":"product-type-simple"},"_links":{"self":[{"href":"https:\/\/www.multicasa.com.br\/inicio\/wp-json\/wp\/v2\/product\/18332","targetHints":{"allow":["GET"]}}],"collection":[{"href":"https:\/\/www.multicasa.com.br\/inicio\/wp-json\/wp\/v2\/product"}],"about":[{"href":"https:\/\/www.multicasa.com.br\/inicio\/wp-json\/wp\/v2\/types\/product"}],"wp:featuredmedia":[{"embeddable":true,"href":"https:\/\/www.multicasa.com.br\/inicio\/wp-json\/wp\/v2\/media\/18397"}],"wp:attachment":[{"href":"https:\/\/www.multicasa.com.br\/inicio\/wp-json\/wp\/v2\/media?parent=18332"}],"wp:term":[{"taxonomy":"product_brand","embeddable":true,"href":"https:\/\/www.multicasa.com.br\/inicio\/wp-json\/wp\/v2\/product_brand?post=18332"},{"taxonomy":"product_cat","embeddable":true,"href":"https:\/\/www.multicasa.com.br\/inicio\/wp-json\/wp\/v2\/product_cat?post=18332"},{"taxonomy":"product_tag","embeddable":true,"href":"https:\/\/www.multicasa.com.br\/inicio\/wp-json\/wp\/v2\/product_tag?post=18332"}],"curies":[{"name":"wp","href":"https:\/\/api.w.org\/{rel}","templated":true}]}}