{"id":18333,"date":"2025-06-20T19:30:25","date_gmt":"2025-06-20T23:30:25","guid":{"rendered":"https:\/\/www.multicasa.com.br\/inicio\/?post_type=product&#038;p=18333"},"modified":"2025-06-20T19:31:20","modified_gmt":"2025-06-20T23:31:20","slug":"marcador-de-pagina-neon-5-cores-kaz","status":"publish","type":"product","link":"https:\/\/www.multicasa.com.br\/inicio\/produto\/marcador-de-pagina-neon-5-cores-kaz\/","title":{"rendered":"Marcador de P\u00e1gina Neon 5 Cores Kaz"},"content":{"rendered":"<p>O Marcador de P\u00e1gina colorido da Kaz vem com 5 blocos de cores neon, com 25 folhas cada. O marcador de p\u00e1gina \u00e9 adesivo, s\u00e3o reposicion\u00e1veis e n\u00e3o danifica o papel.<\/p>\n","protected":false},"excerpt":{"rendered":"<h4 style=\"margin: 0px;padding: 0px 0px 16px;font-family: Lato, sans-serif;font-weight: bold;line-height: 3rem;color: var(--dark-grey3);font-size: 22px;font-style: normal;letter-spacing: normal;text-align: start;text-indent: 0px;text-transform: none\">Informa\u00e7\u00f5es t\u00e9cnicas<\/h4>\n<p><span style=\"margin: 0px;padding: 0px;font-weight: 450;font-size: 14px;line-height: 21px;color: var(--dark-grey2);font-family: Lato, sans-serif;font-style: normal;letter-spacing: normal;text-align: start;text-indent: 0px;text-transform: none\">Produto: Marcador de p\u00e1gina<br \/>\nMarca: Kaz<br \/>\nMaterial: Papel e adesivo acr\u00edlico<br \/>\nCor: Colorido<br \/>\nCapacidade: Cont\u00e9m 5 blocos com 25 unidades cada.<br \/>\nCaracter\u00edsticas: Marcador de p\u00e1ginas adesivo, reposicion\u00e1veis, n\u00e3o danifica o papel, cores neon.<br \/>\nItens Inclusos: 5 blocos de marcador de p\u00e1gina<br \/>\nDimens\u00f5es do produto (A x L ): 9,4 x 9,5 cm<\/span><\/p>\n","protected":false},"featured_media":18398,"template":"","meta":{"_joinchat":[]},"product_brand":[],"product_cat":[97],"product_tag":[],"class_list":{"0":"post-18333","1":"product","2":"type-product","3":"status-publish","4":"has-post-thumbnail","6":"product_cat-papelaria","8":"first","9":"outofstock","10":"shipping-taxable","11":"product-type-simple"},"_links":{"self":[{"href":"https:\/\/www.multicasa.com.br\/inicio\/wp-json\/wp\/v2\/product\/18333","targetHints":{"allow":["GET"]}}],"collection":[{"href":"https:\/\/www.multicasa.com.br\/inicio\/wp-json\/wp\/v2\/product"}],"about":[{"href":"https:\/\/www.multicasa.com.br\/inicio\/wp-json\/wp\/v2\/types\/product"}],"wp:featuredmedia":[{"embeddable":true,"href":"https:\/\/www.multicasa.com.br\/inicio\/wp-json\/wp\/v2\/media\/18398"}],"wp:attachment":[{"href":"https:\/\/www.multicasa.com.br\/inicio\/wp-json\/wp\/v2\/media?parent=18333"}],"wp:term":[{"taxonomy":"product_brand","embeddable":true,"href":"https:\/\/www.multicasa.com.br\/inicio\/wp-json\/wp\/v2\/product_brand?post=18333"},{"taxonomy":"product_cat","embeddable":true,"href":"https:\/\/www.multicasa.com.br\/inicio\/wp-json\/wp\/v2\/product_cat?post=18333"},{"taxonomy":"product_tag","embeddable":true,"href":"https:\/\/www.multicasa.com.br\/inicio\/wp-json\/wp\/v2\/product_tag?post=18333"}],"curies":[{"name":"wp","href":"https:\/\/api.w.org\/{rel}","templated":true}]}}